{"id":2339,"date":"2022-12-02T11:31:07","date_gmt":"2022-12-02T10:31:07","guid":{"rendered":"https:\/\/thermostar.ch\/neuheiten\/"},"modified":"2025-12-04T13:03:18","modified_gmt":"2025-12-04T12:03:18","slug":"nouveautes","status":"publish","type":"page","link":"https:\/\/thermostar.ch\/fr\/thermostar\/nouveautes\/","title":{"rendered":"Nouveaut\u00e9s"},"content":{"rendered":"<div class=\"acf-fc-column acf-fc-column-1\">\n<h1 style=\"text-align: center;\">Nos nouveaut\u00e9s produits<\/h1>\n<\/p><\/div>\n<div class=\"acf-fc-column acf-fc-column-1\">\n<p style=\"text-align: center;\">Nous cherchons constamment \u00e0 nous am\u00e9liorer. Et c\u2019est pourquoi nous sommes constamment \u00e0 la recherche de compl\u00e9ments parfaits pour le nettoyage vert avec le syst\u00e8me de vapeur s\u00e8che Thermostar. Nous avons toujours les plus hautes exigences en mati\u00e8re de qualit\u00e9, de finition et de durabilit\u00e9 des produits. Notre gamme contient seulement des inventions de premi\u00e8re qualit\u00e9, sans aucun additif chimique. D\u00e9couvrez ici les nouveaut\u00e9s qui vous permettront d\u2019am\u00e9liorer encore l\u2019exp\u00e9rience de nettoyage avec le Thermostar. N\u2019h\u00e9sitez pas \u00e0 contacter votre conseiller Thermostar\u00a0!<\/p>\n<p>&nbsp;<\/p>\n<p style=\"text-align: center;\"><a class=\"button\" href=\"https:\/\/thermostar.ch\/fr\/distributeurs\/\">Thermostar distributeurs<\/a><\/p>\n<\/p><\/div>\n<div class=\"acf-fc-column acf-fc-column-1\">\n<p><a href=\"https:\/\/thermostar.ch\/wp-content\/uploads\/2022\/12\/Desinfektion_HS_Blaster.jpg\"><img loading=\"lazy\" decoding=\"async\" class=\"alignright wp-image-836 size-content_square_xlarge\" src=\"https:\/\/thermostar.ch\/wp-content\/uploads\/2022\/12\/Desinfektion_HS_Blaster-400x400.jpg\" alt=\"HB Solution, d\u00e9sinfection s\u00fbre \u00e0 base naturelle, vaporisateur HS Blaster\" width=\"400\" height=\"400\" srcset=\"https:\/\/thermostar.ch\/wp-content\/uploads\/2022\/12\/Desinfektion_HS_Blaster-400x400.jpg 400w, https:\/\/thermostar.ch\/wp-content\/uploads\/2022\/12\/Desinfektion_HS_Blaster-150x150.jpg 150w, https:\/\/thermostar.ch\/wp-content\/uploads\/2022\/12\/Desinfektion_HS_Blaster-32x32.jpg 32w, https:\/\/thermostar.ch\/wp-content\/uploads\/2022\/12\/Desinfektion_HS_Blaster-180x180.jpg 180w, https:\/\/thermostar.ch\/wp-content\/uploads\/2022\/12\/Desinfektion_HS_Blaster-192x192.jpg 192w, https:\/\/thermostar.ch\/wp-content\/uploads\/2022\/12\/Desinfektion_HS_Blaster-270x270.jpg 270w, https:\/\/thermostar.ch\/wp-content\/uploads\/2022\/12\/Desinfektion_HS_Blaster-512x512.jpg 512w, https:\/\/thermostar.ch\/wp-content\/uploads\/2022\/12\/Desinfektion_HS_Blaster-100x100.jpg 100w, https:\/\/thermostar.ch\/wp-content\/uploads\/2022\/12\/Desinfektion_HS_Blaster-200x200.jpg 200w, https:\/\/thermostar.ch\/wp-content\/uploads\/2022\/12\/Desinfektion_HS_Blaster-250x250.jpg 250w, https:\/\/thermostar.ch\/wp-content\/uploads\/2022\/12\/Desinfektion_HS_Blaster-300x300.jpg 300w, https:\/\/thermostar.ch\/wp-content\/uploads\/2022\/12\/Desinfektion_HS_Blaster-350x350.jpg 350w, https:\/\/thermostar.ch\/wp-content\/uploads\/2022\/12\/Desinfektion_HS_Blaster-1200x1200.jpg 1200w, https:\/\/thermostar.ch\/wp-content\/uploads\/2022\/12\/Desinfektion_HS_Blaster-900x900.jpg 900w, https:\/\/thermostar.ch\/wp-content\/uploads\/2022\/12\/Desinfektion_HS_Blaster-699x699.jpg 699w, https:\/\/thermostar.ch\/wp-content\/uploads\/2022\/12\/Desinfektion_HS_Blaster-640x640.jpg 640w, https:\/\/thermostar.ch\/wp-content\/uploads\/2022\/12\/Desinfektion_HS_Blaster-1280x1278.jpg 1280w, https:\/\/thermostar.ch\/wp-content\/uploads\/2022\/12\/Desinfektion_HS_Blaster-480x480.jpg 480w, https:\/\/thermostar.ch\/wp-content\/uploads\/2022\/12\/Desinfektion_HS_Blaster-960x960.jpg 960w, https:\/\/thermostar.ch\/wp-content\/uploads\/2022\/12\/Desinfektion_HS_Blaster-380x380.jpg 380w, https:\/\/thermostar.ch\/wp-content\/uploads\/2022\/12\/Desinfektion_HS_Blaster-780x780.jpg 780w, https:\/\/thermostar.ch\/wp-content\/uploads\/2022\/12\/Desinfektion_HS_Blaster-320x320.jpg 320w, https:\/\/thermostar.ch\/wp-content\/uploads\/2022\/12\/Desinfektion_HS_Blaster-280x280.jpg 280w, https:\/\/thermostar.ch\/wp-content\/uploads\/2022\/12\/Desinfektion_HS_Blaster-560x560.jpg 560w, https:\/\/thermostar.ch\/wp-content\/uploads\/2022\/12\/Desinfektion_HS_Blaster-240x240.jpg 240w, https:\/\/thermostar.ch\/wp-content\/uploads\/2022\/12\/Desinfektion_HS_Blaster-940x940.jpg 940w, https:\/\/thermostar.ch\/wp-content\/uploads\/2022\/12\/Desinfektion_HS_Blaster-360x360.jpg 360w, https:\/\/thermostar.ch\/wp-content\/uploads\/2022\/12\/Desinfektion_HS_Blaster-700x700.jpg 700w, https:\/\/thermostar.ch\/wp-content\/uploads\/2022\/12\/Desinfektion_HS_Blaster-600x600.jpg 600w, https:\/\/thermostar.ch\/wp-content\/uploads\/2022\/12\/Desinfektion_HS_Blaster-460x460.jpg 460w, https:\/\/thermostar.ch\/wp-content\/uploads\/2022\/12\/Desinfektion_HS_Blaster-466x466.jpg 466w, https:\/\/thermostar.ch\/wp-content\/uploads\/2022\/12\/Desinfektion_HS_Blaster-932x932.jpg 932w, https:\/\/thermostar.ch\/wp-content\/uploads\/2022\/12\/Desinfektion_HS_Blaster-500x500.jpg 500w, https:\/\/thermostar.ch\/wp-content\/uploads\/2022\/12\/Desinfektion_HS_Blaster-412x412.jpg 412w\" sizes=\"auto, (max-width: 400px) 100vw, 400px\" data-fancybox-title=\"Desinfektion HB Solution\" data-fancybox-alt=\"Thermostar Desinfektion mit HB Solution, einfach und sicher\" data-fancybox-caption=\"Thermostar Handels-GmbH \nAuen-S\u00fcduferstra\u00dfe 67\n9220 Velden\" \/><\/a><\/p>\n<\/p><\/div>\n<div class=\"acf-fc-column acf-fc-column-2\">\n<h2 class=\"h3\" style=\"text-align: left;\">Solution HB<\/h2>\n<p class=\"h6\" style=\"text-align: left;\">Une propret\u00e9 parfaite et naturelle<\/p>\n<p>La propagation des bact\u00e9ries et des virus augmente fortement \u00e0 l\u2019\u00e9chelle mondiale en raison de l\u2019interconnexion globale. Le nettoyage est devenu depuis longtemps bien plus que simplement \u00e9liminer la poussi\u00e8re et la salet\u00e9\u00a0!<br \/>\nLa solution HB est notre solution pour une hygi\u00e8ne parfaite \u00e0 la maison et en entreprise. Gr\u00e2ce au nettoyage en profondeur \u00e0 la micro-vapeur s\u00e8che, les surfaces sont nettoy\u00e9es et pr\u00e9par\u00e9es de mani\u00e8re optimale. Avec le HS Blaster sp\u00e9cialement d\u00e9velopp\u00e9, votre nettoyeur \u00e0 vapeur se transforme en un tour de main en un n\u00e9buliseur hygi\u00e9nique qui utilise de mani\u00e8re optimale la haute pression de la vapeur.<br \/>\nLa solution HB ne contient pas d\u2019ingr\u00e9dients dangereux pour l\u2019homme ou l\u2019animal, ne contient pas d\u2019additifs ni d\u2019allerg\u00e8nes et est donc totalement inoffensif d\u2019un point de vue biologique et toxicologique.<\/p>\n<\/p><\/div>\n<div class=\"acf-fc-column acf-fc-column-1\">\n<h2 class=\"h3\" style=\"text-align: right;\">PRO Seal<\/h2>\n<p class=\"h6\" style=\"text-align: right;\">Protection parfaite contre l\u2019adh\u00e9rence de la salet\u00e9<\/p>\n<p style=\"text-align: right;\">Vous connaissez certainement cette situation\u00a0: d\u00e8s que vous avez fini de nettoyer votre int\u00e9rieur, vous retrouvez d\u00e9j\u00e0 de la poussi\u00e8re, des stries, du calcaire ou des r\u00e9sidus de graisse dans certaines zones. Vous vous \u00eates r\u00e9sign\u00e9(e), mais ce n\u2019est pas une fatalit\u00e9\u00a0!<br \/>\nAvec notre nouvelle protection de surface r\u00e9volutionnaire PRO Seal, votre appartement aura l\u2019air fra\u00eechement nettoy\u00e9 pendant des jours. Et le meilleur dans tout \u00e7a\u00a0: avec une utilisation r\u00e9guli\u00e8re, le prochain nettoyage sera un jeu d\u2019enfant\u00a0! Et comme vous en avez l\u2019habitude chez nous, PRO Seal fonctionne compl\u00e8tement sans aucun additif chimique toxique\u00a0!<br \/>\nPRO Seal est la protection de surface id\u00e9ale pour toutes les surfaces. Il affine la surface en profondeur et efficacement avec du silicium naturel et respectueux de l\u2019environnement et emp\u00eache de mani\u00e8re significative la salet\u00e9 et les impuret\u00e9s de se fixer \u00e0 nouveau.<\/p>\n<\/p><\/div>\n<div class=\"acf-fc-column acf-fc-column-2\">\n<p><a href=\"https:\/\/thermostar.ch\/wp-content\/uploads\/2022\/12\/DSC3453.jpg\"><img loading=\"lazy\" decoding=\"async\" class=\"alignleft wp-image-835 size-content_square_xlarge\" src=\"https:\/\/thermostar.ch\/wp-content\/uploads\/2022\/12\/DSC3453-400x400.jpg\" alt=\"PRO Seal, protection parfaite contre l'adh\u00e9rence de la salet\u00e9\" width=\"400\" height=\"400\" srcset=\"https:\/\/thermostar.ch\/wp-content\/uploads\/2022\/12\/DSC3453-400x400.jpg 400w, https:\/\/thermostar.ch\/wp-content\/uploads\/2022\/12\/DSC3453-150x150.jpg 150w, https:\/\/thermostar.ch\/wp-content\/uploads\/2022\/12\/DSC3453-32x32.jpg 32w, https:\/\/thermostar.ch\/wp-content\/uploads\/2022\/12\/DSC3453-180x180.jpg 180w, https:\/\/thermostar.ch\/wp-content\/uploads\/2022\/12\/DSC3453-192x192.jpg 192w, https:\/\/thermostar.ch\/wp-content\/uploads\/2022\/12\/DSC3453-270x270.jpg 270w, https:\/\/thermostar.ch\/wp-content\/uploads\/2022\/12\/DSC3453-512x512.jpg 512w, https:\/\/thermostar.ch\/wp-content\/uploads\/2022\/12\/DSC3453-100x100.jpg 100w, https:\/\/thermostar.ch\/wp-content\/uploads\/2022\/12\/DSC3453-200x200.jpg 200w, https:\/\/thermostar.ch\/wp-content\/uploads\/2022\/12\/DSC3453-250x250.jpg 250w, https:\/\/thermostar.ch\/wp-content\/uploads\/2022\/12\/DSC3453-300x300.jpg 300w, https:\/\/thermostar.ch\/wp-content\/uploads\/2022\/12\/DSC3453-350x350.jpg 350w, https:\/\/thermostar.ch\/wp-content\/uploads\/2022\/12\/DSC3453-1200x1200.jpg 1200w, https:\/\/thermostar.ch\/wp-content\/uploads\/2022\/12\/DSC3453-900x900.jpg 900w, https:\/\/thermostar.ch\/wp-content\/uploads\/2022\/12\/DSC3453-699x699.jpg 699w, https:\/\/thermostar.ch\/wp-content\/uploads\/2022\/12\/DSC3453-640x640.jpg 640w, https:\/\/thermostar.ch\/wp-content\/uploads\/2022\/12\/DSC3453-1280x1280.jpg 1280w, https:\/\/thermostar.ch\/wp-content\/uploads\/2022\/12\/DSC3453-480x480.jpg 480w, https:\/\/thermostar.ch\/wp-content\/uploads\/2022\/12\/DSC3453-960x960.jpg 960w, https:\/\/thermostar.ch\/wp-content\/uploads\/2022\/12\/DSC3453-380x380.jpg 380w, https:\/\/thermostar.ch\/wp-content\/uploads\/2022\/12\/DSC3453-780x780.jpg 780w, https:\/\/thermostar.ch\/wp-content\/uploads\/2022\/12\/DSC3453-320x320.jpg 320w, https:\/\/thermostar.ch\/wp-content\/uploads\/2022\/12\/DSC3453-280x280.jpg 280w, https:\/\/thermostar.ch\/wp-content\/uploads\/2022\/12\/DSC3453-560x560.jpg 560w, https:\/\/thermostar.ch\/wp-content\/uploads\/2022\/12\/DSC3453-240x240.jpg 240w, https:\/\/thermostar.ch\/wp-content\/uploads\/2022\/12\/DSC3453-940x940.jpg 940w, https:\/\/thermostar.ch\/wp-content\/uploads\/2022\/12\/DSC3453-360x360.jpg 360w, https:\/\/thermostar.ch\/wp-content\/uploads\/2022\/12\/DSC3453-700x700.jpg 700w, https:\/\/thermostar.ch\/wp-content\/uploads\/2022\/12\/DSC3453-600x600.jpg 600w, https:\/\/thermostar.ch\/wp-content\/uploads\/2022\/12\/DSC3453-460x460.jpg 460w, https:\/\/thermostar.ch\/wp-content\/uploads\/2022\/12\/DSC3453-466x466.jpg 466w, https:\/\/thermostar.ch\/wp-content\/uploads\/2022\/12\/DSC3453-932x932.jpg 932w, https:\/\/thermostar.ch\/wp-content\/uploads\/2022\/12\/DSC3453-500x500.jpg 500w, https:\/\/thermostar.ch\/wp-content\/uploads\/2022\/12\/DSC3453-412x412.jpg 412w\" sizes=\"auto, (max-width: 400px) 100vw, 400px\" data-fancybox-title=\"Veredelung PRO Seal\" data-fancybox-alt=\"Thermostar PRO Seal, Veredelung der Oberfl\u00e4chen mit Silizium\" data-fancybox-caption=\"\" \/><\/a><\/p>\n<\/p><\/div>\n<div class=\"acf-fc-column acf-fc-column-1\">\n<p style=\"text-align: right;\"><a href=\"https:\/\/thermostar.ch\/wp-content\/uploads\/2022\/12\/Vorteile.jpg\"><img loading=\"lazy\" decoding=\"async\" class=\"alignright wp-image-837 size-content_square_xlarge\" src=\"https:\/\/thermostar.ch\/wp-content\/uploads\/2022\/12\/Vorteile-400x400.jpg\" alt=\"Wipe&amp;Clean, chiffons microfibres 2 en 1 avec mol\u00e9cules de cuivre\" width=\"400\" height=\"400\" srcset=\"https:\/\/thermostar.ch\/wp-content\/uploads\/2022\/12\/Vorteile-400x400.jpg 400w, https:\/\/thermostar.ch\/wp-content\/uploads\/2022\/12\/Vorteile-150x150.jpg 150w, https:\/\/thermostar.ch\/wp-content\/uploads\/2022\/12\/Vorteile-32x32.jpg 32w, https:\/\/thermostar.ch\/wp-content\/uploads\/2022\/12\/Vorteile-180x180.jpg 180w, https:\/\/thermostar.ch\/wp-content\/uploads\/2022\/12\/Vorteile-192x192.jpg 192w, https:\/\/thermostar.ch\/wp-content\/uploads\/2022\/12\/Vorteile-270x270.jpg 270w, https:\/\/thermostar.ch\/wp-content\/uploads\/2022\/12\/Vorteile-100x100.jpg 100w, https:\/\/thermostar.ch\/wp-content\/uploads\/2022\/12\/Vorteile-200x200.jpg 200w, https:\/\/thermostar.ch\/wp-content\/uploads\/2022\/12\/Vorteile-250x250.jpg 250w, https:\/\/thermostar.ch\/wp-content\/uploads\/2022\/12\/Vorteile-300x300.jpg 300w, https:\/\/thermostar.ch\/wp-content\/uploads\/2022\/12\/Vorteile-350x350.jpg 350w, https:\/\/thermostar.ch\/wp-content\/uploads\/2022\/12\/Vorteile-380x380.jpg 380w, https:\/\/thermostar.ch\/wp-content\/uploads\/2022\/12\/Vorteile-320x320.jpg 320w, https:\/\/thermostar.ch\/wp-content\/uploads\/2022\/12\/Vorteile-280x280.jpg 280w, https:\/\/thermostar.ch\/wp-content\/uploads\/2022\/12\/Vorteile-240x240.jpg 240w, https:\/\/thermostar.ch\/wp-content\/uploads\/2022\/12\/Vorteile-360x360.jpg 360w, https:\/\/thermostar.ch\/wp-content\/uploads\/2022\/12\/Vorteile-460x460.jpg 460w, https:\/\/thermostar.ch\/wp-content\/uploads\/2022\/12\/Vorteile-412x412.jpg 412w\" sizes=\"auto, (max-width: 400px) 100vw, 400px\" data-fancybox-title=\"Wipe and Clean\" data-fancybox-alt=\"Thermostar Mikrofasertuch Wipe and Clean mit Kupferpigmenten\" data-fancybox-caption=\"\" \/><\/a><\/p>\n<\/p><\/div>\n<div class=\"acf-fc-column acf-fc-column-2\">\n<h2 class=\"h3\" style=\"text-align: left;\">Wipe&amp;Clean<\/h2>\n<p class=\"h6\" style=\"text-align: left;\">Chiffons en microfibre 2\u00a0en\u00a01 avec mol\u00e9cules de cuivre<\/p>\n<p>Notre technologie unique de micro-vapeur s\u00e8che s\u2019allie \u00e0 des chiffons de nettoyage innovants en microfibre. Les chiffons Wipe&amp;Clean sont enrichis de minuscules pigments de cuivre selon un proc\u00e9d\u00e9 brevet\u00e9. Combin\u00e9s avec de la vapeur ou de l\u2019eau, les pigments de cuivre incorpor\u00e9s lib\u00e8rent des ions et les bact\u00e9ries et les virus absorb\u00e9s sont inactiv\u00e9s.<br \/>\nAinsi, vous augmentez encore la capacit\u00e9 de nettoyage de la micro-vapeur s\u00e8che\u00a0: les chiffons Wipe&amp;Clean dissolvent non seulement la salet\u00e9, mais ils \u00e9liminent jusqu\u2019\u00e0 99,9\u00a0% des bact\u00e9ries et des virus\u00a0! Par rapport aux chiffons traditionnels, le risque d\u2019infection, la propagation des germes et surtout la formation d\u2019odeurs d\u00e9sagr\u00e9ables sont ainsi consid\u00e9rablement r\u00e9duits.<\/p>\n<\/p><\/div>\n<div class=\"acf-fc-column acf-fc-column-1\">\n<h2 class=\"h3\" style=\"text-align: right;\">Molecular Cleaner<\/h2>\n<p class=\"h6\" style=\"text-align: right;\">La force naturelle des enzymes<\/p>\n<p style=\"text-align: right;\">Molecular Cleaner est un nettoyant enzymatique efficace et biod\u00e9gradable. Gr\u00e2ce \u00e0 la microfission, les salissures organiques sont \u00e9limin\u00e9es rapidement et efficacement. Il n&#8217;y a pratiquement pas de r\u00e9sidus sous forme de tensioactifs ou de d\u00e9p\u00f4ts similaires. La solution est en principe utilisable sur toutes les surfaces insensibles \u00e0 l&#8217;eau et est chimiquement inoffensive. L\u00e0 o\u00f9 la vapeur s\u00e8che seule ne suffit plus, Molecular Cleaner est la solution id\u00e9ale.<br \/>\nLes enzymes sont des composants de tout \u00eatre vivant. Molecular Cleaner utilise des enzymes pour d\u00e9composer les graisses, les prot\u00e9ines et l&#8217;amidon, ce qui le rend parfaitement adapt\u00e9 \u00e0 l&#8217;\u00e9limination d&#8217;un grand nombre de salissures organiques.<\/p>\n<\/p><\/div>\n<div class=\"acf-fc-column acf-fc-column-2\">\n<p><a href=\"https:\/\/thermostar.ch\/wp-content\/uploads\/2024\/05\/MolecularCleaner-Label.jpg\"><img loading=\"lazy\" decoding=\"async\" class=\"alignleft wp-image-3176 size-content_square_xlarge\" src=\"https:\/\/thermostar.ch\/wp-content\/uploads\/2024\/05\/MolecularCleaner-Label-400x400.jpg\" alt=\"Molecular Cleaner, nettoyage en profondeur gr\u00e2ce \u00e0 la force naturelle des enzymes\" width=\"400\" height=\"400\" srcset=\"https:\/\/thermostar.ch\/wp-content\/uploads\/2024\/05\/MolecularCleaner-Label-400x400.jpg 400w, https:\/\/thermostar.ch\/wp-content\/uploads\/2024\/05\/MolecularCleaner-Label-150x150.jpg 150w, https:\/\/thermostar.ch\/wp-content\/uploads\/2024\/05\/MolecularCleaner-Label-32x32.jpg 32w, https:\/\/thermostar.ch\/wp-content\/uploads\/2024\/05\/MolecularCleaner-Label-180x180.jpg 180w, https:\/\/thermostar.ch\/wp-content\/uploads\/2024\/05\/MolecularCleaner-Label-192x192.jpg 192w, https:\/\/thermostar.ch\/wp-content\/uploads\/2024\/05\/MolecularCleaner-Label-270x270.jpg 270w, https:\/\/thermostar.ch\/wp-content\/uploads\/2024\/05\/MolecularCleaner-Label-512x512.jpg 512w, https:\/\/thermostar.ch\/wp-content\/uploads\/2024\/05\/MolecularCleaner-Label-100x100.jpg 100w, https:\/\/thermostar.ch\/wp-content\/uploads\/2024\/05\/MolecularCleaner-Label-200x200.jpg 200w, https:\/\/thermostar.ch\/wp-content\/uploads\/2024\/05\/MolecularCleaner-Label-250x250.jpg 250w, https:\/\/thermostar.ch\/wp-content\/uploads\/2024\/05\/MolecularCleaner-Label-300x300.jpg 300w, https:\/\/thermostar.ch\/wp-content\/uploads\/2024\/05\/MolecularCleaner-Label-350x350.jpg 350w, https:\/\/thermostar.ch\/wp-content\/uploads\/2024\/05\/MolecularCleaner-Label-900x900.jpg 900w, https:\/\/thermostar.ch\/wp-content\/uploads\/2024\/05\/MolecularCleaner-Label-699x699.jpg 699w, https:\/\/thermostar.ch\/wp-content\/uploads\/2024\/05\/MolecularCleaner-Label-640x640.jpg 640w, https:\/\/thermostar.ch\/wp-content\/uploads\/2024\/05\/MolecularCleaner-Label-480x480.jpg 480w, https:\/\/thermostar.ch\/wp-content\/uploads\/2024\/05\/MolecularCleaner-Label-960x960.jpg 960w, https:\/\/thermostar.ch\/wp-content\/uploads\/2024\/05\/MolecularCleaner-Label-380x380.jpg 380w, https:\/\/thermostar.ch\/wp-content\/uploads\/2024\/05\/MolecularCleaner-Label-780x780.jpg 780w, https:\/\/thermostar.ch\/wp-content\/uploads\/2024\/05\/MolecularCleaner-Label-320x320.jpg 320w, https:\/\/thermostar.ch\/wp-content\/uploads\/2024\/05\/MolecularCleaner-Label-280x280.jpg 280w, https:\/\/thermostar.ch\/wp-content\/uploads\/2024\/05\/MolecularCleaner-Label-560x560.jpg 560w, https:\/\/thermostar.ch\/wp-content\/uploads\/2024\/05\/MolecularCleaner-Label-240x240.jpg 240w, https:\/\/thermostar.ch\/wp-content\/uploads\/2024\/05\/MolecularCleaner-Label-940x940.jpg 940w, https:\/\/thermostar.ch\/wp-content\/uploads\/2024\/05\/MolecularCleaner-Label-360x360.jpg 360w, https:\/\/thermostar.ch\/wp-content\/uploads\/2024\/05\/MolecularCleaner-Label-700x700.jpg 700w, https:\/\/thermostar.ch\/wp-content\/uploads\/2024\/05\/MolecularCleaner-Label-600x600.jpg 600w, https:\/\/thermostar.ch\/wp-content\/uploads\/2024\/05\/MolecularCleaner-Label-460x460.jpg 460w, https:\/\/thermostar.ch\/wp-content\/uploads\/2024\/05\/MolecularCleaner-Label-466x466.jpg 466w, https:\/\/thermostar.ch\/wp-content\/uploads\/2024\/05\/MolecularCleaner-Label-932x932.jpg 932w, https:\/\/thermostar.ch\/wp-content\/uploads\/2024\/05\/MolecularCleaner-Label-500x500.jpg 500w, https:\/\/thermostar.ch\/wp-content\/uploads\/2024\/05\/MolecularCleaner-Label-412x412.jpg 412w\" sizes=\"auto, (max-width: 400px) 100vw, 400px\" data-fancybox-title=\"MolecularCleaner Label\" data-fancybox-alt=\"Molecular Cleaner - Tiefenreinigung durch die nat\u00fcrliche Kraft von Enzymen\" data-fancybox-caption=\"\" \/><\/a><a href=\"https:\/\/thermostar.ch\/wp-content\/uploads\/2024\/05\/Bild1.jpg\"><br \/>\n<\/a><\/p>\n<\/p><\/div>\n<div class=\"acf-fc-column acf-fc-column-1\">\n<h3 class=\"h2\" style=\"text-align: center;\">Hygi\u00e8ne, mais correctement &#8211;<\/h3>\n<h2 style=\"text-align: center;\">avec HB Solution !<\/h2>\n<\/p><\/div>\n<div class=\"acf-fc-column acf-fc-column-1\">\n<p style=\"text-align: center;\">Il n&#8217;est pas n\u00e9cessaire &#8211; voire m\u00eame contre-productif &#8211; de lutter contre toutes sortes de bact\u00e9ries, virus ou autres germes \u00e0 l&#8217;aide de massues chimiques, surtout dans le domaine priv\u00e9. Trop souvent, un nettoyage excessif avec des produits toxiques entra\u00eene de graves probl\u00e8mes de sant\u00e9, notamment au niveau des voies respiratoires ou de la peau. De plus, diverses allergies apparaissent, surtout chez les enfants, et enfin, l&#8217;utilisation inconsid\u00e9r\u00e9e de produits chimiques peut m\u00eame entra\u00eener la formation de germes multir\u00e9sistants qui peuvent nuire durablement \u00e0 votre sant\u00e9.<\/p>\n<p style=\"text-align: center;\">Que pouvons-nous donc faire pour garder notre maison hygi\u00e9niquement propre ? Pour les zones sensibles comme les matelas, la cuisine ou les toilettes, ou lorsque la saison annuelle de la grippe frappe dans votre maison, nous recommandons notre hygi\u00e9nisation syst\u00e9mique : nettoyez d&#8217;abord les pores en profondeur avec de la micro-vapeur s\u00e8che. Plus une surface est d\u00e9barrass\u00e9e de la salet\u00e9, plus la hygi\u00e9nisation est efficace. Gr\u00e2ce \u00e0 la nature unique de HB Solution et \u00e0 un syst\u00e8me sp\u00e9cial de n\u00e9bulisation \u00e0 chaud dans le HS Blaster, le m\u00e9lange est dos\u00e9 avec pr\u00e9cision de mani\u00e8re \u00e0 conserver l&#8217;int\u00e9gralit\u00e9 de l&#8217;effet, tout en pulv\u00e9risant et en vaporisant la vapeur de mani\u00e8re optimale.<\/p>\n<\/p><\/div>\n<div class=\"acf-fc-column acf-fc-column-1\">\n<div class=\"video-container\"><iframe loading=\"lazy\" title=\"Mit Thermostar alle Bereiche hygienisieren - sanitise all areas with Thermostar\" width=\"1398\" height=\"786\" src=\"https:\/\/www.youtube.com\/embed\/ezQ1Os3_H0c?feature=oembed&amp;rel=0&amp;showinfo=0\" frameborder=\"0\" allow=\"accelerometer; autoplay; clipboard-write; encrypted-media; gyroscope; picture-in-picture; web-share\" referrerpolicy=\"strict-origin-when-cross-origin\" allowfullscreen><\/iframe><\/div>\n<\/p><\/div>\n<div class=\"acf-fc-row acf-fc-downloadbox acf-fc-row-extra-narrow-width acf-fc-row-style-nobg normal-gap-before downloadbox-columns-2\">\n<div class=\"acf-fc-columns acf-fc-columns-1\">\n<div class=\"acf-fc-column acf-fc-column-1\">\n<h3 class=\"title\">Downloads<\/h3>\n<ul class=\"columns-2\">\n<li>\n\t<a class=\"nopopupicon nolightbox\" rel=\"nofollow\" href=\"https:\/\/thermostar.ch\/wp-content\/uploads\/2025\/03\/PS_HB_Solution_DE_NEU.pdf\" target=\"_blank\" title=\"Download fiche produit HB Solution\"><\/p>\n<div class=\"container\">\n\t\t\t<i class=\"icon custom-icon custom-icon-file-pdf\"><\/i><\/p>\n<div class=\"details\">\n<div class=\"title\">fiche produit HB Solution<\/div>\n<div class=\"description\"><\/div>\n<div class=\"size\">PDF, 3 MB<\/div>\n<\/p><\/div>\n<\/p><\/div>\n<p>\t<\/a>\n<\/li>\n<li>\n\t<a class=\"nopopupicon nolightbox\" rel=\"nofollow\" href=\"https:\/\/thermostar.ch\/wp-content\/uploads\/2023\/11\/PS_ProSeal_EN.pdf\" target=\"_blank\" title=\"Download product sheet PROSeal\"><\/p>\n<div class=\"container\">\n\t\t\t<i class=\"icon custom-icon custom-icon-file-pdf\"><\/i><\/p>\n<div class=\"details\">\n<div class=\"title\">product sheet PROSeal<\/div>\n<div class=\"description\"><\/div>\n<div class=\"size\">PDF, 2 MB<\/div>\n<\/p><\/div>\n<\/p><\/div>\n<p>\t<\/a>\n<\/li>\n<li>\n\t<a class=\"nopopupicon nolightbox\" rel=\"nofollow\" href=\"https:\/\/thermostar.ch\/wp-content\/uploads\/2023\/07\/PS_Wipe_Clean_EN.pdf\" target=\"_blank\" title=\"Download product sheet Wipe&#038;Clean\"><\/p>\n<div class=\"container\">\n\t\t\t<i class=\"icon custom-icon custom-icon-file-pdf\"><\/i><\/p>\n<div class=\"details\">\n<div class=\"title\">product sheet Wipe&amp;Clean<\/div>\n<div class=\"description\"><\/div>\n<div class=\"size\">PDF, 3 MB<\/div>\n<\/p><\/div>\n<\/p><\/div>\n<p>\t<\/a>\n<\/li>\n<li>\n\t<a class=\"nopopupicon nolightbox\" rel=\"nofollow\" href=\"https:\/\/thermostar.ch\/wp-content\/uploads\/2024\/05\/PS_MolecularCleaner_EN.pdf\" target=\"_blank\" title=\"Download product sheet Molecular Cleaner\"><\/p>\n<div class=\"container\">\n\t\t\t<i class=\"icon custom-icon custom-icon-file-pdf\"><\/i><\/p>\n<div class=\"details\">\n<div class=\"title\">product sheet Molecular Cleaner<\/div>\n<div class=\"description\"><\/div>\n<div class=\"size\">PDF, 2 MB<\/div>\n<\/p><\/div>\n<\/p><\/div>\n<p>\t<\/a>\n<\/li>\n<\/ul><\/div>\n<\/p><\/div>\n<\/div>\n","protected":false},"excerpt":{"rendered":"<p>Nos nouveaut\u00e9s produits Nous cherchons constamment \u00e0 nous am\u00e9liorer. Et c\u2019est pourquoi nous sommes constamment \u00e0 la recherche de compl\u00e9ments parfaits pour le nettoyage vert avec le syst\u00e8me de vapeur s\u00e8che Thermostar. Nous avons toujours les plus hautes exigences en mati\u00e8re de qualit\u00e9, de finition et de durabilit\u00e9 des produits. Notre gamme contient seulement des [&hellip;]<\/p>\n","protected":false},"author":6,"featured_media":0,"parent":2720,"menu_order":0,"comment_status":"closed","ping_status":"closed","template":"","meta":{"_acf_changed":false,"footnotes":""},"class_list":["post-2339","page","type-page","status-publish","hentry"],"acf":[],"_links":{"self":[{"href":"https:\/\/thermostar.ch\/fr\/wp-json\/wp\/v2\/pages\/2339","targetHints":{"allow":["GET"]}}],"collection":[{"href":"https:\/\/thermostar.ch\/fr\/wp-json\/wp\/v2\/pages"}],"about":[{"href":"https:\/\/thermostar.ch\/fr\/wp-json\/wp\/v2\/types\/page"}],"author":[{"embeddable":true,"href":"https:\/\/thermostar.ch\/fr\/wp-json\/wp\/v2\/users\/6"}],"replies":[{"embeddable":true,"href":"https:\/\/thermostar.ch\/fr\/wp-json\/wp\/v2\/comments?post=2339"}],"version-history":[{"count":16,"href":"https:\/\/thermostar.ch\/fr\/wp-json\/wp\/v2\/pages\/2339\/revisions"}],"predecessor-version":[{"id":3679,"href":"https:\/\/thermostar.ch\/fr\/wp-json\/wp\/v2\/pages\/2339\/revisions\/3679"}],"up":[{"embeddable":true,"href":"https:\/\/thermostar.ch\/fr\/wp-json\/wp\/v2\/pages\/2720"}],"wp:attachment":[{"href":"https:\/\/thermostar.ch\/fr\/wp-json\/wp\/v2\/media?parent=2339"}],"curies":[{"name":"wp","href":"https:\/\/api.w.org\/{rel}","templated":true}]}}