{"id":2362,"date":"2022-12-02T11:30:54","date_gmt":"2022-12-02T10:30:54","guid":{"rendered":"https:\/\/thermostar.ch\/zubehoer\/"},"modified":"2025-12-04T13:05:57","modified_gmt":"2025-12-04T12:05:57","slug":"accessoires","status":"publish","type":"page","link":"https:\/\/thermostar.ch\/fr\/thermostar\/accessoires\/","title":{"rendered":"Accessoires"},"content":{"rendered":"<div class=\"acf-fc-column acf-fc-column-1\">\n<h1 style=\"text-align: center;\">Les accessoires de Thermostar<\/h1>\n<\/p><\/div>\n<div class=\"acf-fc-column acf-fc-column-1\">\n<p><a href=\"https:\/\/thermostar.ch\/wp-content\/uploads\/2022\/12\/Gesamt.jpg\"><img loading=\"lazy\" decoding=\"async\" class=\"aligncenter wp-image-801 size-content_square_full\" src=\"https:\/\/thermostar.ch\/wp-content\/uploads\/2022\/12\/Gesamt-1398x1280.jpg\" alt=\"Syst\u00e8me de vapeur s\u00e8che Thermostar Vaste gamme d'accessoires pour chaque situation de nettoyage\" width=\"1398\" height=\"1280\" data-fancybox-title=\"Zubeh\u00f6r-Mix\" data-fancybox-alt=\"Thermostar Trockendampfreiniger umfangreiches Zubeh\u00f6r\" data-fancybox-caption=\"\" \/><\/a><\/p>\n<\/p><\/div>\n<div class=\"acf-fc-column acf-fc-column-2\">\n<h2 class=\"h3\">Le Thermostar s\u00e9duit par sa vaste gamme d\u2019accessoires<\/h2>\n<p>&nbsp;<\/p>\n<p>L\u2019un des grands avantages du nettoyeur \u00e0 vapeur Thermostar est sa vaste gamme d\u2019accessoires. L\u2019\u00e9quipement standard comprend d\u00e9j\u00e0 tous les outils dont vous avez besoin pour un nettoyage hygi\u00e9nique et en profondeur de votre maison, de votre terrasse et de votre jardin, et ce jusqu\u2019aux pores. Qu\u2019il s\u2019agisse de ses buses \u00e0 vapeur, des grandes et petites brosses, de la cloche \u00e0 vapeur ou m\u00eame de la petite spatule, vous pouvez commencer imm\u00e9diatement enti\u00e8rement \u00e9quip\u00e9. Et le meilleur dans tout \u00e7a\u00a0: l\u2019appareil fonctionne exclusivement avec de l\u2019eau du robinet et sans aucun produit chimique\u00a0!<\/p>\n<p>Pour les interventions dans des domaines tr\u00e8s sp\u00e9cifiques, vous pouvez \u00e9galement choisir parmi une large gamme d\u2019accessoires sp\u00e9ciaux. Il n\u2019y a pas un domaine pour lequel nous n\u2019avons pas d\u2019outil appropri\u00e9\u00a0!<\/p>\n<p>Profitez des nombreuses ann\u00e9es d\u2019exp\u00e9rience de nos conseillers Thermostar et faites-vous conseiller pour trouver les accessoires adapt\u00e9s \u00e0 vos besoins\u00a0!<\/p>\n<p>&nbsp;<\/p>\n<p style=\"text-align: left;\"><a class=\"button\" href=\"https:\/\/thermostar.ch\/fr\/distributeurs\/\">Thermostar distributeurs<\/a><\/p>\n<p style=\"text-align: left;\">\n\t<\/div>\n<div class=\"acf-fc-column acf-fc-column-1\">\n<h3>L\u2019application Thermostar &#8211; un assistant fid\u00e8le&#8230;<\/h3>\n<p>Avec notre application Thermostar, vous aurez toujours un assistant fid\u00e8le \u00e0 vos c\u00f4t\u00e9s. Vous ne savez pas comment nettoyer au mieux vos fen\u00eatres avec le Thermostar ou comment utiliser correctement un accessoire sp\u00e9cial\u00a0? Pas de probl\u00e8me\u00a0: ouvrez simplement l\u2019utilisation correspondante dans l\u2019application et laissez-vous inspirer par nos vid\u00e9os\u00a0!<br \/>\nBien s\u00fbr, l\u2019application vous donne \u00e9galement des conseils pour le fonctionnement en cours. Le remplissage d\u2019eau ou l\u2019\u00e9limination r\u00e9guli\u00e8re du calcaire sont expliqu\u00e9s par vid\u00e9o, tout comme l\u2019activation de la fonction d\u2019\u00e9conomie d\u2019\u00e9nergie.<\/p>\n<\/div>\n<div class=\"acf-fc-column acf-fc-column-1\">\n<p style=\"text-align: center;\">T\u00e9l\u00e9chargez notre Progressive Web APP d\u00e8s maintenant sur cette page\u00a0:<br \/>\nCliquez sur ce lien depuis votre appareil et l\u2019installation se lancera facilement et en toute s\u00e9curit\u00e9\u00a0!<\/p>\n<p>&nbsp;<\/p>\n<p style=\"text-align: center;\"><a class=\"button\" href=\"https:\/\/thermostar.info\/app\/#\/uses\">Download APP<\/a><\/p>\n<p>&nbsp;<\/p>\n<p>&nbsp;<\/p>\n<\/p><\/div>\n<div class=\"acf-fc-column acf-fc-column-1\">\n<h2 style=\"text-align: center;\">Les accessoires en d\u00e9tail<\/h2>\n<h3 style=\"text-align: center;\">L\u2019outil appropri\u00e9 pour chaque exigence<\/h3>\n<\/p><\/div>\n<div>\n<div>\n\t\t\t<img width=\"150\" height=\"150\" src=\"https:\/\/thermostar.ch\/wp-content\/uploads\/2022\/12\/DSC8650-150x150.jpg?ver=20221214105946\" class=\"alignleft\" alt=\"Thermostar Hitzereiniger, Luft erfrischen, Verdampfer\" decoding=\"async\" loading=\"lazy\" srcset=\"https:\/\/thermostar.ch\/wp-content\/uploads\/2022\/12\/DSC8650-150x150.jpg?ver=20221214105946 150w, https:\/\/thermostar.ch\/wp-content\/uploads\/2022\/12\/DSC8650-32x32.jpg?ver=20221214105946 32w, https:\/\/thermostar.ch\/wp-content\/uploads\/2022\/12\/DSC8650-180x180.jpg?ver=20221214105946 180w, https:\/\/thermostar.ch\/wp-content\/uploads\/2022\/12\/DSC8650-192x192.jpg?ver=20221214105946 192w, https:\/\/thermostar.ch\/wp-content\/uploads\/2022\/12\/DSC8650-270x270.jpg?ver=20221214105946 270w, https:\/\/thermostar.ch\/wp-content\/uploads\/2022\/12\/DSC8650-512x512.jpg?ver=20221214105946 512w, https:\/\/thermostar.ch\/wp-content\/uploads\/2022\/12\/DSC8650-100x100.jpg?ver=20221214105946 100w, https:\/\/thermostar.ch\/wp-content\/uploads\/2022\/12\/DSC8650-200x200.jpg?ver=20221214105946 200w, https:\/\/thermostar.ch\/wp-content\/uploads\/2022\/12\/DSC8650-250x250.jpg?ver=20221214105946 250w, https:\/\/thermostar.ch\/wp-content\/uploads\/2022\/12\/DSC8650-300x300.jpg?ver=20221214105946 300w, https:\/\/thermostar.ch\/wp-content\/uploads\/2022\/12\/DSC8650-350x350.jpg?ver=20221214105946 350w, https:\/\/thermostar.ch\/wp-content\/uploads\/2022\/12\/DSC8650-400x400.jpg?ver=20221214105946 400w, https:\/\/thermostar.ch\/wp-content\/uploads\/2022\/12\/DSC8650-1200x1200.jpg?ver=20221214105946 1200w, https:\/\/thermostar.ch\/wp-content\/uploads\/2022\/12\/DSC8650-900x900.jpg?ver=20221214105946 900w, https:\/\/thermostar.ch\/wp-content\/uploads\/2022\/12\/DSC8650-699x699.jpg?ver=20221214105946 699w, https:\/\/thermostar.ch\/wp-content\/uploads\/2022\/12\/DSC8650-640x640.jpg?ver=20221214105946 640w, https:\/\/thermostar.ch\/wp-content\/uploads\/2022\/12\/DSC8650-1280x1280.jpg?ver=20221214105946 1280w, https:\/\/thermostar.ch\/wp-content\/uploads\/2022\/12\/DSC8650-480x480.jpg?ver=20221214105946 480w, https:\/\/thermostar.ch\/wp-content\/uploads\/2022\/12\/DSC8650-960x960.jpg?ver=20221214105946 960w, https:\/\/thermostar.ch\/wp-content\/uploads\/2022\/12\/DSC8650-380x380.jpg?ver=20221214105946 380w, https:\/\/thermostar.ch\/wp-content\/uploads\/2022\/12\/DSC8650-780x780.jpg?ver=20221214105946 780w, https:\/\/thermostar.ch\/wp-content\/uploads\/2022\/12\/DSC8650-320x320.jpg?ver=20221214105946 320w, https:\/\/thermostar.ch\/wp-content\/uploads\/2022\/12\/DSC8650-280x280.jpg?ver=20221214105946 280w, https:\/\/thermostar.ch\/wp-content\/uploads\/2022\/12\/DSC8650-560x560.jpg?ver=20221214105946 560w, https:\/\/thermostar.ch\/wp-content\/uploads\/2022\/12\/DSC8650-240x240.jpg?ver=20221214105946 240w, https:\/\/thermostar.ch\/wp-content\/uploads\/2022\/12\/DSC8650-940x940.jpg?ver=20221214105946 940w, https:\/\/thermostar.ch\/wp-content\/uploads\/2022\/12\/DSC8650-360x360.jpg?ver=20221214105946 360w, https:\/\/thermostar.ch\/wp-content\/uploads\/2022\/12\/DSC8650-700x700.jpg?ver=20221214105946 700w, https:\/\/thermostar.ch\/wp-content\/uploads\/2022\/12\/DSC8650-600x600.jpg?ver=20221214105946 600w, https:\/\/thermostar.ch\/wp-content\/uploads\/2022\/12\/DSC8650-460x460.jpg?ver=20221214105946 460w, https:\/\/thermostar.ch\/wp-content\/uploads\/2022\/12\/DSC8650-466x466.jpg?ver=20221214105946 466w, https:\/\/thermostar.ch\/wp-content\/uploads\/2022\/12\/DSC8650-932x932.jpg?ver=20221214105946 932w, https:\/\/thermostar.ch\/wp-content\/uploads\/2022\/12\/DSC8650-500x500.jpg?ver=20221214105946 500w, https:\/\/thermostar.ch\/wp-content\/uploads\/2022\/12\/DSC8650-412x412.jpg?ver=20221214105946 412w\" sizes=\"auto, (max-width: 150px) 100vw, 150px\" data-fancybox-title=\"Verdampfer Luft reinigen\" data-fancybox-alt=\"Thermostar Hitzereiniger, Luft erfrischen, Verdampfer\" data-fancybox-caption=\"Thermostar Handels-GmbH \/Helge Bauer\" data-fancybox-srcset=\"https:\/\/thermostar.ch\/wp-content\/uploads\/2022\/12\/DSC8650-300x200.jpg 300w, https:\/\/thermostar.ch\/wp-content\/uploads\/2022\/12\/DSC8650-768x512.jpg 768w, https:\/\/thermostar.ch\/wp-content\/uploads\/2022\/12\/DSC8650-1024x683.jpg 1024w, https:\/\/thermostar.ch\/wp-content\/uploads\/2022\/12\/DSC8650-1536x1024.jpg 1536w, https:\/\/thermostar.ch\/wp-content\/uploads\/2022\/12\/DSC8650-150x100.jpg 150w, https:\/\/thermostar.ch\/wp-content\/uploads\/2022\/12\/DSC8650-200x133.jpg 200w, https:\/\/thermostar.ch\/wp-content\/uploads\/2022\/12\/DSC8650-250x167.jpg 250w, https:\/\/thermostar.ch\/wp-content\/uploads\/2022\/12\/DSC8650-350x233.jpg 350w, https:\/\/thermostar.ch\/wp-content\/uploads\/2022\/12\/DSC8650-400x267.jpg 400w, https:\/\/thermostar.ch\/wp-content\/uploads\/2022\/12\/DSC8650-1200x800.jpg 1200w, https:\/\/thermostar.ch\/wp-content\/uploads\/2022\/12\/DSC8650-900x600.jpg 900w, https:\/\/thermostar.ch\/wp-content\/uploads\/2022\/12\/DSC8650-699x466.jpg 699w, https:\/\/thermostar.ch\/wp-content\/uploads\/2022\/12\/DSC8650-1398x932.jpg 1398w, https:\/\/thermostar.ch\/wp-content\/uploads\/2022\/12\/DSC8650-113x75.jpg 113w, https:\/\/thermostar.ch\/wp-content\/uploads\/2022\/12\/DSC8650-195x130.jpg 195w, https:\/\/thermostar.ch\/wp-content\/uploads\/2022\/12\/DSC8650-450x300.jpg 450w, https:\/\/thermostar.ch\/wp-content\/uploads\/2022\/12\/DSC8650-600x400.jpg 600w, https:\/\/thermostar.ch\/wp-content\/uploads\/2022\/12\/DSC8650-225x150.jpg 225w, https:\/\/thermostar.ch\/wp-content\/uploads\/2022\/12\/DSC8650-75x50.jpg 75w, https:\/\/thermostar.ch\/wp-content\/uploads\/2022\/12\/DSC8650-471x314.jpg 471w, https:\/\/thermostar.ch\/wp-content\/uploads\/2022\/12\/DSC8650-405x270.jpg 405w, https:\/\/thermostar.ch\/wp-content\/uploads\/2022\/12\/DSC8650-305x203.jpg 305w, https:\/\/thermostar.ch\/wp-content\/uploads\/2022\/12\/DSC8650-645x430.jpg 645w, https:\/\/thermostar.ch\/wp-content\/uploads\/2022\/12\/DSC8650-960x640.jpg 960w, https:\/\/thermostar.ch\/wp-content\/uploads\/2022\/12\/DSC8650-932x621.jpg 932w, https:\/\/thermostar.ch\/wp-content\/uploads\/2022\/12\/DSC8650-1280x853.jpg 1280w, https:\/\/thermostar.ch\/wp-content\/uploads\/2022\/12\/DSC8650-466x311.jpg 466w, https:\/\/thermostar.ch\/wp-content\/uploads\/2022\/12\/DSC8650-640x427.jpg 640w, https:\/\/thermostar.ch\/wp-content\/uploads\/2022\/12\/DSC8650-500x333.jpg 500w, https:\/\/thermostar.ch\/wp-content\/uploads\/2022\/12\/DSC8650-120x80.jpg 120w, https:\/\/thermostar.ch\/wp-content\/uploads\/2022\/12\/DSC8650-412x275.jpg 412w, https:\/\/thermostar.ch\/wp-content\/uploads\/2022\/12\/DSC8650.jpg 1920w\" \/>\t\t\t<\/p>\n<h3>Un climat int\u00e9rieur incomparable avec le diffuseur aromath\u00e9rapie Thermostar<\/h3>\n<\/p><\/div>\n<\/p><\/div>\n<div class=\"acf-fc-column acf-fc-column-1\">\n<p style=\"text-align: center;\">On ne rappellera jamais assez l\u2019importance de l\u2019air purifi\u00e9, rafra\u00eechi et humidifi\u00e9 pour notre bien-\u00eatre. \u00c0 une \u00e9poque o\u00f9 plus de personnes que jamais sont touch\u00e9es par les allergies et les maladies respiratoires, la prise de conscience d\u2019une hygi\u00e8ne plus proche de la nature augmente \u00e9galement.<br \/>\nSaviez-vous qu\u2019avec le diffuseur aromath\u00e9rapie Thermostar vous pouvez parfaitement rafra\u00eechir et purifier l\u2019air de votre maison\u00a0? Gr\u00e2ce aux hautes temp\u00e9ratures de la vapeur, tous les germes pr\u00e9sents dans votre int\u00e9rieur sont \u00e9limin\u00e9s. La vapeur d\u2019eau fine et pure qui en r\u00e9sulte humidifie parfaitement vos pi\u00e8ces en un rien de temps.<\/p>\n<p>&nbsp;<\/p>\n<\/p><\/div>\n<div class=\"acf-fc-column acf-fc-column-1\">\n<h3 style=\"text-align: center;\">Repassez comme les pros avec le fer \u00e0 repasser vapeur Thermostar<\/h3>\n<\/p><\/div>\n<div class=\"acf-fc-column acf-fc-column-1\">\n<p style=\"text-align: center;\">Le nettoyeur \u00e0 vapeur s\u00e8che Thermostar apporte efficacit\u00e9 et professionnalisme \u00e0 votre maison, vous le saviez d\u00e9j\u00e0\u00a0! Mais en combinaison avec le fer \u00e0 repasser vapeur, vous pouvez d\u00e9sormais vous occuper de votre linge avec facilit\u00e9 et plaisir. Car ce n\u2019est qu\u2019avec le bon outil que vous obtiendrez des r\u00e9sultats exceptionnels.<\/p>\n<p style=\"text-align: center;\">Connectez simplement le fer \u00e0 vapeur professionnel \u00e0 votre Thermostar et profitez d\u2019une vapeur permanente et d\u2019une poign\u00e9e ergonomique en li\u00e8ge. Pour les linges d\u00e9licats, travaillez avec la semelle en t\u00e9flon\u00a0! Associ\u00e9 au fer \u00e0 repasser vapeur Thermostar, avec surface chauffante, fonction d\u2019aspiration et de soufflage, le repassage devient une exp\u00e9rience inoubliable.<\/p>\n<\/p><\/div>\n<div class=\"acf-fc-column acf-fc-column-1\">\n<div class=\"video-container\"><iframe loading=\"lazy\" title=\"Thermostar steam ironing station\" width=\"1398\" height=\"786\" src=\"https:\/\/www.youtube.com\/embed\/XfRPrJCfMiQ?feature=oembed&amp;rel=0&amp;showinfo=0\" frameborder=\"0\" allow=\"accelerometer; autoplay; clipboard-write; encrypted-media; gyroscope; picture-in-picture; web-share\" allowfullscreen><\/iframe><\/div>\n<\/p><\/div>\n","protected":false},"excerpt":{"rendered":"<p>Les accessoires de Thermostar Le Thermostar s\u00e9duit par sa vaste gamme d\u2019accessoires &nbsp; L\u2019un des grands avantages du nettoyeur \u00e0 vapeur Thermostar est sa vaste gamme d\u2019accessoires. L\u2019\u00e9quipement standard comprend d\u00e9j\u00e0 tous les outils dont vous avez besoin pour un nettoyage hygi\u00e9nique et en profondeur de votre maison, de votre terrasse et de votre jardin, [&hellip;]<\/p>\n","protected":false},"author":6,"featured_media":0,"parent":2720,"menu_order":0,"comment_status":"closed","ping_status":"closed","template":"","meta":{"_acf_changed":false,"footnotes":""},"class_list":["post-2362","page","type-page","status-publish","hentry"],"acf":[],"_links":{"self":[{"href":"https:\/\/thermostar.ch\/fr\/wp-json\/wp\/v2\/pages\/2362","targetHints":{"allow":["GET"]}}],"collection":[{"href":"https:\/\/thermostar.ch\/fr\/wp-json\/wp\/v2\/pages"}],"about":[{"href":"https:\/\/thermostar.ch\/fr\/wp-json\/wp\/v2\/types\/page"}],"author":[{"embeddable":true,"href":"https:\/\/thermostar.ch\/fr\/wp-json\/wp\/v2\/users\/6"}],"replies":[{"embeddable":true,"href":"https:\/\/thermostar.ch\/fr\/wp-json\/wp\/v2\/comments?post=2362"}],"version-history":[{"count":7,"href":"https:\/\/thermostar.ch\/fr\/wp-json\/wp\/v2\/pages\/2362\/revisions"}],"predecessor-version":[{"id":3683,"href":"https:\/\/thermostar.ch\/fr\/wp-json\/wp\/v2\/pages\/2362\/revisions\/3683"}],"up":[{"embeddable":true,"href":"https:\/\/thermostar.ch\/fr\/wp-json\/wp\/v2\/pages\/2720"}],"wp:attachment":[{"href":"https:\/\/thermostar.ch\/fr\/wp-json\/wp\/v2\/media?parent=2362"}],"curies":[{"name":"wp","href":"https:\/\/api.w.org\/{rel}","templated":true}]}}