{"id":2514,"date":"2023-04-03T11:30:52","date_gmt":"2023-04-03T09:30:52","guid":{"rendered":"https:\/\/thermostar.ch\/applications\/boeden\/"},"modified":"2025-12-10T10:12:11","modified_gmt":"2025-12-10T09:12:11","slug":"sols","status":"publish","type":"page","link":"https:\/\/thermostar.ch\/fr\/applications\/sols\/","title":{"rendered":"Sols"},"content":{"rendered":"<div class=\"acf-fc-column acf-fc-column-1\">\n<h1 style=\"text-align: center;\">Des sols propres, un air pur<\/h1>\n<\/p><\/div>\n<div class=\"acf-fc-column acf-fc-column-1\">\n<p style=\"text-align: center;\">Avez-vous d\u00e9j\u00e0 compt\u00e9 combien de fois par jour vous passez par la cuisine\u00a0? Gr\u00e2ce \u00e0 la gravit\u00e9, tout ce qui flotte dans l\u2019air ou sur nos meubles au fil du temps finit par atterrir au sol. Ces particules sont \u00e0 nouveau remu\u00e9es lorsqu\u2019on passe dessus, et tout recommence. Tout cela ne serait pas si grave si les r\u00e9sidus chimiques, les poussi\u00e8res fines, les acariens, les spores de moisissure des pots de fleurs, le pollen et tout un tas d\u2019autres choses qui nous rendent malades ne p\u00e9n\u00e9traient pas constamment et sans obstacle dans nos voies respiratoires.<\/p>\n<p style=\"text-align: center;\">Vous l\u2019avez devin\u00e9\u00a0: le nettoyage traditionnel \u00e0 l\u2019eau ti\u00e8de, additionn\u00e9e de produits de nettoyage, d\u2019une serpilli\u00e8re imbib\u00e9e de germes qui r\u00e9pand merveilleusement les bact\u00e9ries dans les moindres recoins de la pi\u00e8ce n\u2019est m\u00eame pas, \u00e0 nos yeux, une solution \u00e0 envisager. Ne faites pas comme votre arri\u00e8re-grand-m\u00e8re il y a 100\u00a0ans, laissez entrer \u00e0 l\u2019avenir et nettoyez hygi\u00e9niquement avec de l\u2019eau pure du robinet et de la chaleur. Votre Thermostar le permet\u00a0: pas d\u2019eaux us\u00e9es toxiques, pas de germes, pas de r\u00e9sidus et beaucoup moins de troubles des voies respiratoires ou de la peau\u00a0!<\/p>\n<\/p><\/div>\n<div>\n\t<img decoding=\"async\" class=\"alignleft\" src=\"https:\/\/thermostar.ch\/wp-content\/uploads\/2022\/10\/DSC8527-2-150x150.jpg\"\/><\/p>\n<h2 class=\"h3\">Nettoyer le sol facilement<\/h2>\n<p>&nbsp;<\/p>\n<p>Alors que le nettoyage traditionnel avec des produits chimiques n\u00e9cessite un produit de nettoyage diff\u00e9rent pour chaque type de sol, le Thermostar est tr\u00e8s simple d\u2019utilisation\u00a0: versez de l\u2019eau du robinet, d\u00e9marrez le Thermostar, attendez environ 3\u00a0minutes et nettoyez la surface de mani\u00e8re hygi\u00e9nique et en profondeur avec de la vapeur s\u00e8che jusqu\u2019\u00e0 150\u00a0degr\u00e9s. Les rallonges pratiques vous permettent de r\u00e9gler votre hauteur de travail de mani\u00e8re optimale. L\u2019appareil consomme moins de 2\u00a0litres d\u2019eau pour tout l\u2019appartement, les eaux us\u00e9es toxiques et les produits de nettoyage co\u00fbteux sont d\u00e9sormais de l\u2019histoire ancienne.<\/p>\n<p>Pour un r\u00e9sultat optimal, d\u00e9barrassez d\u2019abord le sol des grosses impuret\u00e9s \u00e0 l\u2019aide d\u2019un aspirateur classique. Selon vos pr\u00e9f\u00e9rences, vous pouvez utiliser l\u2019embout serpilli\u00e8re pour essuyer ou nettoyer le sol avec la brosse rectangulaire et un chiffon en microfibre. Comme c\u2019est souvent le cas avec votre Thermostar, les deux permettent d\u2019atteindre votre objectif. Cependant, nous vous recommandons de ne pas appuyer sur le bouton de vapeur de mani\u00e8re continue, mais de travailler par impulsions. Vous consommerez moins d\u2019eau et vos sols vous remercieront\u00a0!<\/p>\n<\/div>\n<div class=\"acf-fc-column acf-fc-column-1\">\n<h6><\/h6>\n<p class=\"h6\" style=\"text-align: center;\">T\u00e9l\u00e9chargez d\u00e8s maintenant notre APPLICATION et gardez toujours \u00e0 port\u00e9e de main les meilleurs conseils et astuces pour nettoyer avec votre Thermostar\u00a0!<\/p>\n<p>&nbsp;<\/p>\n<p style=\"text-align: center;\"><a class=\"button\" href=\"https:\/\/thermostar.info\/app\/#\/uses\">Download APP<\/a><\/p>\n<\/p><\/div>\n<div class=\"acf-fc-column acf-fc-column-1\">\n<h3>La brosse rectangulaire<\/h3>\n<p>La brosse rectangulaire est LA brosse standard pour tous les sols. Alors qu\u2019\u00e0 l\u2019ext\u00e9rieur, les poils en nylon vous permettent de d\u00e9barrasser les sols en pierre et les terrasses des salissures tenaces, \u00e0 l\u2019int\u00e9rieur et pour les sols d\u00e9licats, utilisez le tampon vapeur et un chiffon en microfibre pos\u00e9 dessus pour un nettoyage optimal.<\/p>\n<p>Les moquettes, les matelas et les canap\u00e9s peuvent \u00e9galement \u00eatre nettoy\u00e9s et rafra\u00eechis de cette mani\u00e8re. Vous ne regretterez pas l\u2019odeur chimique des produits de nettoyage, car apr\u00e8s chaque nettoyage, votre pi\u00e8ce sentira la m\u00eame odeur qu\u2019une chaude pluie de printemps\u00a0! Nos clients nous disent souvent que les animaux domestiques, en particulier, r\u00e9agissent tr\u00e8s positivement \u00e0 ce nouveau type de nettoyage, car ils souffrent souvent particuli\u00e8rement de la masse chimique sur nos sols.<\/p>\n<p>&nbsp;<\/p>\n<p><a class=\"button\" href=\"https:\/\/thermostar.ch\/fr\/thermostar\/accessoires\/\">Plus d&#8217;accessoires<\/a><\/p>\n<\/div>\n<div class=\"acf-fc-column acf-fc-column-1\">\n<h3 style=\"text-align: center;\">Conseils de l\u2019expert Thermostar<\/h3>\n<\/p><\/div>\n<dl>\n<dt><img width=\"350\" height=\"350\" src=\"https:\/\/thermostar.ch\/wp-content\/uploads\/2022\/12\/Stern_outline-350x350.png?ver=20221205145631\" class=\"\" alt=\"\" decoding=\"async\" loading=\"lazy\" srcset=\"https:\/\/thermostar.ch\/wp-content\/uploads\/2022\/12\/Stern_outline-350x350.png?ver=20221205145631 350w, https:\/\/thermostar.ch\/wp-content\/uploads\/2022\/12\/Stern_outline-150x150.png?ver=20221205145631 150w, https:\/\/thermostar.ch\/wp-content\/uploads\/2022\/12\/Stern_outline-300x300.png?ver=20221205145631 300w, https:\/\/thermostar.ch\/wp-content\/uploads\/2022\/12\/Stern_outline-32x32.png?ver=20221205145631 32w, https:\/\/thermostar.ch\/wp-content\/uploads\/2022\/12\/Stern_outline-180x180.png?ver=20221205145631 180w, https:\/\/thermostar.ch\/wp-content\/uploads\/2022\/12\/Stern_outline-192x192.png?ver=20221205145631 192w, https:\/\/thermostar.ch\/wp-content\/uploads\/2022\/12\/Stern_outline-270x270.png?ver=20221205145631 270w, https:\/\/thermostar.ch\/wp-content\/uploads\/2022\/12\/Stern_outline-200x200.png?ver=20221205145631 200w, https:\/\/thermostar.ch\/wp-content\/uploads\/2022\/12\/Stern_outline-250x250.png?ver=20221205145631 250w, https:\/\/thermostar.ch\/wp-content\/uploads\/2022\/12\/Stern_outline-400x400.png?ver=20221205145631 400w, https:\/\/thermostar.ch\/wp-content\/uploads\/2022\/12\/Stern_outline-100x100.png?ver=20221205145631 100w, https:\/\/thermostar.ch\/wp-content\/uploads\/2022\/12\/Stern_outline-75x75.png?ver=20221205145631 75w, https:\/\/thermostar.ch\/wp-content\/uploads\/2022\/12\/Stern_outline-130x130.png?ver=20221205145631 130w, https:\/\/thermostar.ch\/wp-content\/uploads\/2022\/12\/Stern_outline-50x50.png?ver=20221205145631 50w, https:\/\/thermostar.ch\/wp-content\/uploads\/2022\/12\/Stern_outline-471x471.png?ver=20221205145631 471w, https:\/\/thermostar.ch\/wp-content\/uploads\/2022\/12\/Stern_outline-405x405.png?ver=20221205145631 405w, https:\/\/thermostar.ch\/wp-content\/uploads\/2022\/12\/Stern_outline-305x305.png?ver=20221205145631 305w, https:\/\/thermostar.ch\/wp-content\/uploads\/2022\/12\/Stern_outline-466x466.png?ver=20221205145631 466w, https:\/\/thermostar.ch\/wp-content\/uploads\/2022\/12\/Stern_outline-480x480.png?ver=20221205145631 480w, https:\/\/thermostar.ch\/wp-content\/uploads\/2022\/12\/Stern_outline-380x380.png?ver=20221205145631 380w, https:\/\/thermostar.ch\/wp-content\/uploads\/2022\/12\/Stern_outline-320x320.png?ver=20221205145631 320w, https:\/\/thermostar.ch\/wp-content\/uploads\/2022\/12\/Stern_outline-280x280.png?ver=20221205145631 280w, https:\/\/thermostar.ch\/wp-content\/uploads\/2022\/12\/Stern_outline-240x240.png?ver=20221205145631 240w, https:\/\/thermostar.ch\/wp-content\/uploads\/2022\/12\/Stern_outline-360x360.png?ver=20221205145631 360w, https:\/\/thermostar.ch\/wp-content\/uploads\/2022\/12\/Stern_outline-460x460.png?ver=20221205145631 460w, https:\/\/thermostar.ch\/wp-content\/uploads\/2022\/12\/Stern_outline-80x80.png?ver=20221205145631 80w, https:\/\/thermostar.ch\/wp-content\/uploads\/2022\/12\/Stern_outline-412x412.png?ver=20221205145631 412w, https:\/\/thermostar.ch\/wp-content\/uploads\/2022\/12\/Stern_outline.png?ver=20221205145631 496w\" sizes=\"auto, (max-width: 350px) 100vw, 350px\" data-fancybox-title=\"Stern_outline\" data-fancybox-alt=\"\" data-fancybox-caption=\"\" data-fancybox-srcset=\"https:\/\/thermostar.ch\/wp-content\/uploads\/2022\/12\/Stern_outline-300x300.png 300w, https:\/\/thermostar.ch\/wp-content\/uploads\/2022\/12\/Stern_outline-150x150.png 150w, https:\/\/thermostar.ch\/wp-content\/uploads\/2022\/12\/Stern_outline-32x32.png 32w, https:\/\/thermostar.ch\/wp-content\/uploads\/2022\/12\/Stern_outline-180x180.png 180w, https:\/\/thermostar.ch\/wp-content\/uploads\/2022\/12\/Stern_outline-192x192.png 192w, https:\/\/thermostar.ch\/wp-content\/uploads\/2022\/12\/Stern_outline-270x270.png 270w, https:\/\/thermostar.ch\/wp-content\/uploads\/2022\/12\/Stern_outline-200x200.png 200w, https:\/\/thermostar.ch\/wp-content\/uploads\/2022\/12\/Stern_outline-250x250.png 250w, https:\/\/thermostar.ch\/wp-content\/uploads\/2022\/12\/Stern_outline-350x350.png 350w, https:\/\/thermostar.ch\/wp-content\/uploads\/2022\/12\/Stern_outline-400x400.png 400w, https:\/\/thermostar.ch\/wp-content\/uploads\/2022\/12\/Stern_outline-100x100.png 100w, https:\/\/thermostar.ch\/wp-content\/uploads\/2022\/12\/Stern_outline-75x75.png 75w, https:\/\/thermostar.ch\/wp-content\/uploads\/2022\/12\/Stern_outline-130x130.png 130w, https:\/\/thermostar.ch\/wp-content\/uploads\/2022\/12\/Stern_outline-50x50.png 50w, https:\/\/thermostar.ch\/wp-content\/uploads\/2022\/12\/Stern_outline-471x471.png 471w, https:\/\/thermostar.ch\/wp-content\/uploads\/2022\/12\/Stern_outline-405x405.png 405w, https:\/\/thermostar.ch\/wp-content\/uploads\/2022\/12\/Stern_outline-305x305.png 305w, https:\/\/thermostar.ch\/wp-content\/uploads\/2022\/12\/Stern_outline-466x466.png 466w, https:\/\/thermostar.ch\/wp-content\/uploads\/2022\/12\/Stern_outline-480x480.png 480w, https:\/\/thermostar.ch\/wp-content\/uploads\/2022\/12\/Stern_outline-380x380.png 380w, https:\/\/thermostar.ch\/wp-content\/uploads\/2022\/12\/Stern_outline-320x320.png 320w, https:\/\/thermostar.ch\/wp-content\/uploads\/2022\/12\/Stern_outline-280x280.png 280w, https:\/\/thermostar.ch\/wp-content\/uploads\/2022\/12\/Stern_outline-240x240.png 240w, https:\/\/thermostar.ch\/wp-content\/uploads\/2022\/12\/Stern_outline-360x360.png 360w, https:\/\/thermostar.ch\/wp-content\/uploads\/2022\/12\/Stern_outline-460x460.png 460w, https:\/\/thermostar.ch\/wp-content\/uploads\/2022\/12\/Stern_outline-80x80.png 80w, https:\/\/thermostar.ch\/wp-content\/uploads\/2022\/12\/Stern_outline-412x412.png 412w, https:\/\/thermostar.ch\/wp-content\/uploads\/2022\/12\/Stern_outline.png 496w\" \/><\/dt>\n<dd>\n<h6><\/h6>\n<h4 class=\"h6\">Du haut vers le bas<\/h4>\n<p>Si vous vivez dans un logement avec beaucoup de surfaces lisses, peut-\u00eatre m\u00eame dans une ville, et que vous devez a\u00e9rer fr\u00e9quemment parce que la construction est tr\u00e8s dense et que votre appartement ne \u00ab\u00a0respire\u00a0\u00bb pas, vous \u00eates alors habitu\u00e9 \u00e0 la poussi\u00e8re, mais vous pouvez rem\u00e9dier \u00e0 cela. Lors du nettoyage, il est particuli\u00e8rement important de veiller \u00e0 respecter le bon ordre des proc\u00e9dures. Commencez toujours par le haut, d\u00e9poussi\u00e9rez d\u2019abord les surfaces plus \u00e9lev\u00e9es, vous pouvez \u00e9galement nettoyer vos rideaux et l\u2019air avec la buse \u00e0 vapeur. Il suffit de vaporiser dans l\u2019air, la poussi\u00e8re pr\u00e9sente dans l\u2019air devient alors humide et tombe au sol. Enfin, essuyez le sol avec la brosse rectangulaire, vous verrez que le d\u00e9gagement de poussi\u00e8re diminue consid\u00e9rablement.<\/p>\n<\/dd>\n<dt><img width=\"350\" height=\"350\" src=\"https:\/\/thermostar.ch\/wp-content\/uploads\/2022\/12\/Stern_outline-350x350.png?ver=20221205145631\" class=\"\" alt=\"\" decoding=\"async\" loading=\"lazy\" srcset=\"https:\/\/thermostar.ch\/wp-content\/uploads\/2022\/12\/Stern_outline-350x350.png?ver=20221205145631 350w, https:\/\/thermostar.ch\/wp-content\/uploads\/2022\/12\/Stern_outline-150x150.png?ver=20221205145631 150w, https:\/\/thermostar.ch\/wp-content\/uploads\/2022\/12\/Stern_outline-300x300.png?ver=20221205145631 300w, https:\/\/thermostar.ch\/wp-content\/uploads\/2022\/12\/Stern_outline-32x32.png?ver=20221205145631 32w, https:\/\/thermostar.ch\/wp-content\/uploads\/2022\/12\/Stern_outline-180x180.png?ver=20221205145631 180w, https:\/\/thermostar.ch\/wp-content\/uploads\/2022\/12\/Stern_outline-192x192.png?ver=20221205145631 192w, https:\/\/thermostar.ch\/wp-content\/uploads\/2022\/12\/Stern_outline-270x270.png?ver=20221205145631 270w, https:\/\/thermostar.ch\/wp-content\/uploads\/2022\/12\/Stern_outline-200x200.png?ver=20221205145631 200w, https:\/\/thermostar.ch\/wp-content\/uploads\/2022\/12\/Stern_outline-250x250.png?ver=20221205145631 250w, https:\/\/thermostar.ch\/wp-content\/uploads\/2022\/12\/Stern_outline-400x400.png?ver=20221205145631 400w, https:\/\/thermostar.ch\/wp-content\/uploads\/2022\/12\/Stern_outline-100x100.png?ver=20221205145631 100w, https:\/\/thermostar.ch\/wp-content\/uploads\/2022\/12\/Stern_outline-75x75.png?ver=20221205145631 75w, https:\/\/thermostar.ch\/wp-content\/uploads\/2022\/12\/Stern_outline-130x130.png?ver=20221205145631 130w, https:\/\/thermostar.ch\/wp-content\/uploads\/2022\/12\/Stern_outline-50x50.png?ver=20221205145631 50w, https:\/\/thermostar.ch\/wp-content\/uploads\/2022\/12\/Stern_outline-471x471.png?ver=20221205145631 471w, https:\/\/thermostar.ch\/wp-content\/uploads\/2022\/12\/Stern_outline-405x405.png?ver=20221205145631 405w, https:\/\/thermostar.ch\/wp-content\/uploads\/2022\/12\/Stern_outline-305x305.png?ver=20221205145631 305w, https:\/\/thermostar.ch\/wp-content\/uploads\/2022\/12\/Stern_outline-466x466.png?ver=20221205145631 466w, https:\/\/thermostar.ch\/wp-content\/uploads\/2022\/12\/Stern_outline-480x480.png?ver=20221205145631 480w, https:\/\/thermostar.ch\/wp-content\/uploads\/2022\/12\/Stern_outline-380x380.png?ver=20221205145631 380w, https:\/\/thermostar.ch\/wp-content\/uploads\/2022\/12\/Stern_outline-320x320.png?ver=20221205145631 320w, https:\/\/thermostar.ch\/wp-content\/uploads\/2022\/12\/Stern_outline-280x280.png?ver=20221205145631 280w, https:\/\/thermostar.ch\/wp-content\/uploads\/2022\/12\/Stern_outline-240x240.png?ver=20221205145631 240w, https:\/\/thermostar.ch\/wp-content\/uploads\/2022\/12\/Stern_outline-360x360.png?ver=20221205145631 360w, https:\/\/thermostar.ch\/wp-content\/uploads\/2022\/12\/Stern_outline-460x460.png?ver=20221205145631 460w, https:\/\/thermostar.ch\/wp-content\/uploads\/2022\/12\/Stern_outline-80x80.png?ver=20221205145631 80w, https:\/\/thermostar.ch\/wp-content\/uploads\/2022\/12\/Stern_outline-412x412.png?ver=20221205145631 412w, https:\/\/thermostar.ch\/wp-content\/uploads\/2022\/12\/Stern_outline.png?ver=20221205145631 496w\" sizes=\"auto, (max-width: 350px) 100vw, 350px\" data-fancybox-title=\"Stern_outline\" data-fancybox-alt=\"\" data-fancybox-caption=\"\" data-fancybox-srcset=\"https:\/\/thermostar.ch\/wp-content\/uploads\/2022\/12\/Stern_outline-300x300.png 300w, https:\/\/thermostar.ch\/wp-content\/uploads\/2022\/12\/Stern_outline-150x150.png 150w, https:\/\/thermostar.ch\/wp-content\/uploads\/2022\/12\/Stern_outline-32x32.png 32w, https:\/\/thermostar.ch\/wp-content\/uploads\/2022\/12\/Stern_outline-180x180.png 180w, https:\/\/thermostar.ch\/wp-content\/uploads\/2022\/12\/Stern_outline-192x192.png 192w, https:\/\/thermostar.ch\/wp-content\/uploads\/2022\/12\/Stern_outline-270x270.png 270w, https:\/\/thermostar.ch\/wp-content\/uploads\/2022\/12\/Stern_outline-200x200.png 200w, https:\/\/thermostar.ch\/wp-content\/uploads\/2022\/12\/Stern_outline-250x250.png 250w, https:\/\/thermostar.ch\/wp-content\/uploads\/2022\/12\/Stern_outline-350x350.png 350w, https:\/\/thermostar.ch\/wp-content\/uploads\/2022\/12\/Stern_outline-400x400.png 400w, https:\/\/thermostar.ch\/wp-content\/uploads\/2022\/12\/Stern_outline-100x100.png 100w, https:\/\/thermostar.ch\/wp-content\/uploads\/2022\/12\/Stern_outline-75x75.png 75w, https:\/\/thermostar.ch\/wp-content\/uploads\/2022\/12\/Stern_outline-130x130.png 130w, https:\/\/thermostar.ch\/wp-content\/uploads\/2022\/12\/Stern_outline-50x50.png 50w, https:\/\/thermostar.ch\/wp-content\/uploads\/2022\/12\/Stern_outline-471x471.png 471w, https:\/\/thermostar.ch\/wp-content\/uploads\/2022\/12\/Stern_outline-405x405.png 405w, https:\/\/thermostar.ch\/wp-content\/uploads\/2022\/12\/Stern_outline-305x305.png 305w, https:\/\/thermostar.ch\/wp-content\/uploads\/2022\/12\/Stern_outline-466x466.png 466w, https:\/\/thermostar.ch\/wp-content\/uploads\/2022\/12\/Stern_outline-480x480.png 480w, https:\/\/thermostar.ch\/wp-content\/uploads\/2022\/12\/Stern_outline-380x380.png 380w, https:\/\/thermostar.ch\/wp-content\/uploads\/2022\/12\/Stern_outline-320x320.png 320w, https:\/\/thermostar.ch\/wp-content\/uploads\/2022\/12\/Stern_outline-280x280.png 280w, https:\/\/thermostar.ch\/wp-content\/uploads\/2022\/12\/Stern_outline-240x240.png 240w, https:\/\/thermostar.ch\/wp-content\/uploads\/2022\/12\/Stern_outline-360x360.png 360w, https:\/\/thermostar.ch\/wp-content\/uploads\/2022\/12\/Stern_outline-460x460.png 460w, https:\/\/thermostar.ch\/wp-content\/uploads\/2022\/12\/Stern_outline-80x80.png 80w, https:\/\/thermostar.ch\/wp-content\/uploads\/2022\/12\/Stern_outline-412x412.png 412w, https:\/\/thermostar.ch\/wp-content\/uploads\/2022\/12\/Stern_outline.png 496w\" \/><\/dt>\n<dd>\n<h6><\/h6>\n<h4 class=\"h6\">La bonne rallonge<\/h4>\n<p>Notre objectif est de simplifier le nettoyage le plus possible. L\u2019\u00e9quipement standard de votre Thermostar comprend 2\u00a0rallonges qui facilitent le travail au-dessus de la t\u00eate mais aussi au sol. Mais si vous \u00eates une personne de grande taille, nous vous recommandons d\u2019ajouter une autre rallonge courte ou normale, vous n\u2019aurez plus jamais \u00e0 vous plier en deux pour nettoyer\u00a0! Ainsi, vous n\u2019aurez plus besoin d\u2019utiliser un escabeau pour atteindre les endroits les plus \u00e9lev\u00e9s, ce qui r\u00e9duit le risque d\u2019accidents\u00a0!<\/p>\n<\/dd>\n<dt><img width=\"350\" height=\"350\" src=\"https:\/\/thermostar.ch\/wp-content\/uploads\/2022\/12\/Stern_outline-350x350.png?ver=20221205145631\" class=\"\" alt=\"\" decoding=\"async\" loading=\"lazy\" srcset=\"https:\/\/thermostar.ch\/wp-content\/uploads\/2022\/12\/Stern_outline-350x350.png?ver=20221205145631 350w, https:\/\/thermostar.ch\/wp-content\/uploads\/2022\/12\/Stern_outline-150x150.png?ver=20221205145631 150w, https:\/\/thermostar.ch\/wp-content\/uploads\/2022\/12\/Stern_outline-300x300.png?ver=20221205145631 300w, https:\/\/thermostar.ch\/wp-content\/uploads\/2022\/12\/Stern_outline-32x32.png?ver=20221205145631 32w, https:\/\/thermostar.ch\/wp-content\/uploads\/2022\/12\/Stern_outline-180x180.png?ver=20221205145631 180w, https:\/\/thermostar.ch\/wp-content\/uploads\/2022\/12\/Stern_outline-192x192.png?ver=20221205145631 192w, https:\/\/thermostar.ch\/wp-content\/uploads\/2022\/12\/Stern_outline-270x270.png?ver=20221205145631 270w, https:\/\/thermostar.ch\/wp-content\/uploads\/2022\/12\/Stern_outline-200x200.png?ver=20221205145631 200w, https:\/\/thermostar.ch\/wp-content\/uploads\/2022\/12\/Stern_outline-250x250.png?ver=20221205145631 250w, https:\/\/thermostar.ch\/wp-content\/uploads\/2022\/12\/Stern_outline-400x400.png?ver=20221205145631 400w, https:\/\/thermostar.ch\/wp-content\/uploads\/2022\/12\/Stern_outline-100x100.png?ver=20221205145631 100w, https:\/\/thermostar.ch\/wp-content\/uploads\/2022\/12\/Stern_outline-75x75.png?ver=20221205145631 75w, https:\/\/thermostar.ch\/wp-content\/uploads\/2022\/12\/Stern_outline-130x130.png?ver=20221205145631 130w, https:\/\/thermostar.ch\/wp-content\/uploads\/2022\/12\/Stern_outline-50x50.png?ver=20221205145631 50w, https:\/\/thermostar.ch\/wp-content\/uploads\/2022\/12\/Stern_outline-471x471.png?ver=20221205145631 471w, https:\/\/thermostar.ch\/wp-content\/uploads\/2022\/12\/Stern_outline-405x405.png?ver=20221205145631 405w, https:\/\/thermostar.ch\/wp-content\/uploads\/2022\/12\/Stern_outline-305x305.png?ver=20221205145631 305w, https:\/\/thermostar.ch\/wp-content\/uploads\/2022\/12\/Stern_outline-466x466.png?ver=20221205145631 466w, https:\/\/thermostar.ch\/wp-content\/uploads\/2022\/12\/Stern_outline-480x480.png?ver=20221205145631 480w, https:\/\/thermostar.ch\/wp-content\/uploads\/2022\/12\/Stern_outline-380x380.png?ver=20221205145631 380w, https:\/\/thermostar.ch\/wp-content\/uploads\/2022\/12\/Stern_outline-320x320.png?ver=20221205145631 320w, https:\/\/thermostar.ch\/wp-content\/uploads\/2022\/12\/Stern_outline-280x280.png?ver=20221205145631 280w, https:\/\/thermostar.ch\/wp-content\/uploads\/2022\/12\/Stern_outline-240x240.png?ver=20221205145631 240w, https:\/\/thermostar.ch\/wp-content\/uploads\/2022\/12\/Stern_outline-360x360.png?ver=20221205145631 360w, https:\/\/thermostar.ch\/wp-content\/uploads\/2022\/12\/Stern_outline-460x460.png?ver=20221205145631 460w, https:\/\/thermostar.ch\/wp-content\/uploads\/2022\/12\/Stern_outline-80x80.png?ver=20221205145631 80w, https:\/\/thermostar.ch\/wp-content\/uploads\/2022\/12\/Stern_outline-412x412.png?ver=20221205145631 412w, https:\/\/thermostar.ch\/wp-content\/uploads\/2022\/12\/Stern_outline.png?ver=20221205145631 496w\" sizes=\"auto, (max-width: 350px) 100vw, 350px\" data-fancybox-title=\"Stern_outline\" data-fancybox-alt=\"\" data-fancybox-caption=\"\" data-fancybox-srcset=\"https:\/\/thermostar.ch\/wp-content\/uploads\/2022\/12\/Stern_outline-300x300.png 300w, https:\/\/thermostar.ch\/wp-content\/uploads\/2022\/12\/Stern_outline-150x150.png 150w, https:\/\/thermostar.ch\/wp-content\/uploads\/2022\/12\/Stern_outline-32x32.png 32w, https:\/\/thermostar.ch\/wp-content\/uploads\/2022\/12\/Stern_outline-180x180.png 180w, https:\/\/thermostar.ch\/wp-content\/uploads\/2022\/12\/Stern_outline-192x192.png 192w, https:\/\/thermostar.ch\/wp-content\/uploads\/2022\/12\/Stern_outline-270x270.png 270w, https:\/\/thermostar.ch\/wp-content\/uploads\/2022\/12\/Stern_outline-200x200.png 200w, https:\/\/thermostar.ch\/wp-content\/uploads\/2022\/12\/Stern_outline-250x250.png 250w, https:\/\/thermostar.ch\/wp-content\/uploads\/2022\/12\/Stern_outline-350x350.png 350w, https:\/\/thermostar.ch\/wp-content\/uploads\/2022\/12\/Stern_outline-400x400.png 400w, https:\/\/thermostar.ch\/wp-content\/uploads\/2022\/12\/Stern_outline-100x100.png 100w, https:\/\/thermostar.ch\/wp-content\/uploads\/2022\/12\/Stern_outline-75x75.png 75w, https:\/\/thermostar.ch\/wp-content\/uploads\/2022\/12\/Stern_outline-130x130.png 130w, https:\/\/thermostar.ch\/wp-content\/uploads\/2022\/12\/Stern_outline-50x50.png 50w, https:\/\/thermostar.ch\/wp-content\/uploads\/2022\/12\/Stern_outline-471x471.png 471w, https:\/\/thermostar.ch\/wp-content\/uploads\/2022\/12\/Stern_outline-405x405.png 405w, https:\/\/thermostar.ch\/wp-content\/uploads\/2022\/12\/Stern_outline-305x305.png 305w, https:\/\/thermostar.ch\/wp-content\/uploads\/2022\/12\/Stern_outline-466x466.png 466w, https:\/\/thermostar.ch\/wp-content\/uploads\/2022\/12\/Stern_outline-480x480.png 480w, https:\/\/thermostar.ch\/wp-content\/uploads\/2022\/12\/Stern_outline-380x380.png 380w, https:\/\/thermostar.ch\/wp-content\/uploads\/2022\/12\/Stern_outline-320x320.png 320w, https:\/\/thermostar.ch\/wp-content\/uploads\/2022\/12\/Stern_outline-280x280.png 280w, https:\/\/thermostar.ch\/wp-content\/uploads\/2022\/12\/Stern_outline-240x240.png 240w, https:\/\/thermostar.ch\/wp-content\/uploads\/2022\/12\/Stern_outline-360x360.png 360w, https:\/\/thermostar.ch\/wp-content\/uploads\/2022\/12\/Stern_outline-460x460.png 460w, https:\/\/thermostar.ch\/wp-content\/uploads\/2022\/12\/Stern_outline-80x80.png 80w, https:\/\/thermostar.ch\/wp-content\/uploads\/2022\/12\/Stern_outline-412x412.png 412w, https:\/\/thermostar.ch\/wp-content\/uploads\/2022\/12\/Stern_outline.png 496w\" \/><\/dt>\n<dd>\n<h6><\/h6>\n<h4 class=\"h6\">Taches sur la moquette<\/h4>\n<p>Si vous avez d\u00e9couvert une tache tenace sur la moquette, vous pouvez la traiter \u00e0 tr\u00e8s courte distance avec la buse \u00e0 vapeur. Gr\u00e2ce \u00e0 la pression \u00e9lev\u00e9e du jet de vapeur, la salet\u00e9 se d\u00e9tache de la surface du tapis et peut \u00eatre facilement retirer avec un chiffon en microfibre. Pour ce faire, ne frottez pas la salet\u00e9 dans le tissu, mais essayez de l\u2019en extraire en effectuant des mouvements de rotation. Enfin, comme d\u2019habitude, appliquez de la vapeur sur le tapis avec la brosse rectangulaire et un chiffon en microfibre et laissez s\u00e9cher quelque temps.<\/p>\n<\/dd>\n<\/dl>\n<div class=\"acf-fc-column acf-fc-column-1\">\n<h3 style=\"text-align: center;\">Vid\u00e9o de nettoyage du sol<\/h3>\n<\/p><\/div>\n<div class=\"acf-fc-column acf-fc-column-1\">\n<div class=\"video-container\"><iframe loading=\"lazy\" title=\"Bodenreinigung \/ cleaning floors\" width=\"1398\" height=\"786\" src=\"https:\/\/www.youtube.com\/embed\/uRDVPgd8CoI?list=PLYUOh1PELbftWFqh6gVBoC1MZlF4Umecd\" frameborder=\"0\" allow=\"accelerometer; autoplay; clipboard-write; encrypted-media; gyroscope; picture-in-picture; web-share\" allowfullscreen><\/iframe><\/div>\n<\/p><\/div>\n","protected":false},"excerpt":{"rendered":"<p>Des sols propres, un air pur Avez-vous d\u00e9j\u00e0 compt\u00e9 combien de fois par jour vous passez par la cuisine\u00a0? Gr\u00e2ce \u00e0 la gravit\u00e9, tout ce qui flotte dans l\u2019air ou sur nos meubles au fil du temps finit par atterrir au sol. Ces particules sont \u00e0 nouveau remu\u00e9es lorsqu\u2019on passe dessus, et tout recommence. Tout [&hellip;]<\/p>\n","protected":false},"author":5,"featured_media":0,"parent":2392,"menu_order":2,"comment_status":"closed","ping_status":"closed","template":"","meta":{"_acf_changed":false,"footnotes":""},"class_list":["post-2514","page","type-page","status-publish","hentry"],"acf":[],"_links":{"self":[{"href":"https:\/\/thermostar.ch\/fr\/wp-json\/wp\/v2\/pages\/2514","targetHints":{"allow":["GET"]}}],"collection":[{"href":"https:\/\/thermostar.ch\/fr\/wp-json\/wp\/v2\/pages"}],"about":[{"href":"https:\/\/thermostar.ch\/fr\/wp-json\/wp\/v2\/types\/page"}],"author":[{"embeddable":true,"href":"https:\/\/thermostar.ch\/fr\/wp-json\/wp\/v2\/users\/5"}],"replies":[{"embeddable":true,"href":"https:\/\/thermostar.ch\/fr\/wp-json\/wp\/v2\/comments?post=2514"}],"version-history":[{"count":6,"href":"https:\/\/thermostar.ch\/fr\/wp-json\/wp\/v2\/pages\/2514\/revisions"}],"predecessor-version":[{"id":3705,"href":"https:\/\/thermostar.ch\/fr\/wp-json\/wp\/v2\/pages\/2514\/revisions\/3705"}],"up":[{"embeddable":true,"href":"https:\/\/thermostar.ch\/fr\/wp-json\/wp\/v2\/pages\/2392"}],"wp:attachment":[{"href":"https:\/\/thermostar.ch\/fr\/wp-json\/wp\/v2\/media?parent=2514"}],"curies":[{"name":"wp","href":"https:\/\/api.w.org\/{rel}","templated":true}]}}