{"id":2531,"date":"2023-04-03T12:54:29","date_gmt":"2023-04-03T10:54:29","guid":{"rendered":"https:\/\/thermostar.ch\/applications\/matratzen\/"},"modified":"2025-12-10T10:27:52","modified_gmt":"2025-12-10T09:27:52","slug":"matelas","status":"publish","type":"page","link":"https:\/\/thermostar.ch\/fr\/applications\/matelas\/","title":{"rendered":"Matelas"},"content":{"rendered":"<div class=\"acf-fc-column acf-fc-column-1\">\n<h1 style=\"text-align: center;\">Dormir dans un endroit propre<\/h1>\n<\/p><\/div>\n<div class=\"acf-fc-column acf-fc-column-1\">\n<p style=\"text-align: center;\">En moyenne, une personne passe environ 24\u00a0ans de sa vie au lit. Et nous savons par notre propre exp\u00e9rience \u00e0 quel point avoir un sommeil sain est important pour nous. Les perturbations ext\u00e9rieures, telles qu\u2019une forte luminosit\u00e9 ou des nuisances sonores, les troubles du sommeil li\u00e9s \u00e0 la sant\u00e9, mais aussi un mauvais matelas ou un oreiller qui ne r\u00e9pond pas \u00e0 nos exigences, ont trop souvent une mauvaise influence sur la qualit\u00e9 de notre sommeil. Souvent, nous ne pouvons rien faire \u00e0 ce sujet. Mais vous pouvez facilement \u00e9viter la pr\u00e9sence de colocataires pathog\u00e8nes dans votre lit gr\u00e2ce \u00e0 votre Thermostar.<\/p>\n<p style=\"text-align: center;\">Les acariens et leurs excr\u00e9tions, mais aussi d\u2019autres allerg\u00e8nes s\u2019accumulent dans notre matelas et dans la literie. Au plus tard lorsque vous d\u00e9couvrez des taches jaun\u00e2tres suspectes sur vos draps, il est grand temps d\u2019agir. Mais m\u00eame avant cela, il est conseill\u00e9 de nettoyer r\u00e9guli\u00e8rement le matelas de la sueur et des squames et de le nettoyer en profondeur.<\/p>\n<\/p><\/div>\n<div>\n\t<img decoding=\"async\" class=\"alignleft\" src=\"https:\/\/thermostar.ch\/wp-content\/uploads\/2023\/04\/Kind_Matratze_2-150x150.jpg\"\/><\/p>\n<h2 class=\"h3\">Avec la vapeur s\u00e8che, c\u2019est mieux<\/h2>\n<p>&nbsp;<\/p>\n<p>Contrairement \u00e0 la literie, le matelas est confront\u00e9 au d\u00e9fi de ne pas pouvoir \u00eatre lav\u00e9 ou nettoy\u00e9 chimiquement. La plupart du temps, il est grand et lourd et m\u00eame le fait de le retourner, qui est recommand\u00e9, est souvent une \u00e9preuve. N\u00e9anmoins, le matelas est pr\u00e9cis\u00e9ment un foyer de germes et de contamination. Et c\u2019est justement l\u00e0 o\u00f9 l\u2019on esp\u00e8re se reposer et se r\u00e9g\u00e9n\u00e9rer que se cachent des \u00e9l\u00e9ments dangereux pour la sant\u00e9, sous forme de poussi\u00e8re, d\u2019allerg\u00e8nes et de germes.<\/p>\n<p>Nettoyez donc r\u00e9guli\u00e8rement votre matelas, cela en vaudra la peine\u00a0! \u00c9liminez d\u2019abord la poussi\u00e8re superficielle et les squames \u00e0 l\u2019aide d\u2019un aspirateur appropri\u00e9, puis utilisez votre Thermostar, de pr\u00e9f\u00e9rence avec la brosse rectangulaire, le tampon vapeur et un chiffon en microfibre. Appliquez une vaporisation intensive et lente sur l\u2019ensemble du matelas, afin que la chaleur de la vapeur puisse p\u00e9n\u00e9trer le plus profond\u00e9ment possible \u00e0 l\u2019int\u00e9rieur du matelas. Ensuite, vous devez d\u00e9sinfecter avec la solution HB et votre HS Blaster pour \u00e9liminer les derni\u00e8res bact\u00e9ries et germes restants. Nous vous souhaitons un bon sommeil r\u00e9parateur\u00a0!<\/p>\n<\/div>\n<div class=\"acf-fc-column acf-fc-column-1\">\n<h6><\/h6>\n<p class=\"h6\" style=\"text-align: center;\">T\u00e9l\u00e9chargez d\u00e8s maintenant notre APPLICATION et gardez toujours \u00e0 port\u00e9e de main les meilleurs conseils et astuces pour nettoyer avec votre Thermostar\u00a0!<\/p>\n<p>&nbsp;<\/p>\n<p style=\"text-align: center;\"><a class=\"button\" href=\"https:\/\/thermostar.info\/app\/#\/uses\">Download APP<\/a><\/p>\n<\/p><\/div>\n<div class=\"acf-fc-column acf-fc-column-1\">\n<h3>Le Blaster<\/h3>\n<p>Avec votre Blaster, vous disposez de l\u2019outil appropri\u00e9 pour d\u00e9sinfecter et assainir l\u2019ensemble de votre foyer. En raison de la crise sanitaire de ces derni\u00e8res ann\u00e9es, nous sommes devenus particuli\u00e8rement sensibles au sujet des bact\u00e9ries et des virus. Heureusement, nous voyons \u00e0 nouveau les choses avec un peu plus de s\u00e9r\u00e9nit\u00e9, mais il est tout de m\u00eame judicieux de d\u00e9sinfecter r\u00e9guli\u00e8rement certains endroits de la maison et d\u2019\u00e9liminer les mauvaises odeurs.<\/p>\n<p>Tout ce dont vous avez besoin est votre Thermostar et la solution HB, un produit de d\u00e9sinfection s\u00fbr \u00e0 base d\u2019eau. Remplissez simplement la solution pr\u00eate \u00e0 l\u2019emploi dans le flacon accessoire et gr\u00e2ce \u00e0 la pression qui en r\u00e9sulte, votre HS Blaster pulv\u00e9rise exactement le bon dosage sur les surfaces ou dans l\u2019air. Ne vous inqui\u00e9tez pas, la solution HB ne pr\u00e9sente aucun danger pour votre sant\u00e9 ! Que ce soit dans la cuisine, sur les jouets pour enfants, les paniers pour chiens ou votre matelas. Avec le Blaster, vous \u00eates toujours du c\u00f4t\u00e9 de la s\u00e9curit\u00e9.<\/p>\n<p>&nbsp;<\/p>\n<p><a class=\"button\" href=\"https:\/\/thermostar.ch\/fr\/thermostar\/accessoires\/\">Plus d&#8217;accessoires<\/a><\/p>\n<\/div>\n<div class=\"acf-fc-column acf-fc-column-1\">\n<h3 style=\"text-align: center;\">Conseils de l\u2019expert Thermostar<\/h3>\n<\/p><\/div>\n<dl>\n<dt><img width=\"350\" height=\"350\" src=\"https:\/\/thermostar.ch\/wp-content\/uploads\/2022\/12\/Stern_outline-350x350.png?ver=20221205145631\" class=\"\" alt=\"\" decoding=\"async\" loading=\"lazy\" srcset=\"https:\/\/thermostar.ch\/wp-content\/uploads\/2022\/12\/Stern_outline-350x350.png?ver=20221205145631 350w, https:\/\/thermostar.ch\/wp-content\/uploads\/2022\/12\/Stern_outline-150x150.png?ver=20221205145631 150w, https:\/\/thermostar.ch\/wp-content\/uploads\/2022\/12\/Stern_outline-300x300.png?ver=20221205145631 300w, https:\/\/thermostar.ch\/wp-content\/uploads\/2022\/12\/Stern_outline-32x32.png?ver=20221205145631 32w, https:\/\/thermostar.ch\/wp-content\/uploads\/2022\/12\/Stern_outline-180x180.png?ver=20221205145631 180w, https:\/\/thermostar.ch\/wp-content\/uploads\/2022\/12\/Stern_outline-192x192.png?ver=20221205145631 192w, https:\/\/thermostar.ch\/wp-content\/uploads\/2022\/12\/Stern_outline-270x270.png?ver=20221205145631 270w, https:\/\/thermostar.ch\/wp-content\/uploads\/2022\/12\/Stern_outline-200x200.png?ver=20221205145631 200w, https:\/\/thermostar.ch\/wp-content\/uploads\/2022\/12\/Stern_outline-250x250.png?ver=20221205145631 250w, https:\/\/thermostar.ch\/wp-content\/uploads\/2022\/12\/Stern_outline-400x400.png?ver=20221205145631 400w, https:\/\/thermostar.ch\/wp-content\/uploads\/2022\/12\/Stern_outline-100x100.png?ver=20221205145631 100w, https:\/\/thermostar.ch\/wp-content\/uploads\/2022\/12\/Stern_outline-75x75.png?ver=20221205145631 75w, https:\/\/thermostar.ch\/wp-content\/uploads\/2022\/12\/Stern_outline-130x130.png?ver=20221205145631 130w, https:\/\/thermostar.ch\/wp-content\/uploads\/2022\/12\/Stern_outline-50x50.png?ver=20221205145631 50w, https:\/\/thermostar.ch\/wp-content\/uploads\/2022\/12\/Stern_outline-471x471.png?ver=20221205145631 471w, https:\/\/thermostar.ch\/wp-content\/uploads\/2022\/12\/Stern_outline-405x405.png?ver=20221205145631 405w, https:\/\/thermostar.ch\/wp-content\/uploads\/2022\/12\/Stern_outline-305x305.png?ver=20221205145631 305w, https:\/\/thermostar.ch\/wp-content\/uploads\/2022\/12\/Stern_outline-466x466.png?ver=20221205145631 466w, https:\/\/thermostar.ch\/wp-content\/uploads\/2022\/12\/Stern_outline-480x480.png?ver=20221205145631 480w, https:\/\/thermostar.ch\/wp-content\/uploads\/2022\/12\/Stern_outline-380x380.png?ver=20221205145631 380w, https:\/\/thermostar.ch\/wp-content\/uploads\/2022\/12\/Stern_outline-320x320.png?ver=20221205145631 320w, https:\/\/thermostar.ch\/wp-content\/uploads\/2022\/12\/Stern_outline-280x280.png?ver=20221205145631 280w, https:\/\/thermostar.ch\/wp-content\/uploads\/2022\/12\/Stern_outline-240x240.png?ver=20221205145631 240w, https:\/\/thermostar.ch\/wp-content\/uploads\/2022\/12\/Stern_outline-360x360.png?ver=20221205145631 360w, https:\/\/thermostar.ch\/wp-content\/uploads\/2022\/12\/Stern_outline-460x460.png?ver=20221205145631 460w, https:\/\/thermostar.ch\/wp-content\/uploads\/2022\/12\/Stern_outline-80x80.png?ver=20221205145631 80w, https:\/\/thermostar.ch\/wp-content\/uploads\/2022\/12\/Stern_outline-412x412.png?ver=20221205145631 412w, https:\/\/thermostar.ch\/wp-content\/uploads\/2022\/12\/Stern_outline.png?ver=20221205145631 496w\" sizes=\"auto, (max-width: 350px) 100vw, 350px\" data-fancybox-title=\"Stern_outline\" data-fancybox-alt=\"\" data-fancybox-caption=\"\" data-fancybox-srcset=\"https:\/\/thermostar.ch\/wp-content\/uploads\/2022\/12\/Stern_outline-300x300.png 300w, https:\/\/thermostar.ch\/wp-content\/uploads\/2022\/12\/Stern_outline-150x150.png 150w, https:\/\/thermostar.ch\/wp-content\/uploads\/2022\/12\/Stern_outline-32x32.png 32w, https:\/\/thermostar.ch\/wp-content\/uploads\/2022\/12\/Stern_outline-180x180.png 180w, https:\/\/thermostar.ch\/wp-content\/uploads\/2022\/12\/Stern_outline-192x192.png 192w, https:\/\/thermostar.ch\/wp-content\/uploads\/2022\/12\/Stern_outline-270x270.png 270w, https:\/\/thermostar.ch\/wp-content\/uploads\/2022\/12\/Stern_outline-200x200.png 200w, https:\/\/thermostar.ch\/wp-content\/uploads\/2022\/12\/Stern_outline-250x250.png 250w, https:\/\/thermostar.ch\/wp-content\/uploads\/2022\/12\/Stern_outline-350x350.png 350w, https:\/\/thermostar.ch\/wp-content\/uploads\/2022\/12\/Stern_outline-400x400.png 400w, https:\/\/thermostar.ch\/wp-content\/uploads\/2022\/12\/Stern_outline-100x100.png 100w, https:\/\/thermostar.ch\/wp-content\/uploads\/2022\/12\/Stern_outline-75x75.png 75w, https:\/\/thermostar.ch\/wp-content\/uploads\/2022\/12\/Stern_outline-130x130.png 130w, https:\/\/thermostar.ch\/wp-content\/uploads\/2022\/12\/Stern_outline-50x50.png 50w, https:\/\/thermostar.ch\/wp-content\/uploads\/2022\/12\/Stern_outline-471x471.png 471w, https:\/\/thermostar.ch\/wp-content\/uploads\/2022\/12\/Stern_outline-405x405.png 405w, https:\/\/thermostar.ch\/wp-content\/uploads\/2022\/12\/Stern_outline-305x305.png 305w, https:\/\/thermostar.ch\/wp-content\/uploads\/2022\/12\/Stern_outline-466x466.png 466w, https:\/\/thermostar.ch\/wp-content\/uploads\/2022\/12\/Stern_outline-480x480.png 480w, https:\/\/thermostar.ch\/wp-content\/uploads\/2022\/12\/Stern_outline-380x380.png 380w, https:\/\/thermostar.ch\/wp-content\/uploads\/2022\/12\/Stern_outline-320x320.png 320w, https:\/\/thermostar.ch\/wp-content\/uploads\/2022\/12\/Stern_outline-280x280.png 280w, https:\/\/thermostar.ch\/wp-content\/uploads\/2022\/12\/Stern_outline-240x240.png 240w, https:\/\/thermostar.ch\/wp-content\/uploads\/2022\/12\/Stern_outline-360x360.png 360w, https:\/\/thermostar.ch\/wp-content\/uploads\/2022\/12\/Stern_outline-460x460.png 460w, https:\/\/thermostar.ch\/wp-content\/uploads\/2022\/12\/Stern_outline-80x80.png 80w, https:\/\/thermostar.ch\/wp-content\/uploads\/2022\/12\/Stern_outline-412x412.png 412w, https:\/\/thermostar.ch\/wp-content\/uploads\/2022\/12\/Stern_outline.png 496w\" \/><\/dt>\n<dd>\n<h6><\/h6>\n<h4 class=\"h6\">Un sommeil sans produits chimiques<\/h4>\n<p>Ces derni\u00e8res ann\u00e9es, de plus en plus de personnes se sont rendu compte \u00e0 quel point utiliser trop de produits chimiques de nettoyage est nocif pour notre organisme\u00a0: le nettoyage rend malade\u00a0! Cette d\u00e9claration, ou similaire, a souvent \u00e9t\u00e9 titr\u00e9e dans les magazines. Mais cela ne doit pas \u00eatre une invitation \u00e0 n\u00e9gliger l\u2019hygi\u00e8ne\u00a0! L\u2019hygi\u00e8ne est vitale pour notre sant\u00e9, en particulier dans la chambre \u00e0 coucher. Nettoyez donc toujours, surtout cette zone sensible, sans produits chimiques et uniquement avec la meilleure qualit\u00e9 de la vapeur s\u00e8che Thermostar\u00a0! Ainsi, vous ne surchargez pas davantage le corps de r\u00e9sidus et de vapeurs toxiques pendant sa phase de r\u00e9g\u00e9n\u00e9ration la plus importante, mais vous lui offrez des surfaces et un air purs, sans germes ni allerg\u00e8nes.<\/p>\n<\/dd>\n<dt><img width=\"350\" height=\"350\" src=\"https:\/\/thermostar.ch\/wp-content\/uploads\/2022\/12\/Stern_outline-350x350.png?ver=20221205145631\" class=\"\" alt=\"\" decoding=\"async\" loading=\"lazy\" srcset=\"https:\/\/thermostar.ch\/wp-content\/uploads\/2022\/12\/Stern_outline-350x350.png?ver=20221205145631 350w, https:\/\/thermostar.ch\/wp-content\/uploads\/2022\/12\/Stern_outline-150x150.png?ver=20221205145631 150w, https:\/\/thermostar.ch\/wp-content\/uploads\/2022\/12\/Stern_outline-300x300.png?ver=20221205145631 300w, https:\/\/thermostar.ch\/wp-content\/uploads\/2022\/12\/Stern_outline-32x32.png?ver=20221205145631 32w, https:\/\/thermostar.ch\/wp-content\/uploads\/2022\/12\/Stern_outline-180x180.png?ver=20221205145631 180w, https:\/\/thermostar.ch\/wp-content\/uploads\/2022\/12\/Stern_outline-192x192.png?ver=20221205145631 192w, https:\/\/thermostar.ch\/wp-content\/uploads\/2022\/12\/Stern_outline-270x270.png?ver=20221205145631 270w, https:\/\/thermostar.ch\/wp-content\/uploads\/2022\/12\/Stern_outline-200x200.png?ver=20221205145631 200w, https:\/\/thermostar.ch\/wp-content\/uploads\/2022\/12\/Stern_outline-250x250.png?ver=20221205145631 250w, https:\/\/thermostar.ch\/wp-content\/uploads\/2022\/12\/Stern_outline-400x400.png?ver=20221205145631 400w, https:\/\/thermostar.ch\/wp-content\/uploads\/2022\/12\/Stern_outline-100x100.png?ver=20221205145631 100w, https:\/\/thermostar.ch\/wp-content\/uploads\/2022\/12\/Stern_outline-75x75.png?ver=20221205145631 75w, https:\/\/thermostar.ch\/wp-content\/uploads\/2022\/12\/Stern_outline-130x130.png?ver=20221205145631 130w, https:\/\/thermostar.ch\/wp-content\/uploads\/2022\/12\/Stern_outline-50x50.png?ver=20221205145631 50w, https:\/\/thermostar.ch\/wp-content\/uploads\/2022\/12\/Stern_outline-471x471.png?ver=20221205145631 471w, https:\/\/thermostar.ch\/wp-content\/uploads\/2022\/12\/Stern_outline-405x405.png?ver=20221205145631 405w, https:\/\/thermostar.ch\/wp-content\/uploads\/2022\/12\/Stern_outline-305x305.png?ver=20221205145631 305w, https:\/\/thermostar.ch\/wp-content\/uploads\/2022\/12\/Stern_outline-466x466.png?ver=20221205145631 466w, https:\/\/thermostar.ch\/wp-content\/uploads\/2022\/12\/Stern_outline-480x480.png?ver=20221205145631 480w, https:\/\/thermostar.ch\/wp-content\/uploads\/2022\/12\/Stern_outline-380x380.png?ver=20221205145631 380w, https:\/\/thermostar.ch\/wp-content\/uploads\/2022\/12\/Stern_outline-320x320.png?ver=20221205145631 320w, https:\/\/thermostar.ch\/wp-content\/uploads\/2022\/12\/Stern_outline-280x280.png?ver=20221205145631 280w, https:\/\/thermostar.ch\/wp-content\/uploads\/2022\/12\/Stern_outline-240x240.png?ver=20221205145631 240w, https:\/\/thermostar.ch\/wp-content\/uploads\/2022\/12\/Stern_outline-360x360.png?ver=20221205145631 360w, https:\/\/thermostar.ch\/wp-content\/uploads\/2022\/12\/Stern_outline-460x460.png?ver=20221205145631 460w, https:\/\/thermostar.ch\/wp-content\/uploads\/2022\/12\/Stern_outline-80x80.png?ver=20221205145631 80w, https:\/\/thermostar.ch\/wp-content\/uploads\/2022\/12\/Stern_outline-412x412.png?ver=20221205145631 412w, https:\/\/thermostar.ch\/wp-content\/uploads\/2022\/12\/Stern_outline.png?ver=20221205145631 496w\" sizes=\"auto, (max-width: 350px) 100vw, 350px\" data-fancybox-title=\"Stern_outline\" data-fancybox-alt=\"\" data-fancybox-caption=\"\" data-fancybox-srcset=\"https:\/\/thermostar.ch\/wp-content\/uploads\/2022\/12\/Stern_outline-300x300.png 300w, https:\/\/thermostar.ch\/wp-content\/uploads\/2022\/12\/Stern_outline-150x150.png 150w, https:\/\/thermostar.ch\/wp-content\/uploads\/2022\/12\/Stern_outline-32x32.png 32w, https:\/\/thermostar.ch\/wp-content\/uploads\/2022\/12\/Stern_outline-180x180.png 180w, https:\/\/thermostar.ch\/wp-content\/uploads\/2022\/12\/Stern_outline-192x192.png 192w, https:\/\/thermostar.ch\/wp-content\/uploads\/2022\/12\/Stern_outline-270x270.png 270w, https:\/\/thermostar.ch\/wp-content\/uploads\/2022\/12\/Stern_outline-200x200.png 200w, https:\/\/thermostar.ch\/wp-content\/uploads\/2022\/12\/Stern_outline-250x250.png 250w, https:\/\/thermostar.ch\/wp-content\/uploads\/2022\/12\/Stern_outline-350x350.png 350w, https:\/\/thermostar.ch\/wp-content\/uploads\/2022\/12\/Stern_outline-400x400.png 400w, https:\/\/thermostar.ch\/wp-content\/uploads\/2022\/12\/Stern_outline-100x100.png 100w, https:\/\/thermostar.ch\/wp-content\/uploads\/2022\/12\/Stern_outline-75x75.png 75w, https:\/\/thermostar.ch\/wp-content\/uploads\/2022\/12\/Stern_outline-130x130.png 130w, https:\/\/thermostar.ch\/wp-content\/uploads\/2022\/12\/Stern_outline-50x50.png 50w, https:\/\/thermostar.ch\/wp-content\/uploads\/2022\/12\/Stern_outline-471x471.png 471w, https:\/\/thermostar.ch\/wp-content\/uploads\/2022\/12\/Stern_outline-405x405.png 405w, https:\/\/thermostar.ch\/wp-content\/uploads\/2022\/12\/Stern_outline-305x305.png 305w, https:\/\/thermostar.ch\/wp-content\/uploads\/2022\/12\/Stern_outline-466x466.png 466w, https:\/\/thermostar.ch\/wp-content\/uploads\/2022\/12\/Stern_outline-480x480.png 480w, https:\/\/thermostar.ch\/wp-content\/uploads\/2022\/12\/Stern_outline-380x380.png 380w, https:\/\/thermostar.ch\/wp-content\/uploads\/2022\/12\/Stern_outline-320x320.png 320w, https:\/\/thermostar.ch\/wp-content\/uploads\/2022\/12\/Stern_outline-280x280.png 280w, https:\/\/thermostar.ch\/wp-content\/uploads\/2022\/12\/Stern_outline-240x240.png 240w, https:\/\/thermostar.ch\/wp-content\/uploads\/2022\/12\/Stern_outline-360x360.png 360w, https:\/\/thermostar.ch\/wp-content\/uploads\/2022\/12\/Stern_outline-460x460.png 460w, https:\/\/thermostar.ch\/wp-content\/uploads\/2022\/12\/Stern_outline-80x80.png 80w, https:\/\/thermostar.ch\/wp-content\/uploads\/2022\/12\/Stern_outline-412x412.png 412w, https:\/\/thermostar.ch\/wp-content\/uploads\/2022\/12\/Stern_outline.png 496w\" \/><\/dt>\n<dd>\n<h6><\/h6>\n<h4 class=\"h6\">Un d\u00e9fi\u00a0: la chambre d\u2019enfant<\/h4>\n<p>La chambre d\u2019enfant est un d\u00e9fi particulier. Nos plus petits n\u2019ont pas toujours les plus hautes exigences en mati\u00e8re de propret\u00e9. Et si vous ne voulez pas constamment ranger et nettoyer derri\u00e8re votre enfant, vous feriez bien de fixer quelques r\u00e8gles d\u00e8s le d\u00e9part. Mais ce que nous recommandons \u00e9galement, c\u2019est de soutenir la sant\u00e9 des enfants\u00a0: nettoyez r\u00e9guli\u00e8rement les animaux en peluche et les jouets avec la buse \u00e0 vapeur. Votre enfant sera peut-\u00eatre m\u00eame heureux de vous aider et d\u2019apprendre \u00e0 utiliser le Thermostar de mani\u00e8re ludique. Et les maisons de poup\u00e9e, les grues de chantier ou les construction en Lego ont r\u00e9guli\u00e8rement besoin d\u2019un bon d\u00e9poussi\u00e9rage\u00a0!<\/p>\n<\/dd>\n<dt><img width=\"350\" height=\"350\" src=\"https:\/\/thermostar.ch\/wp-content\/uploads\/2022\/12\/Stern_outline-350x350.png?ver=20221205145631\" class=\"\" alt=\"\" decoding=\"async\" loading=\"lazy\" srcset=\"https:\/\/thermostar.ch\/wp-content\/uploads\/2022\/12\/Stern_outline-350x350.png?ver=20221205145631 350w, https:\/\/thermostar.ch\/wp-content\/uploads\/2022\/12\/Stern_outline-150x150.png?ver=20221205145631 150w, https:\/\/thermostar.ch\/wp-content\/uploads\/2022\/12\/Stern_outline-300x300.png?ver=20221205145631 300w, https:\/\/thermostar.ch\/wp-content\/uploads\/2022\/12\/Stern_outline-32x32.png?ver=20221205145631 32w, https:\/\/thermostar.ch\/wp-content\/uploads\/2022\/12\/Stern_outline-180x180.png?ver=20221205145631 180w, https:\/\/thermostar.ch\/wp-content\/uploads\/2022\/12\/Stern_outline-192x192.png?ver=20221205145631 192w, https:\/\/thermostar.ch\/wp-content\/uploads\/2022\/12\/Stern_outline-270x270.png?ver=20221205145631 270w, https:\/\/thermostar.ch\/wp-content\/uploads\/2022\/12\/Stern_outline-200x200.png?ver=20221205145631 200w, https:\/\/thermostar.ch\/wp-content\/uploads\/2022\/12\/Stern_outline-250x250.png?ver=20221205145631 250w, https:\/\/thermostar.ch\/wp-content\/uploads\/2022\/12\/Stern_outline-400x400.png?ver=20221205145631 400w, https:\/\/thermostar.ch\/wp-content\/uploads\/2022\/12\/Stern_outline-100x100.png?ver=20221205145631 100w, https:\/\/thermostar.ch\/wp-content\/uploads\/2022\/12\/Stern_outline-75x75.png?ver=20221205145631 75w, https:\/\/thermostar.ch\/wp-content\/uploads\/2022\/12\/Stern_outline-130x130.png?ver=20221205145631 130w, https:\/\/thermostar.ch\/wp-content\/uploads\/2022\/12\/Stern_outline-50x50.png?ver=20221205145631 50w, https:\/\/thermostar.ch\/wp-content\/uploads\/2022\/12\/Stern_outline-471x471.png?ver=20221205145631 471w, https:\/\/thermostar.ch\/wp-content\/uploads\/2022\/12\/Stern_outline-405x405.png?ver=20221205145631 405w, https:\/\/thermostar.ch\/wp-content\/uploads\/2022\/12\/Stern_outline-305x305.png?ver=20221205145631 305w, https:\/\/thermostar.ch\/wp-content\/uploads\/2022\/12\/Stern_outline-466x466.png?ver=20221205145631 466w, https:\/\/thermostar.ch\/wp-content\/uploads\/2022\/12\/Stern_outline-480x480.png?ver=20221205145631 480w, https:\/\/thermostar.ch\/wp-content\/uploads\/2022\/12\/Stern_outline-380x380.png?ver=20221205145631 380w, https:\/\/thermostar.ch\/wp-content\/uploads\/2022\/12\/Stern_outline-320x320.png?ver=20221205145631 320w, https:\/\/thermostar.ch\/wp-content\/uploads\/2022\/12\/Stern_outline-280x280.png?ver=20221205145631 280w, https:\/\/thermostar.ch\/wp-content\/uploads\/2022\/12\/Stern_outline-240x240.png?ver=20221205145631 240w, https:\/\/thermostar.ch\/wp-content\/uploads\/2022\/12\/Stern_outline-360x360.png?ver=20221205145631 360w, https:\/\/thermostar.ch\/wp-content\/uploads\/2022\/12\/Stern_outline-460x460.png?ver=20221205145631 460w, https:\/\/thermostar.ch\/wp-content\/uploads\/2022\/12\/Stern_outline-80x80.png?ver=20221205145631 80w, https:\/\/thermostar.ch\/wp-content\/uploads\/2022\/12\/Stern_outline-412x412.png?ver=20221205145631 412w, https:\/\/thermostar.ch\/wp-content\/uploads\/2022\/12\/Stern_outline.png?ver=20221205145631 496w\" sizes=\"auto, (max-width: 350px) 100vw, 350px\" data-fancybox-title=\"Stern_outline\" data-fancybox-alt=\"\" data-fancybox-caption=\"\" data-fancybox-srcset=\"https:\/\/thermostar.ch\/wp-content\/uploads\/2022\/12\/Stern_outline-300x300.png 300w, https:\/\/thermostar.ch\/wp-content\/uploads\/2022\/12\/Stern_outline-150x150.png 150w, https:\/\/thermostar.ch\/wp-content\/uploads\/2022\/12\/Stern_outline-32x32.png 32w, https:\/\/thermostar.ch\/wp-content\/uploads\/2022\/12\/Stern_outline-180x180.png 180w, https:\/\/thermostar.ch\/wp-content\/uploads\/2022\/12\/Stern_outline-192x192.png 192w, https:\/\/thermostar.ch\/wp-content\/uploads\/2022\/12\/Stern_outline-270x270.png 270w, https:\/\/thermostar.ch\/wp-content\/uploads\/2022\/12\/Stern_outline-200x200.png 200w, https:\/\/thermostar.ch\/wp-content\/uploads\/2022\/12\/Stern_outline-250x250.png 250w, https:\/\/thermostar.ch\/wp-content\/uploads\/2022\/12\/Stern_outline-350x350.png 350w, https:\/\/thermostar.ch\/wp-content\/uploads\/2022\/12\/Stern_outline-400x400.png 400w, https:\/\/thermostar.ch\/wp-content\/uploads\/2022\/12\/Stern_outline-100x100.png 100w, https:\/\/thermostar.ch\/wp-content\/uploads\/2022\/12\/Stern_outline-75x75.png 75w, https:\/\/thermostar.ch\/wp-content\/uploads\/2022\/12\/Stern_outline-130x130.png 130w, https:\/\/thermostar.ch\/wp-content\/uploads\/2022\/12\/Stern_outline-50x50.png 50w, https:\/\/thermostar.ch\/wp-content\/uploads\/2022\/12\/Stern_outline-471x471.png 471w, https:\/\/thermostar.ch\/wp-content\/uploads\/2022\/12\/Stern_outline-405x405.png 405w, https:\/\/thermostar.ch\/wp-content\/uploads\/2022\/12\/Stern_outline-305x305.png 305w, https:\/\/thermostar.ch\/wp-content\/uploads\/2022\/12\/Stern_outline-466x466.png 466w, https:\/\/thermostar.ch\/wp-content\/uploads\/2022\/12\/Stern_outline-480x480.png 480w, https:\/\/thermostar.ch\/wp-content\/uploads\/2022\/12\/Stern_outline-380x380.png 380w, https:\/\/thermostar.ch\/wp-content\/uploads\/2022\/12\/Stern_outline-320x320.png 320w, https:\/\/thermostar.ch\/wp-content\/uploads\/2022\/12\/Stern_outline-280x280.png 280w, https:\/\/thermostar.ch\/wp-content\/uploads\/2022\/12\/Stern_outline-240x240.png 240w, https:\/\/thermostar.ch\/wp-content\/uploads\/2022\/12\/Stern_outline-360x360.png 360w, https:\/\/thermostar.ch\/wp-content\/uploads\/2022\/12\/Stern_outline-460x460.png 460w, https:\/\/thermostar.ch\/wp-content\/uploads\/2022\/12\/Stern_outline-80x80.png 80w, https:\/\/thermostar.ch\/wp-content\/uploads\/2022\/12\/Stern_outline-412x412.png 412w, https:\/\/thermostar.ch\/wp-content\/uploads\/2022\/12\/Stern_outline.png 496w\" \/><\/dt>\n<dd>\n<h6><\/h6>\n<h4 class=\"h6\">Rafra\u00eechir les rideaux<\/h4>\n<p>Souvent, on trouve dans les chambres \u00e0 coucher beaucoup de rideaux et de coussins d\u00e9coratifs, de couvre-lits et d\u2019autres textiles. Ce qui est beau et offre une bonne protection contre les regards n\u2019est pas toujours facile et amusant \u00e0 laver ni \u00e0 garder propre. Par cons\u00e9quent, vaporisez r\u00e9guli\u00e8rement vos textiles avec la buse \u00e0 vapeur, la poussi\u00e8re, le pollen et d\u2019autres allerg\u00e8nes s\u2019accumuleront ensuite sur le sol et pourront \u00eatre facilement \u00e9limin\u00e9s. Vous conservez ainsi un climat int\u00e9rieur sain et agr\u00e9able et pr\u00e9venez les odeurs d\u00e9sagr\u00e9ables.<\/p>\n<\/dd>\n<\/dl>\n<div class=\"acf-fc-column acf-fc-column-1\">\n<h3 style=\"text-align: center;\">Vid\u00e9o matelas et oreillers<\/h3>\n<\/p><\/div>\n<div class=\"acf-fc-column acf-fc-column-1\">\n<div class=\"video-container\"><iframe loading=\"lazy\" title=\"Matratzen &amp; Polsterm\u00f6bel - Cleaning mattresses &amp; upholstered furniture with Thermostar\" width=\"1398\" height=\"786\" src=\"https:\/\/www.youtube.com\/embed\/R0cwLgqF0U0?feature=oembed&amp;rel=0&amp;showinfo=0\" frameborder=\"0\" allow=\"accelerometer; autoplay; clipboard-write; encrypted-media; gyroscope; picture-in-picture; web-share\" allowfullscreen><\/iframe><\/div>\n<\/p><\/div>\n","protected":false},"excerpt":{"rendered":"<p>Dormir dans un endroit propre En moyenne, une personne passe environ 24\u00a0ans de sa vie au lit. Et nous savons par notre propre exp\u00e9rience \u00e0 quel point avoir un sommeil sain est important pour nous. Les perturbations ext\u00e9rieures, telles qu\u2019une forte luminosit\u00e9 ou des nuisances sonores, les troubles du sommeil li\u00e9s \u00e0 la sant\u00e9, mais [&hellip;]<\/p>\n","protected":false},"author":5,"featured_media":0,"parent":2392,"menu_order":2,"comment_status":"closed","ping_status":"closed","template":"","meta":{"_acf_changed":false,"footnotes":""},"class_list":["post-2531","page","type-page","status-publish","hentry"],"acf":[],"_links":{"self":[{"href":"https:\/\/thermostar.ch\/fr\/wp-json\/wp\/v2\/pages\/2531","targetHints":{"allow":["GET"]}}],"collection":[{"href":"https:\/\/thermostar.ch\/fr\/wp-json\/wp\/v2\/pages"}],"about":[{"href":"https:\/\/thermostar.ch\/fr\/wp-json\/wp\/v2\/types\/page"}],"author":[{"embeddable":true,"href":"https:\/\/thermostar.ch\/fr\/wp-json\/wp\/v2\/users\/5"}],"replies":[{"embeddable":true,"href":"https:\/\/thermostar.ch\/fr\/wp-json\/wp\/v2\/comments?post=2531"}],"version-history":[{"count":4,"href":"https:\/\/thermostar.ch\/fr\/wp-json\/wp\/v2\/pages\/2531\/revisions"}],"predecessor-version":[{"id":3717,"href":"https:\/\/thermostar.ch\/fr\/wp-json\/wp\/v2\/pages\/2531\/revisions\/3717"}],"up":[{"embeddable":true,"href":"https:\/\/thermostar.ch\/fr\/wp-json\/wp\/v2\/pages\/2392"}],"wp:attachment":[{"href":"https:\/\/thermostar.ch\/fr\/wp-json\/wp\/v2\/media?parent=2531"}],"curies":[{"name":"wp","href":"https:\/\/api.w.org\/{rel}","templated":true}]}}