{"id":2345,"date":"2022-12-02T11:31:07","date_gmt":"2022-12-02T10:31:07","guid":{"rendered":"https:\/\/thermostar.ch\/neuheiten\/"},"modified":"2025-12-04T13:03:51","modified_gmt":"2025-12-04T12:03:51","slug":"innovazioni","status":"publish","type":"page","link":"https:\/\/thermostar.ch\/it\/thermostar\/innovazioni\/","title":{"rendered":"Innovazioni"},"content":{"rendered":"<div class=\"acf-fc-column acf-fc-column-1\">\n<h1 style=\"text-align: center;\">I nostri nuovi prodotti<\/h1>\n<\/p><\/div>\n<div class=\"acf-fc-column acf-fc-column-1\">\n<p style=\"text-align: center;\">Siamo costantemente alla ricerca di miglioramenti. E cos\u00ec siamo costantemente alla ricerca delle integrazioni perfette per la pulizia green con il sistema a vapore secco Thermostar, mantenendo sempre i pi\u00f9 alti standard in quanto a qualit\u00e0, lavorazione e sostenibilit\u00e0 dei prodotti. Soltanto le invenzioni di primo livello assoluto, senza nessun tipo di additivi chimici, trovano posto nel nostro assortimento. Qui puoi scoprire quali novit\u00e0 possono portare l&#8217;esperienza di pulizia con Thermostar ancora pi\u00f9 in alto. Chiedi informazioni in merito al tuo consulente Thermostar!<\/p>\n<p>&nbsp;<\/p>\n<p style=\"text-align: center;\"><a class=\"button\" href=\"https:\/\/thermostar.ch\/it\/rivenditori\/\">Thermostar rivenditori<\/a><\/p>\n<\/p><\/div>\n<div class=\"acf-fc-column acf-fc-column-1\">\n<p><a href=\"https:\/\/thermostar.ch\/wp-content\/uploads\/2022\/12\/Desinfektion_HS_Blaster.jpg\"><img loading=\"lazy\" decoding=\"async\" class=\"alignright wp-image-836 size-content_square_xlarge\" src=\"https:\/\/thermostar.ch\/wp-content\/uploads\/2022\/12\/Desinfektion_HS_Blaster-400x400.jpg\" alt=\"HB Solution, disinfezione sicura su base naturale, atomizzatore HS Blaster\" width=\"400\" height=\"400\" srcset=\"https:\/\/thermostar.ch\/wp-content\/uploads\/2022\/12\/Desinfektion_HS_Blaster-400x400.jpg 400w, https:\/\/thermostar.ch\/wp-content\/uploads\/2022\/12\/Desinfektion_HS_Blaster-150x150.jpg 150w, https:\/\/thermostar.ch\/wp-content\/uploads\/2022\/12\/Desinfektion_HS_Blaster-32x32.jpg 32w, https:\/\/thermostar.ch\/wp-content\/uploads\/2022\/12\/Desinfektion_HS_Blaster-180x180.jpg 180w, https:\/\/thermostar.ch\/wp-content\/uploads\/2022\/12\/Desinfektion_HS_Blaster-192x192.jpg 192w, https:\/\/thermostar.ch\/wp-content\/uploads\/2022\/12\/Desinfektion_HS_Blaster-270x270.jpg 270w, https:\/\/thermostar.ch\/wp-content\/uploads\/2022\/12\/Desinfektion_HS_Blaster-512x512.jpg 512w, https:\/\/thermostar.ch\/wp-content\/uploads\/2022\/12\/Desinfektion_HS_Blaster-100x100.jpg 100w, https:\/\/thermostar.ch\/wp-content\/uploads\/2022\/12\/Desinfektion_HS_Blaster-200x200.jpg 200w, https:\/\/thermostar.ch\/wp-content\/uploads\/2022\/12\/Desinfektion_HS_Blaster-250x250.jpg 250w, https:\/\/thermostar.ch\/wp-content\/uploads\/2022\/12\/Desinfektion_HS_Blaster-300x300.jpg 300w, https:\/\/thermostar.ch\/wp-content\/uploads\/2022\/12\/Desinfektion_HS_Blaster-350x350.jpg 350w, https:\/\/thermostar.ch\/wp-content\/uploads\/2022\/12\/Desinfektion_HS_Blaster-1200x1200.jpg 1200w, https:\/\/thermostar.ch\/wp-content\/uploads\/2022\/12\/Desinfektion_HS_Blaster-900x900.jpg 900w, https:\/\/thermostar.ch\/wp-content\/uploads\/2022\/12\/Desinfektion_HS_Blaster-699x699.jpg 699w, https:\/\/thermostar.ch\/wp-content\/uploads\/2022\/12\/Desinfektion_HS_Blaster-640x640.jpg 640w, https:\/\/thermostar.ch\/wp-content\/uploads\/2022\/12\/Desinfektion_HS_Blaster-1280x1278.jpg 1280w, https:\/\/thermostar.ch\/wp-content\/uploads\/2022\/12\/Desinfektion_HS_Blaster-480x480.jpg 480w, https:\/\/thermostar.ch\/wp-content\/uploads\/2022\/12\/Desinfektion_HS_Blaster-960x960.jpg 960w, https:\/\/thermostar.ch\/wp-content\/uploads\/2022\/12\/Desinfektion_HS_Blaster-380x380.jpg 380w, https:\/\/thermostar.ch\/wp-content\/uploads\/2022\/12\/Desinfektion_HS_Blaster-780x780.jpg 780w, https:\/\/thermostar.ch\/wp-content\/uploads\/2022\/12\/Desinfektion_HS_Blaster-320x320.jpg 320w, https:\/\/thermostar.ch\/wp-content\/uploads\/2022\/12\/Desinfektion_HS_Blaster-280x280.jpg 280w, https:\/\/thermostar.ch\/wp-content\/uploads\/2022\/12\/Desinfektion_HS_Blaster-560x560.jpg 560w, https:\/\/thermostar.ch\/wp-content\/uploads\/2022\/12\/Desinfektion_HS_Blaster-240x240.jpg 240w, https:\/\/thermostar.ch\/wp-content\/uploads\/2022\/12\/Desinfektion_HS_Blaster-940x940.jpg 940w, https:\/\/thermostar.ch\/wp-content\/uploads\/2022\/12\/Desinfektion_HS_Blaster-360x360.jpg 360w, https:\/\/thermostar.ch\/wp-content\/uploads\/2022\/12\/Desinfektion_HS_Blaster-700x700.jpg 700w, https:\/\/thermostar.ch\/wp-content\/uploads\/2022\/12\/Desinfektion_HS_Blaster-600x600.jpg 600w, https:\/\/thermostar.ch\/wp-content\/uploads\/2022\/12\/Desinfektion_HS_Blaster-460x460.jpg 460w, https:\/\/thermostar.ch\/wp-content\/uploads\/2022\/12\/Desinfektion_HS_Blaster-466x466.jpg 466w, https:\/\/thermostar.ch\/wp-content\/uploads\/2022\/12\/Desinfektion_HS_Blaster-932x932.jpg 932w, https:\/\/thermostar.ch\/wp-content\/uploads\/2022\/12\/Desinfektion_HS_Blaster-500x500.jpg 500w, https:\/\/thermostar.ch\/wp-content\/uploads\/2022\/12\/Desinfektion_HS_Blaster-412x412.jpg 412w\" sizes=\"auto, (max-width: 400px) 100vw, 400px\" data-fancybox-title=\"Desinfektion HB Solution\" data-fancybox-alt=\"Thermostar Desinfektion mit HB Solution, einfach und sicher\" data-fancybox-caption=\"Thermostar Handels-GmbH \nAuen-S\u00fcduferstra\u00dfe 67\n9220 Velden\" \/><\/a><\/p>\n<\/p><\/div>\n<div class=\"acf-fc-column acf-fc-column-2\">\n<h2 class=\"h3\" style=\"text-align: left;\">HB Solution<\/h2>\n<p class=\"h6\" style=\"text-align: left;\">Pulizia perfetta su base naturale<\/p>\n<p>L&#8217;interconnessione globale causa un aumento vertiginoso della diffusione di batteri e germi. L&#8217;igiene \u00e8 diventata molto pi\u00f9 che la semplice rimozione di polvere e sporcizia!<br \/>\nHB Solution \u00e8 la nostra soluzione per l&#8217;igiene perfetta a casa e in ufficio. La pulizia profonda con micro vapore secco pulisce e prepara le superfici in modo ottimale. Grazie all&#8217;HS Blaster, appositamente sviluppato, il tuo pulitore termico diventa con un solo gesto un nebulizzatore per l&#8217;igiene che sfrutta in modo ottimale l&#8217;elevata pressione del vapore.<br \/>\nHB Solution non contiene ingredienti pericolosi per le persone e gli animali, \u00e8 privo di additivi e allergeni ed \u00e8 quindi completamente sicuro dal punto di vista biologico e tossicologico.<\/p>\n<\/p><\/div>\n<div class=\"acf-fc-column acf-fc-column-1\">\n<h2 class=\"h3\" style=\"text-align: right;\">PRO Seal<\/h2>\n<p class=\"h6\" style=\"text-align: right;\">Protezione perfetta contro lo sporco appiccicoso<\/p>\n<p style=\"text-align: right;\">Sicuramente ti sar\u00e0 gi\u00e0 capitato: hai appena finito di pulire casa, e in alcune zone ricominci gi\u00e0 a vedere polvere, striature, residui di calcare o di grasso. Te ne sei fatto una ragione, ma non devi accettarlo per forza!<br \/>\nGrazie alla nostra nuova e rivoluzionaria protezione per superfici PRO Seal, la tua casa si manterr\u00e0 per giorni come appena pulita. E il bello \u00e8 che con un uso regolare, ogni pulizia successiva sar\u00e0 un gioco da ragazzi! E come tutti i nostri prodotti, PRO Seal \u00e8 completamente privo di additivi chimici tossici!<br \/>\nPRO Seal \u00e8 la protezione ideale per tutte le superfici. Questo prodotto rifinisce la superficie fino in profondit\u00e0 e in modo efficace con silicio naturale ed ecologico ed evita che lo sporco e le impurit\u00e0 vi possano aderire.<\/p>\n<\/p><\/div>\n<div class=\"acf-fc-column acf-fc-column-2\">\n<p><a href=\"https:\/\/thermostar.ch\/wp-content\/uploads\/2022\/12\/DSC3453.jpg\"><img loading=\"lazy\" decoding=\"async\" class=\"alignleft wp-image-835 size-content_square_xlarge\" src=\"https:\/\/thermostar.ch\/wp-content\/uploads\/2022\/12\/DSC3453-400x400.jpg\" alt=\"PRO Seal, protezione perfetta contro l'adesione dello sporco\" width=\"400\" height=\"400\" srcset=\"https:\/\/thermostar.ch\/wp-content\/uploads\/2022\/12\/DSC3453-400x400.jpg 400w, https:\/\/thermostar.ch\/wp-content\/uploads\/2022\/12\/DSC3453-150x150.jpg 150w, https:\/\/thermostar.ch\/wp-content\/uploads\/2022\/12\/DSC3453-32x32.jpg 32w, https:\/\/thermostar.ch\/wp-content\/uploads\/2022\/12\/DSC3453-180x180.jpg 180w, https:\/\/thermostar.ch\/wp-content\/uploads\/2022\/12\/DSC3453-192x192.jpg 192w, https:\/\/thermostar.ch\/wp-content\/uploads\/2022\/12\/DSC3453-270x270.jpg 270w, https:\/\/thermostar.ch\/wp-content\/uploads\/2022\/12\/DSC3453-512x512.jpg 512w, https:\/\/thermostar.ch\/wp-content\/uploads\/2022\/12\/DSC3453-100x100.jpg 100w, https:\/\/thermostar.ch\/wp-content\/uploads\/2022\/12\/DSC3453-200x200.jpg 200w, https:\/\/thermostar.ch\/wp-content\/uploads\/2022\/12\/DSC3453-250x250.jpg 250w, https:\/\/thermostar.ch\/wp-content\/uploads\/2022\/12\/DSC3453-300x300.jpg 300w, https:\/\/thermostar.ch\/wp-content\/uploads\/2022\/12\/DSC3453-350x350.jpg 350w, https:\/\/thermostar.ch\/wp-content\/uploads\/2022\/12\/DSC3453-1200x1200.jpg 1200w, https:\/\/thermostar.ch\/wp-content\/uploads\/2022\/12\/DSC3453-900x900.jpg 900w, https:\/\/thermostar.ch\/wp-content\/uploads\/2022\/12\/DSC3453-699x699.jpg 699w, https:\/\/thermostar.ch\/wp-content\/uploads\/2022\/12\/DSC3453-640x640.jpg 640w, https:\/\/thermostar.ch\/wp-content\/uploads\/2022\/12\/DSC3453-1280x1280.jpg 1280w, https:\/\/thermostar.ch\/wp-content\/uploads\/2022\/12\/DSC3453-480x480.jpg 480w, https:\/\/thermostar.ch\/wp-content\/uploads\/2022\/12\/DSC3453-960x960.jpg 960w, https:\/\/thermostar.ch\/wp-content\/uploads\/2022\/12\/DSC3453-380x380.jpg 380w, https:\/\/thermostar.ch\/wp-content\/uploads\/2022\/12\/DSC3453-780x780.jpg 780w, https:\/\/thermostar.ch\/wp-content\/uploads\/2022\/12\/DSC3453-320x320.jpg 320w, https:\/\/thermostar.ch\/wp-content\/uploads\/2022\/12\/DSC3453-280x280.jpg 280w, https:\/\/thermostar.ch\/wp-content\/uploads\/2022\/12\/DSC3453-560x560.jpg 560w, https:\/\/thermostar.ch\/wp-content\/uploads\/2022\/12\/DSC3453-240x240.jpg 240w, https:\/\/thermostar.ch\/wp-content\/uploads\/2022\/12\/DSC3453-940x940.jpg 940w, https:\/\/thermostar.ch\/wp-content\/uploads\/2022\/12\/DSC3453-360x360.jpg 360w, https:\/\/thermostar.ch\/wp-content\/uploads\/2022\/12\/DSC3453-700x700.jpg 700w, https:\/\/thermostar.ch\/wp-content\/uploads\/2022\/12\/DSC3453-600x600.jpg 600w, https:\/\/thermostar.ch\/wp-content\/uploads\/2022\/12\/DSC3453-460x460.jpg 460w, https:\/\/thermostar.ch\/wp-content\/uploads\/2022\/12\/DSC3453-466x466.jpg 466w, https:\/\/thermostar.ch\/wp-content\/uploads\/2022\/12\/DSC3453-932x932.jpg 932w, https:\/\/thermostar.ch\/wp-content\/uploads\/2022\/12\/DSC3453-500x500.jpg 500w, https:\/\/thermostar.ch\/wp-content\/uploads\/2022\/12\/DSC3453-412x412.jpg 412w\" sizes=\"auto, (max-width: 400px) 100vw, 400px\" data-fancybox-title=\"Veredelung PRO Seal\" data-fancybox-alt=\"Thermostar PRO Seal, Veredelung der Oberfl\u00e4chen mit Silizium\" data-fancybox-caption=\"\" \/><\/a><\/p>\n<\/p><\/div>\n<div class=\"acf-fc-column acf-fc-column-1\">\n<p style=\"text-align: right;\"><a href=\"https:\/\/thermostar.ch\/wp-content\/uploads\/2022\/12\/Vorteile.jpg\"><img loading=\"lazy\" decoding=\"async\" class=\"alignright wp-image-837 size-content_square_xlarge\" src=\"https:\/\/thermostar.ch\/wp-content\/uploads\/2022\/12\/Vorteile-400x400.jpg\" alt=\"Wipe&amp;Clean, panni in microfibra 2 in 1 con molecole di rame\" width=\"400\" height=\"400\" srcset=\"https:\/\/thermostar.ch\/wp-content\/uploads\/2022\/12\/Vorteile-400x400.jpg 400w, https:\/\/thermostar.ch\/wp-content\/uploads\/2022\/12\/Vorteile-150x150.jpg 150w, https:\/\/thermostar.ch\/wp-content\/uploads\/2022\/12\/Vorteile-32x32.jpg 32w, https:\/\/thermostar.ch\/wp-content\/uploads\/2022\/12\/Vorteile-180x180.jpg 180w, https:\/\/thermostar.ch\/wp-content\/uploads\/2022\/12\/Vorteile-192x192.jpg 192w, https:\/\/thermostar.ch\/wp-content\/uploads\/2022\/12\/Vorteile-270x270.jpg 270w, https:\/\/thermostar.ch\/wp-content\/uploads\/2022\/12\/Vorteile-100x100.jpg 100w, https:\/\/thermostar.ch\/wp-content\/uploads\/2022\/12\/Vorteile-200x200.jpg 200w, https:\/\/thermostar.ch\/wp-content\/uploads\/2022\/12\/Vorteile-250x250.jpg 250w, https:\/\/thermostar.ch\/wp-content\/uploads\/2022\/12\/Vorteile-300x300.jpg 300w, https:\/\/thermostar.ch\/wp-content\/uploads\/2022\/12\/Vorteile-350x350.jpg 350w, https:\/\/thermostar.ch\/wp-content\/uploads\/2022\/12\/Vorteile-380x380.jpg 380w, https:\/\/thermostar.ch\/wp-content\/uploads\/2022\/12\/Vorteile-320x320.jpg 320w, https:\/\/thermostar.ch\/wp-content\/uploads\/2022\/12\/Vorteile-280x280.jpg 280w, https:\/\/thermostar.ch\/wp-content\/uploads\/2022\/12\/Vorteile-240x240.jpg 240w, https:\/\/thermostar.ch\/wp-content\/uploads\/2022\/12\/Vorteile-360x360.jpg 360w, https:\/\/thermostar.ch\/wp-content\/uploads\/2022\/12\/Vorteile-460x460.jpg 460w, https:\/\/thermostar.ch\/wp-content\/uploads\/2022\/12\/Vorteile-412x412.jpg 412w\" sizes=\"auto, (max-width: 400px) 100vw, 400px\" data-fancybox-title=\"Wipe and Clean\" data-fancybox-alt=\"Thermostar Mikrofasertuch Wipe and Clean mit Kupferpigmenten\" data-fancybox-caption=\"\" \/><\/a><\/p>\n<\/p><\/div>\n<div class=\"acf-fc-column acf-fc-column-2\">\n<h2 class=\"h3\" style=\"text-align: left;\">Wipe&amp;Clean<\/h2>\n<p class=\"h6\" style=\"text-align: left;\">Panni in microfibra 2 in 1 con molecole di rame<\/p>\n<p>La nostra esclusiva tecnologia a vapore secco incontra gli innovativi panni in microfibra per la pulizia. Le salviette Wipe&amp;Clean sono arricchite con minuscoli pigmenti di rame in un processo brevettato. Attraverso il legame con il vapore o l&#8217;acqua, i pigmenti di rame incorporati rilasciano ioni e i batteri e i virus assorbiti vengono inattivati.<br \/>\nIn questo modo si perfeziona ancora di pi\u00f9 l&#8217;elevata potenza di pulizia del vapore secco micro: con Wipe&amp;Clean non solo si rimuove lo sporco, ma anche il 99,9% di batteri e virus! Rispetto alle salviette tradizionali, il rischio di infezione, la diffusione dei germi e soprattutto la formazione di odori sgradevoli vengono significativamente ridotti.<\/p>\n<\/p><\/div>\n<div class=\"acf-fc-column acf-fc-column-1\">\n<h2 class=\"h3\" style=\"text-align: right;\">Detergente molecolare<\/h2>\n<p class=\"h6\" style=\"text-align: right;\">Il potere naturale degli enzimi<\/p>\n<p style=\"text-align: right;\">Molecular Cleaner \u00e8 un detergente enzimatico efficace e biodegradabile. Lo sporco organico viene rimosso rapidamente ed efficacemente grazie alla micro-cleavage. Non lascia praticamente residui sotto forma di tensioattivi o depositi simili. La soluzione di lavoro pu\u00f2 essere utilizzata su tutte le superfici insensibili all&#8217;acqua ed \u00e8 completamente innocua dal punto di vista chimico. Quindi, quando il solo vapore secco non \u00e8 pi\u00f9 sufficiente, con Molecular Cleaner si va sul sicuro.<br \/>\nGli enzimi sono componenti di ogni organismo vivente. Molecular Cleaner utilizza gli enzimi per scomporre i grassi, le proteine e l&#8217;amido, rendendolo perfetto per rimuovere un&#8217;ampia gamma di sporco organico.<\/p>\n<\/p><\/div>\n<div class=\"acf-fc-column acf-fc-column-2\">\n<p><a href=\"https:\/\/thermostar.ch\/wp-content\/uploads\/2024\/05\/MolecularCleaner-Label.jpg\"><img loading=\"lazy\" decoding=\"async\" class=\"alignleft wp-image-3177 size-content_square_xlarge\" src=\"https:\/\/thermostar.ch\/wp-content\/uploads\/2024\/05\/MolecularCleaner-Label-400x400.jpg\" alt=\"Molecular Cleaner - pulizia profonda grazie al potere naturale degli enzimi\" width=\"400\" height=\"400\" srcset=\"https:\/\/thermostar.ch\/wp-content\/uploads\/2024\/05\/MolecularCleaner-Label-400x400.jpg 400w, https:\/\/thermostar.ch\/wp-content\/uploads\/2024\/05\/MolecularCleaner-Label-150x150.jpg 150w, https:\/\/thermostar.ch\/wp-content\/uploads\/2024\/05\/MolecularCleaner-Label-32x32.jpg 32w, https:\/\/thermostar.ch\/wp-content\/uploads\/2024\/05\/MolecularCleaner-Label-180x180.jpg 180w, https:\/\/thermostar.ch\/wp-content\/uploads\/2024\/05\/MolecularCleaner-Label-192x192.jpg 192w, https:\/\/thermostar.ch\/wp-content\/uploads\/2024\/05\/MolecularCleaner-Label-270x270.jpg 270w, https:\/\/thermostar.ch\/wp-content\/uploads\/2024\/05\/MolecularCleaner-Label-512x512.jpg 512w, https:\/\/thermostar.ch\/wp-content\/uploads\/2024\/05\/MolecularCleaner-Label-100x100.jpg 100w, https:\/\/thermostar.ch\/wp-content\/uploads\/2024\/05\/MolecularCleaner-Label-200x200.jpg 200w, https:\/\/thermostar.ch\/wp-content\/uploads\/2024\/05\/MolecularCleaner-Label-250x250.jpg 250w, https:\/\/thermostar.ch\/wp-content\/uploads\/2024\/05\/MolecularCleaner-Label-300x300.jpg 300w, https:\/\/thermostar.ch\/wp-content\/uploads\/2024\/05\/MolecularCleaner-Label-350x350.jpg 350w, https:\/\/thermostar.ch\/wp-content\/uploads\/2024\/05\/MolecularCleaner-Label-900x900.jpg 900w, https:\/\/thermostar.ch\/wp-content\/uploads\/2024\/05\/MolecularCleaner-Label-699x699.jpg 699w, https:\/\/thermostar.ch\/wp-content\/uploads\/2024\/05\/MolecularCleaner-Label-640x640.jpg 640w, https:\/\/thermostar.ch\/wp-content\/uploads\/2024\/05\/MolecularCleaner-Label-480x480.jpg 480w, https:\/\/thermostar.ch\/wp-content\/uploads\/2024\/05\/MolecularCleaner-Label-960x960.jpg 960w, https:\/\/thermostar.ch\/wp-content\/uploads\/2024\/05\/MolecularCleaner-Label-380x380.jpg 380w, https:\/\/thermostar.ch\/wp-content\/uploads\/2024\/05\/MolecularCleaner-Label-780x780.jpg 780w, https:\/\/thermostar.ch\/wp-content\/uploads\/2024\/05\/MolecularCleaner-Label-320x320.jpg 320w, https:\/\/thermostar.ch\/wp-content\/uploads\/2024\/05\/MolecularCleaner-Label-280x280.jpg 280w, https:\/\/thermostar.ch\/wp-content\/uploads\/2024\/05\/MolecularCleaner-Label-560x560.jpg 560w, https:\/\/thermostar.ch\/wp-content\/uploads\/2024\/05\/MolecularCleaner-Label-240x240.jpg 240w, https:\/\/thermostar.ch\/wp-content\/uploads\/2024\/05\/MolecularCleaner-Label-940x940.jpg 940w, https:\/\/thermostar.ch\/wp-content\/uploads\/2024\/05\/MolecularCleaner-Label-360x360.jpg 360w, https:\/\/thermostar.ch\/wp-content\/uploads\/2024\/05\/MolecularCleaner-Label-700x700.jpg 700w, https:\/\/thermostar.ch\/wp-content\/uploads\/2024\/05\/MolecularCleaner-Label-600x600.jpg 600w, https:\/\/thermostar.ch\/wp-content\/uploads\/2024\/05\/MolecularCleaner-Label-460x460.jpg 460w, https:\/\/thermostar.ch\/wp-content\/uploads\/2024\/05\/MolecularCleaner-Label-466x466.jpg 466w, https:\/\/thermostar.ch\/wp-content\/uploads\/2024\/05\/MolecularCleaner-Label-932x932.jpg 932w, https:\/\/thermostar.ch\/wp-content\/uploads\/2024\/05\/MolecularCleaner-Label-500x500.jpg 500w, https:\/\/thermostar.ch\/wp-content\/uploads\/2024\/05\/MolecularCleaner-Label-412x412.jpg 412w\" sizes=\"auto, (max-width: 400px) 100vw, 400px\" data-fancybox-title=\"MolecularCleaner Label\" data-fancybox-alt=\"Molecular Cleaner - Tiefenreinigung durch die nat\u00fcrliche Kraft von Enzymen\" data-fancybox-caption=\"\" \/><\/a><a href=\"https:\/\/thermostar.ch\/wp-content\/uploads\/2024\/05\/Bild1.jpg\"><br \/>\n<\/a><\/p>\n<\/p><\/div>\n<div class=\"acf-fc-column acf-fc-column-1\">\n<h3 class=\"h2\" style=\"text-align: center;\">Igiene, ma nel modo giusto:<br \/>\ncon HB Solution!<\/h3>\n<\/p><\/div>\n<div class=\"acf-fc-column acf-fc-column-1\">\n<p style=\"text-align: center;\">Soprattutto in casa, non \u00e8 necessario &#8211; o addirittura controproducente &#8211; utilizzare detergenti chimici per combattere tutti i tipi di batteri, virus o altri germi. Troppo spesso l&#8217;eccessiva pulizia con detergenti tossici porta a gravi problemi di salute, ad esempio alle vie respiratorie o alla pelle. Inoltre, si sviluppano varie allergie, soprattutto nei bambini, e infine, ma non meno importante, l&#8217;uso incauto di prodotti chimici pu\u00f2 persino portare allo sviluppo di germi multiresistenti che possono causare danni duraturi alla salute.<\/p>\n<p style=\"text-align: center;\">Cosa possiamo fare per mantenere le nostre case igienicamente pulite? Per le aree sensibili come i materassi, la cucina o i servizi igienici, o quando la stagione influenzale annuale colpisce la vostra casa, vi consigliamo la nostra igienizzazione sistemica: prima pulite in profondit\u00e0 i pori con micro vapore secco. Quanto pi\u00f9 a fondo viene rimosso lo sporco da una superficie, tanto pi\u00f9 efficace sar\u00e0 la disinfezione. Grazie alle propriet\u00e0 uniche di HB Solution e allo speciale sistema di nebulizzazione a caldo dell&#8217;HS Blaster, la miscela viene dosata con precisione in modo da mantenere l&#8217;effetto di igienizzazione totale, ma il vapore viene nebulizzato e spruzzato in modo ottimale.<\/p>\n<\/p><\/div>\n<div class=\"acf-fc-column acf-fc-column-1\">\n<div class=\"video-container\"><iframe loading=\"lazy\" title=\"Mit Thermostar alle Bereiche hygienisieren - sanitise all areas with Thermostar\" width=\"1398\" height=\"786\" src=\"https:\/\/www.youtube.com\/embed\/ezQ1Os3_H0c?feature=oembed&amp;rel=0&amp;showinfo=0\" frameborder=\"0\" allow=\"accelerometer; autoplay; clipboard-write; encrypted-media; gyroscope; picture-in-picture; web-share\" referrerpolicy=\"strict-origin-when-cross-origin\" allowfullscreen><\/iframe><\/div>\n<\/p><\/div>\n<div class=\"acf-fc-row acf-fc-downloadbox acf-fc-row-extra-narrow-width acf-fc-row-style-nobg normal-gap-before downloadbox-columns-2\">\n<div class=\"acf-fc-columns acf-fc-columns-1\">\n<div class=\"acf-fc-column acf-fc-column-1\">\n<h3 class=\"title\">Downloads<\/h3>\n<ul class=\"columns-2\">\n<li>\n\t<a class=\"nopopupicon nolightbox\" rel=\"nofollow\" href=\"https:\/\/thermostar.ch\/wp-content\/uploads\/2025\/03\/PS_HB_Solution_DE_NEU.pdf\" target=\"_blank\" title=\"Download scheda prodotto HB Solution\"><\/p>\n<div class=\"container\">\n\t\t\t<i class=\"icon custom-icon custom-icon-file-pdf\"><\/i><\/p>\n<div class=\"details\">\n<div class=\"title\">scheda prodotto HB Solution<\/div>\n<div class=\"description\"><\/div>\n<div class=\"size\">PDF, 3 MB<\/div>\n<\/p><\/div>\n<\/p><\/div>\n<p>\t<\/a>\n<\/li>\n<li>\n\t<a class=\"nopopupicon nolightbox\" rel=\"nofollow\" href=\"https:\/\/thermostar.ch\/wp-content\/uploads\/2023\/11\/PS_ProSeal_EN.pdf\" target=\"_blank\" title=\"Download product sheet PROSeal\"><\/p>\n<div class=\"container\">\n\t\t\t<i class=\"icon custom-icon custom-icon-file-pdf\"><\/i><\/p>\n<div class=\"details\">\n<div class=\"title\">product sheet PROSeal<\/div>\n<div class=\"description\"><\/div>\n<div class=\"size\">PDF, 2 MB<\/div>\n<\/p><\/div>\n<\/p><\/div>\n<p>\t<\/a>\n<\/li>\n<li>\n\t<a class=\"nopopupicon nolightbox\" rel=\"nofollow\" href=\"https:\/\/thermostar.ch\/wp-content\/uploads\/2023\/07\/PS_Wipe_Clean_EN.pdf\" target=\"_blank\" title=\"Download product sheet Wipe&#038;Clean\"><\/p>\n<div class=\"container\">\n\t\t\t<i class=\"icon custom-icon custom-icon-file-pdf\"><\/i><\/p>\n<div class=\"details\">\n<div class=\"title\">product sheet Wipe&amp;Clean<\/div>\n<div class=\"description\"><\/div>\n<div class=\"size\">PDF, 3 MB<\/div>\n<\/p><\/div>\n<\/p><\/div>\n<p>\t<\/a>\n<\/li>\n<li>\n\t<a class=\"nopopupicon nolightbox\" rel=\"nofollow\" href=\"https:\/\/thermostar.ch\/wp-content\/uploads\/2024\/05\/PS_MolecularCleaner_EN.pdf\" target=\"_blank\" title=\"Download product sheet Molecular Cleaner\"><\/p>\n<div class=\"container\">\n\t\t\t<i class=\"icon custom-icon custom-icon-file-pdf\"><\/i><\/p>\n<div class=\"details\">\n<div class=\"title\">product sheet Molecular Cleaner<\/div>\n<div class=\"description\"><\/div>\n<div class=\"size\">PDF, 2 MB<\/div>\n<\/p><\/div>\n<\/p><\/div>\n<p>\t<\/a>\n<\/li>\n<\/ul><\/div>\n<\/p><\/div>\n<\/div>\n","protected":false},"excerpt":{"rendered":"<p>I nostri nuovi prodotti Siamo costantemente alla ricerca di miglioramenti. E cos\u00ec siamo costantemente alla ricerca delle integrazioni perfette per la pulizia green con il sistema a vapore secco Thermostar, mantenendo sempre i pi\u00f9 alti standard in quanto a qualit\u00e0, lavorazione e sostenibilit\u00e0 dei prodotti. Soltanto le invenzioni di primo livello assoluto, senza nessun tipo [&hellip;]<\/p>\n","protected":false},"author":6,"featured_media":0,"parent":2722,"menu_order":0,"comment_status":"closed","ping_status":"closed","template":"","meta":{"_acf_changed":false,"footnotes":""},"class_list":["post-2345","page","type-page","status-publish","hentry"],"acf":[],"_links":{"self":[{"href":"https:\/\/thermostar.ch\/it\/wp-json\/wp\/v2\/pages\/2345","targetHints":{"allow":["GET"]}}],"collection":[{"href":"https:\/\/thermostar.ch\/it\/wp-json\/wp\/v2\/pages"}],"about":[{"href":"https:\/\/thermostar.ch\/it\/wp-json\/wp\/v2\/types\/page"}],"author":[{"embeddable":true,"href":"https:\/\/thermostar.ch\/it\/wp-json\/wp\/v2\/users\/6"}],"replies":[{"embeddable":true,"href":"https:\/\/thermostar.ch\/it\/wp-json\/wp\/v2\/comments?post=2345"}],"version-history":[{"count":16,"href":"https:\/\/thermostar.ch\/it\/wp-json\/wp\/v2\/pages\/2345\/revisions"}],"predecessor-version":[{"id":3680,"href":"https:\/\/thermostar.ch\/it\/wp-json\/wp\/v2\/pages\/2345\/revisions\/3680"}],"up":[{"embeddable":true,"href":"https:\/\/thermostar.ch\/it\/wp-json\/wp\/v2\/pages\/2722"}],"wp:attachment":[{"href":"https:\/\/thermostar.ch\/it\/wp-json\/wp\/v2\/media?parent=2345"}],"curies":[{"name":"wp","href":"https:\/\/api.w.org\/{rel}","templated":true}]}}