{"id":2367,"date":"2022-12-02T11:30:54","date_gmt":"2022-12-02T10:30:54","guid":{"rendered":"https:\/\/thermostar.ch\/zubehoer\/"},"modified":"2025-12-04T13:06:32","modified_gmt":"2025-12-04T12:06:32","slug":"accessori","status":"publish","type":"page","link":"https:\/\/thermostar.ch\/it\/thermostar\/accessori\/","title":{"rendered":"Accessori"},"content":{"rendered":"<div class=\"acf-fc-column acf-fc-column-1\">\n<h1 style=\"text-align: center;\">Gli accessori Thermostar<\/h1>\n<\/p><\/div>\n<div class=\"acf-fc-column acf-fc-column-1\">\n<p><a href=\"https:\/\/thermostar.ch\/wp-content\/uploads\/2022\/12\/Gesamt.jpg\"><img loading=\"lazy\" decoding=\"async\" class=\"aligncenter wp-image-801 size-content_square_full\" src=\"https:\/\/thermostar.ch\/wp-content\/uploads\/2022\/12\/Gesamt-1398x1280.jpg\" alt=\"Sistema a vapore secco Thermostar vasta gamma di accessori per ogni situazione di pulizia\" width=\"1398\" height=\"1280\" data-fancybox-title=\"Zubeh\u00f6r-Mix\" data-fancybox-alt=\"Thermostar Trockendampfreiniger umfangreiches Zubeh\u00f6r\" data-fancybox-caption=\"\" \/><\/a><\/p>\n<\/p><\/div>\n<div class=\"acf-fc-column acf-fc-column-2\">\n<h2 class=\"h3\">Il Thermostar colpisce per la sua vasta gamma di accessori<\/h2>\n<p>&nbsp;<\/p>\n<p>Un grande vantaggio del pulitore termico Thermostar \u00e8 l&#8217;ampia gamma di accessori. Gi\u00e0 nella dotazione standard otterrai tutti gli strumenti necessari per la pulizia igienica e profonda del tuo appartamento, della terrazza e del giardino. Che si tratti di lance a vapore, spazzole grandi e piccole, la ventosa a vapore o anche la piccola spatola, potrai iniziare da subito con l&#8217;intera dotazione. E la cosa migliore \u00e8 che baster\u00e0 solo usare l&#8217;acqua del rubinetto e non dover ricorrere a prodotti chimici!<\/p>\n<p>Per aree molto speciali, puoi anche scegliere tra una vasta gamma di accessori speciali. Non c&#8217;\u00e8 area per la quale non abbiamo gli strumenti giusti!<\/p>\n<p>Approfitta dell&#8217;esperienza pluriennale dei nostri consulenti Thermostar e fatti consigliare quali accessori si adattano alle tue esigenze!<\/p>\n<p>&nbsp;<\/p>\n<p style=\"text-align: left;\"><a class=\"button\" href=\"https:\/\/thermostar.ch\/it\/rivenditori\/\">Thermostar rivenditori<\/a><\/p>\n<p style=\"text-align: left;\">\n\t<\/div>\n<div class=\"acf-fc-column acf-fc-column-1\">\n<h3>L&#8217;APP Thermostar \u2013 un compagno fedele&#8230;<\/h3>\n<p>Con la nostra APP Thermostar hai sempre al tuo fianco un compagno fedele. Non sei sicuro di come pulire nel migliore dei modi le tue finestre con Thermostar o di come utilizzare correttamente un accessorio speciale? Nessun problema: basta aprire l&#8217;applicazione corrispondente nell&#8217;APP e lasciarsi ispirare dai nostri video applicativi!<br \/>\nOvviamente l&#8217;APP ti offre consigli per il funzionamento in corso. I video spiegano come rabboccare l&#8217;acqua o come effettuare lo svuotamento periodico del calcare, cos\u00ec come attivare la funzione di risparmio energetico.<\/p>\n<\/div>\n<div class=\"acf-fc-column acf-fc-column-1\">\n<p style=\"text-align: center;\">Scarica subito la nostra Progressive Web APP da questa pagina:<br \/>\nclicca su questo link sul tuo dispositivo e l&#8217;installazione inizier\u00e0 in modo semplice e sicuro!<\/p>\n<p>&nbsp;<\/p>\n<p style=\"text-align: center;\"><a class=\"button\" href=\"https:\/\/thermostar.info\/app\/#\/uses\">Download APP<\/a><\/p>\n<p>&nbsp;<\/p>\n<p>&nbsp;<\/p>\n<\/p><\/div>\n<div class=\"acf-fc-column acf-fc-column-1\">\n<h2 style=\"text-align: center;\">Accessori in dettaglio<\/h2>\n<h3 style=\"text-align: center;\">Gli strumenti giusti per ogni esigenza<\/h3>\n<\/p><\/div>\n<div>\n<div>\n\t\t\t<img width=\"150\" height=\"150\" src=\"https:\/\/thermostar.ch\/wp-content\/uploads\/2022\/12\/DSC8650-150x150.jpg?ver=20221214105946\" class=\"alignleft\" alt=\"Thermostar Hitzereiniger, Luft erfrischen, Verdampfer\" decoding=\"async\" loading=\"lazy\" srcset=\"https:\/\/thermostar.ch\/wp-content\/uploads\/2022\/12\/DSC8650-150x150.jpg?ver=20221214105946 150w, https:\/\/thermostar.ch\/wp-content\/uploads\/2022\/12\/DSC8650-32x32.jpg?ver=20221214105946 32w, https:\/\/thermostar.ch\/wp-content\/uploads\/2022\/12\/DSC8650-180x180.jpg?ver=20221214105946 180w, https:\/\/thermostar.ch\/wp-content\/uploads\/2022\/12\/DSC8650-192x192.jpg?ver=20221214105946 192w, https:\/\/thermostar.ch\/wp-content\/uploads\/2022\/12\/DSC8650-270x270.jpg?ver=20221214105946 270w, https:\/\/thermostar.ch\/wp-content\/uploads\/2022\/12\/DSC8650-512x512.jpg?ver=20221214105946 512w, https:\/\/thermostar.ch\/wp-content\/uploads\/2022\/12\/DSC8650-100x100.jpg?ver=20221214105946 100w, https:\/\/thermostar.ch\/wp-content\/uploads\/2022\/12\/DSC8650-200x200.jpg?ver=20221214105946 200w, https:\/\/thermostar.ch\/wp-content\/uploads\/2022\/12\/DSC8650-250x250.jpg?ver=20221214105946 250w, https:\/\/thermostar.ch\/wp-content\/uploads\/2022\/12\/DSC8650-300x300.jpg?ver=20221214105946 300w, https:\/\/thermostar.ch\/wp-content\/uploads\/2022\/12\/DSC8650-350x350.jpg?ver=20221214105946 350w, https:\/\/thermostar.ch\/wp-content\/uploads\/2022\/12\/DSC8650-400x400.jpg?ver=20221214105946 400w, https:\/\/thermostar.ch\/wp-content\/uploads\/2022\/12\/DSC8650-1200x1200.jpg?ver=20221214105946 1200w, https:\/\/thermostar.ch\/wp-content\/uploads\/2022\/12\/DSC8650-900x900.jpg?ver=20221214105946 900w, https:\/\/thermostar.ch\/wp-content\/uploads\/2022\/12\/DSC8650-699x699.jpg?ver=20221214105946 699w, https:\/\/thermostar.ch\/wp-content\/uploads\/2022\/12\/DSC8650-640x640.jpg?ver=20221214105946 640w, https:\/\/thermostar.ch\/wp-content\/uploads\/2022\/12\/DSC8650-1280x1280.jpg?ver=20221214105946 1280w, https:\/\/thermostar.ch\/wp-content\/uploads\/2022\/12\/DSC8650-480x480.jpg?ver=20221214105946 480w, https:\/\/thermostar.ch\/wp-content\/uploads\/2022\/12\/DSC8650-960x960.jpg?ver=20221214105946 960w, https:\/\/thermostar.ch\/wp-content\/uploads\/2022\/12\/DSC8650-380x380.jpg?ver=20221214105946 380w, https:\/\/thermostar.ch\/wp-content\/uploads\/2022\/12\/DSC8650-780x780.jpg?ver=20221214105946 780w, https:\/\/thermostar.ch\/wp-content\/uploads\/2022\/12\/DSC8650-320x320.jpg?ver=20221214105946 320w, https:\/\/thermostar.ch\/wp-content\/uploads\/2022\/12\/DSC8650-280x280.jpg?ver=20221214105946 280w, https:\/\/thermostar.ch\/wp-content\/uploads\/2022\/12\/DSC8650-560x560.jpg?ver=20221214105946 560w, https:\/\/thermostar.ch\/wp-content\/uploads\/2022\/12\/DSC8650-240x240.jpg?ver=20221214105946 240w, https:\/\/thermostar.ch\/wp-content\/uploads\/2022\/12\/DSC8650-940x940.jpg?ver=20221214105946 940w, https:\/\/thermostar.ch\/wp-content\/uploads\/2022\/12\/DSC8650-360x360.jpg?ver=20221214105946 360w, https:\/\/thermostar.ch\/wp-content\/uploads\/2022\/12\/DSC8650-700x700.jpg?ver=20221214105946 700w, https:\/\/thermostar.ch\/wp-content\/uploads\/2022\/12\/DSC8650-600x600.jpg?ver=20221214105946 600w, https:\/\/thermostar.ch\/wp-content\/uploads\/2022\/12\/DSC8650-460x460.jpg?ver=20221214105946 460w, https:\/\/thermostar.ch\/wp-content\/uploads\/2022\/12\/DSC8650-466x466.jpg?ver=20221214105946 466w, https:\/\/thermostar.ch\/wp-content\/uploads\/2022\/12\/DSC8650-932x932.jpg?ver=20221214105946 932w, https:\/\/thermostar.ch\/wp-content\/uploads\/2022\/12\/DSC8650-500x500.jpg?ver=20221214105946 500w, https:\/\/thermostar.ch\/wp-content\/uploads\/2022\/12\/DSC8650-412x412.jpg?ver=20221214105946 412w\" sizes=\"auto, (max-width: 150px) 100vw, 150px\" data-fancybox-title=\"Verdampfer Luft reinigen\" data-fancybox-alt=\"Thermostar Hitzereiniger, Luft erfrischen, Verdampfer\" data-fancybox-caption=\"Thermostar Handels-GmbH \/Helge Bauer\" data-fancybox-srcset=\"https:\/\/thermostar.ch\/wp-content\/uploads\/2022\/12\/DSC8650-300x200.jpg 300w, https:\/\/thermostar.ch\/wp-content\/uploads\/2022\/12\/DSC8650-768x512.jpg 768w, https:\/\/thermostar.ch\/wp-content\/uploads\/2022\/12\/DSC8650-1024x683.jpg 1024w, https:\/\/thermostar.ch\/wp-content\/uploads\/2022\/12\/DSC8650-1536x1024.jpg 1536w, https:\/\/thermostar.ch\/wp-content\/uploads\/2022\/12\/DSC8650-150x100.jpg 150w, https:\/\/thermostar.ch\/wp-content\/uploads\/2022\/12\/DSC8650-200x133.jpg 200w, https:\/\/thermostar.ch\/wp-content\/uploads\/2022\/12\/DSC8650-250x167.jpg 250w, https:\/\/thermostar.ch\/wp-content\/uploads\/2022\/12\/DSC8650-350x233.jpg 350w, https:\/\/thermostar.ch\/wp-content\/uploads\/2022\/12\/DSC8650-400x267.jpg 400w, https:\/\/thermostar.ch\/wp-content\/uploads\/2022\/12\/DSC8650-1200x800.jpg 1200w, https:\/\/thermostar.ch\/wp-content\/uploads\/2022\/12\/DSC8650-900x600.jpg 900w, https:\/\/thermostar.ch\/wp-content\/uploads\/2022\/12\/DSC8650-699x466.jpg 699w, https:\/\/thermostar.ch\/wp-content\/uploads\/2022\/12\/DSC8650-1398x932.jpg 1398w, https:\/\/thermostar.ch\/wp-content\/uploads\/2022\/12\/DSC8650-113x75.jpg 113w, https:\/\/thermostar.ch\/wp-content\/uploads\/2022\/12\/DSC8650-195x130.jpg 195w, https:\/\/thermostar.ch\/wp-content\/uploads\/2022\/12\/DSC8650-450x300.jpg 450w, https:\/\/thermostar.ch\/wp-content\/uploads\/2022\/12\/DSC8650-600x400.jpg 600w, https:\/\/thermostar.ch\/wp-content\/uploads\/2022\/12\/DSC8650-225x150.jpg 225w, https:\/\/thermostar.ch\/wp-content\/uploads\/2022\/12\/DSC8650-75x50.jpg 75w, https:\/\/thermostar.ch\/wp-content\/uploads\/2022\/12\/DSC8650-471x314.jpg 471w, https:\/\/thermostar.ch\/wp-content\/uploads\/2022\/12\/DSC8650-405x270.jpg 405w, https:\/\/thermostar.ch\/wp-content\/uploads\/2022\/12\/DSC8650-305x203.jpg 305w, https:\/\/thermostar.ch\/wp-content\/uploads\/2022\/12\/DSC8650-645x430.jpg 645w, https:\/\/thermostar.ch\/wp-content\/uploads\/2022\/12\/DSC8650-960x640.jpg 960w, https:\/\/thermostar.ch\/wp-content\/uploads\/2022\/12\/DSC8650-932x621.jpg 932w, https:\/\/thermostar.ch\/wp-content\/uploads\/2022\/12\/DSC8650-1280x853.jpg 1280w, https:\/\/thermostar.ch\/wp-content\/uploads\/2022\/12\/DSC8650-466x311.jpg 466w, https:\/\/thermostar.ch\/wp-content\/uploads\/2022\/12\/DSC8650-640x427.jpg 640w, https:\/\/thermostar.ch\/wp-content\/uploads\/2022\/12\/DSC8650-500x333.jpg 500w, https:\/\/thermostar.ch\/wp-content\/uploads\/2022\/12\/DSC8650-120x80.jpg 120w, https:\/\/thermostar.ch\/wp-content\/uploads\/2022\/12\/DSC8650-412x275.jpg 412w, https:\/\/thermostar.ch\/wp-content\/uploads\/2022\/12\/DSC8650.jpg 1920w\" \/>\t\t\t<\/p>\n<h3>Clima ambiente incomparabile con l&#8217;evaporatore Thermostar<\/h3>\n<\/p><\/div>\n<\/p><\/div>\n<div class=\"acf-fc-column acf-fc-column-1\">\n<p style=\"text-align: center;\">All&#8217;aria purificata, rinfrescata e umidificata per il nostro benessere non viene data l&#8217;importanza che merita. In tempi in cui sempre pi\u00f9 persone sono affette da allergie e malattie respiratorie, aumenta anche la consapevolezza dell&#8217;igiene naturale.<br \/>\nSapevi che con l&#8217;evaporatore Thermostar anche l&#8217;aria delle tue pareti domestiche pu\u00f2 essere perfettamente pulita e rinfrescata? Le alte temperature interne eliminano tutti i germi nel vapore. Il risultato \u00e8 il vapore acqueo pi\u00f9 fine e puro che umidifica perfettamente i tuoi ambienti in un batter d&#8217;occhio.<\/p>\n<p>&nbsp;<\/p>\n<\/p><\/div>\n<div class=\"acf-fc-column acf-fc-column-1\">\n<h3 style=\"text-align: center;\">Stirare come i professionisti, con la stazione di stiratura a vapore Thermostar<\/h3>\n<\/p><\/div>\n<div class=\"acf-fc-column acf-fc-column-1\">\n<p style=\"text-align: center;\">Il pulitore a vapore secco Thermostar porta efficienza e professionalit\u00e0 nella tua casa, lo sapevi gi\u00e0! In combinazione con il ferro da stiro a vapore, ora puoi anche fare il bucato con facilit\u00e0 e gioia, perch\u00e9 solo con lo strumento giusto si ottengono risultati eccezionali.<\/p>\n<p style=\"text-align: center;\">Basta collegare il ferro da stiro a vapore professionale al tuo Thermostar e goderti il vapore permanente e l&#8217;impugnatura ergonomica in sughero. Sui capi delicati esegui le pulizie con la suola in teflon! Insieme alla stazione di stiratura a vapore Thermostar, con superficie riscaldata, funzione di aspirazione e gonfiaggio, stirare sar\u00e0 una vera esperienza.<\/p>\n<\/p><\/div>\n<div class=\"acf-fc-column acf-fc-column-1\">\n<div class=\"video-container\"><iframe loading=\"lazy\" title=\"Thermostar steam ironing station\" width=\"1398\" height=\"786\" src=\"https:\/\/www.youtube.com\/embed\/XfRPrJCfMiQ?feature=oembed&amp;rel=0&amp;showinfo=0\" frameborder=\"0\" allow=\"accelerometer; autoplay; clipboard-write; encrypted-media; gyroscope; picture-in-picture; web-share\" allowfullscreen><\/iframe><\/div>\n<\/p><\/div>\n","protected":false},"excerpt":{"rendered":"<p>Gli accessori Thermostar Il Thermostar colpisce per la sua vasta gamma di accessori &nbsp; Un grande vantaggio del pulitore termico Thermostar \u00e8 l&#8217;ampia gamma di accessori. Gi\u00e0 nella dotazione standard otterrai tutti gli strumenti necessari per la pulizia igienica e profonda del tuo appartamento, della terrazza e del giardino. Che si tratti di lance a [&hellip;]<\/p>\n","protected":false},"author":6,"featured_media":0,"parent":2722,"menu_order":0,"comment_status":"closed","ping_status":"closed","template":"","meta":{"_acf_changed":false,"footnotes":""},"class_list":["post-2367","page","type-page","status-publish","hentry"],"acf":[],"_links":{"self":[{"href":"https:\/\/thermostar.ch\/it\/wp-json\/wp\/v2\/pages\/2367","targetHints":{"allow":["GET"]}}],"collection":[{"href":"https:\/\/thermostar.ch\/it\/wp-json\/wp\/v2\/pages"}],"about":[{"href":"https:\/\/thermostar.ch\/it\/wp-json\/wp\/v2\/types\/page"}],"author":[{"embeddable":true,"href":"https:\/\/thermostar.ch\/it\/wp-json\/wp\/v2\/users\/6"}],"replies":[{"embeddable":true,"href":"https:\/\/thermostar.ch\/it\/wp-json\/wp\/v2\/comments?post=2367"}],"version-history":[{"count":8,"href":"https:\/\/thermostar.ch\/it\/wp-json\/wp\/v2\/pages\/2367\/revisions"}],"predecessor-version":[{"id":3684,"href":"https:\/\/thermostar.ch\/it\/wp-json\/wp\/v2\/pages\/2367\/revisions\/3684"}],"up":[{"embeddable":true,"href":"https:\/\/thermostar.ch\/it\/wp-json\/wp\/v2\/pages\/2722"}],"wp:attachment":[{"href":"https:\/\/thermostar.ch\/it\/wp-json\/wp\/v2\/media?parent=2367"}],"curies":[{"name":"wp","href":"https:\/\/api.w.org\/{rel}","templated":true}]}}