{"id":2561,"date":"2023-04-03T12:54:29","date_gmt":"2023-04-03T10:54:29","guid":{"rendered":"https:\/\/thermostar.ch\/applicazioni\/matratzen\/"},"modified":"2025-12-10T10:28:41","modified_gmt":"2025-12-10T09:28:41","slug":"materassi","status":"publish","type":"page","link":"https:\/\/thermostar.ch\/it\/applicazioni\/materassi\/","title":{"rendered":"Materassi"},"content":{"rendered":"<div class=\"acf-fc-column acf-fc-column-1\">\n<h1 style=\"text-align: center;\">Igiene nel sonno<\/h1>\n<\/p><\/div>\n<div class=\"acf-fc-column acf-fc-column-1\">\n<p style=\"text-align: center;\">In media, una persona trascorre circa 24 anni della sua vita a letto. E sappiamo per esperienza personale quanto sia importante per noi un sonno di buona qualit\u00e0. Fattori di disturbo esterni, come troppa luce o rumori, disturbi del sonno legati alla salute, ma anche un materasso difettoso o un cuscino che non soddisfa le nostre esigenze, disturbano troppo spesso un sonno ristoratore. Spesso possiamo intervenire solo in modo limitato, ma ci\u00f2 che puoi facilmente evitare con il tuo Thermostar sono i &#8222;coinquilini&#8220; del tuo letto che causano patologie.<\/p>\n<p style=\"text-align: center;\">Gli acari e le loro escrezioni, ma anche altri allergeni, brulicano nel nostro materasso e nella biancheria da letto. Se si finisce con lo scoprire macchie giallastre sospette sulla biancheria da letto, allora \u00e8 giunto il momento di agire. Ma prima ancora \u00e8 consigliabile rimuovere regolarmente il sudore e la forfora dal materasso e pulirlo accuratamente.<\/p>\n<\/p><\/div>\n<div>\n\t<img decoding=\"async\" class=\"alignleft\" src=\"https:\/\/thermostar.ch\/wp-content\/uploads\/2023\/04\/Kind_Matratze_2-150x150.jpg\"\/><\/p>\n<h2 class=\"h3\">Con il calore funziona nel migliore dei modi<\/h2>\n<p>&nbsp;<\/p>\n<p>A differenza della biancheria da letto, per il materasso ci si trova di fronte alla sfida che di solito non \u00e8 lavabile o lavabile a secco. Il pi\u00f9 delle volte \u00e8 grande e pesante e anche il rigirarlo, pratica consigliata, \u00e8 spesso una tortura. Tuttavia, il materasso \u00e8 un terreno fertile per germi e sporcizia. E proprio dove si spera di rilassarsi e rigenerarsi, i pericoli per la salute si nascondono sotto forma di polvere, allergeni e germi.<\/p>\n<p>Per questo ti consigliamo di effettuare una pulizia regolare del materasso, ne varr\u00e0 la pena! In primo luogo, rimuovi la polvere superficiale e i peli con un aspirapolvere adatto, quindi utilizza Thermostar \u2013 preferibilmente con la spazzola rettangolare, il tampone per vapore e un panno in pura microfibra. Vaporizza intensamente e lentamente tutto il materasso, in modo che il calore del vapore possa penetrare il pi\u00f9 possibile all&#8217;interno del materasso. Successivamente, disinfetta con HB Solution e il tuo blaster e rimuovi gli ultimi batteri e germi che sono rimasti. Ti auguriamo un sonno ristoratore!<\/p>\n<\/div>\n<div class=\"acf-fc-column acf-fc-column-1\">\n<h6><\/h6>\n<p class=\"h6\" style=\"text-align: center;\">Scarica subito la nostra APP e avrai sempre a portata di mano i migliori consigli e trucchi per la pulizia con il tuo Thermostar!<\/p>\n<p>&nbsp;<\/p>\n<p style=\"text-align: center;\"><a class=\"button\" href=\"https:\/\/thermostar.info\/app\/#\/uses\">Download APP<\/a><\/p>\n<\/p><\/div>\n<div class=\"acf-fc-column acf-fc-column-1\">\n<h3>Il blaster<\/h3>\n<p>Grazie al tuo blaster hai lo strumento giusto per disinfettare e igienizzare tutta la tua casa. La crisi sanitaria degli ultimi anni ci ha resi particolarmente sensibili al tema dei batteri e dei virus. Per fortuna ora vediamo molte cose in modo un po&#8216; pi\u00f9 rilassato, ma in alcune aree della casa \u00e8 assolutamente importante disinfettare regolarmente e rimuovere i cattivi odori.<\/p>\n<p>Tutto ci\u00f2 di cui hai bisogno \u00e8 il tuo Thermostar e HB Solution, una disinfezione sicura a base d&#8217;acqua. \u00c8 sufficiente inserire la soluzione pronta all&#8217;uso nell&#8217;accessorio e, grazie alla pressione generata, il blaster spruzzer\u00e0 il giusto dosaggio sulle superfici o nell&#8217;aria. Non preoccuparti, HB Solution non presenta alcun pericolo per la tua salute! In cucina, con i giocattoli per bambini, nella cuccetta per cani o nel materasso: con il blaster vai sempre sul sicuro.<\/p>\n<p><a class=\"button\" href=\"https:\/\/thermostar.ch\/it\/thermostar\/accessori\/\">Altri accessori<\/a><\/p>\n<\/div>\n<div class=\"acf-fc-column acf-fc-column-1\">\n<h3 style=\"text-align: center;\">Consigli degli esperti Thermostar<\/h3>\n<\/p><\/div>\n<dl>\n<dt><img width=\"350\" height=\"350\" src=\"https:\/\/thermostar.ch\/wp-content\/uploads\/2022\/12\/Stern_outline-350x350.png?ver=20221205145631\" class=\"\" alt=\"\" decoding=\"async\" loading=\"lazy\" srcset=\"https:\/\/thermostar.ch\/wp-content\/uploads\/2022\/12\/Stern_outline-350x350.png?ver=20221205145631 350w, https:\/\/thermostar.ch\/wp-content\/uploads\/2022\/12\/Stern_outline-150x150.png?ver=20221205145631 150w, https:\/\/thermostar.ch\/wp-content\/uploads\/2022\/12\/Stern_outline-300x300.png?ver=20221205145631 300w, https:\/\/thermostar.ch\/wp-content\/uploads\/2022\/12\/Stern_outline-32x32.png?ver=20221205145631 32w, https:\/\/thermostar.ch\/wp-content\/uploads\/2022\/12\/Stern_outline-180x180.png?ver=20221205145631 180w, https:\/\/thermostar.ch\/wp-content\/uploads\/2022\/12\/Stern_outline-192x192.png?ver=20221205145631 192w, https:\/\/thermostar.ch\/wp-content\/uploads\/2022\/12\/Stern_outline-270x270.png?ver=20221205145631 270w, https:\/\/thermostar.ch\/wp-content\/uploads\/2022\/12\/Stern_outline-200x200.png?ver=20221205145631 200w, https:\/\/thermostar.ch\/wp-content\/uploads\/2022\/12\/Stern_outline-250x250.png?ver=20221205145631 250w, https:\/\/thermostar.ch\/wp-content\/uploads\/2022\/12\/Stern_outline-400x400.png?ver=20221205145631 400w, https:\/\/thermostar.ch\/wp-content\/uploads\/2022\/12\/Stern_outline-100x100.png?ver=20221205145631 100w, https:\/\/thermostar.ch\/wp-content\/uploads\/2022\/12\/Stern_outline-75x75.png?ver=20221205145631 75w, https:\/\/thermostar.ch\/wp-content\/uploads\/2022\/12\/Stern_outline-130x130.png?ver=20221205145631 130w, https:\/\/thermostar.ch\/wp-content\/uploads\/2022\/12\/Stern_outline-50x50.png?ver=20221205145631 50w, https:\/\/thermostar.ch\/wp-content\/uploads\/2022\/12\/Stern_outline-471x471.png?ver=20221205145631 471w, https:\/\/thermostar.ch\/wp-content\/uploads\/2022\/12\/Stern_outline-405x405.png?ver=20221205145631 405w, https:\/\/thermostar.ch\/wp-content\/uploads\/2022\/12\/Stern_outline-305x305.png?ver=20221205145631 305w, https:\/\/thermostar.ch\/wp-content\/uploads\/2022\/12\/Stern_outline-466x466.png?ver=20221205145631 466w, https:\/\/thermostar.ch\/wp-content\/uploads\/2022\/12\/Stern_outline-480x480.png?ver=20221205145631 480w, https:\/\/thermostar.ch\/wp-content\/uploads\/2022\/12\/Stern_outline-380x380.png?ver=20221205145631 380w, https:\/\/thermostar.ch\/wp-content\/uploads\/2022\/12\/Stern_outline-320x320.png?ver=20221205145631 320w, https:\/\/thermostar.ch\/wp-content\/uploads\/2022\/12\/Stern_outline-280x280.png?ver=20221205145631 280w, https:\/\/thermostar.ch\/wp-content\/uploads\/2022\/12\/Stern_outline-240x240.png?ver=20221205145631 240w, https:\/\/thermostar.ch\/wp-content\/uploads\/2022\/12\/Stern_outline-360x360.png?ver=20221205145631 360w, https:\/\/thermostar.ch\/wp-content\/uploads\/2022\/12\/Stern_outline-460x460.png?ver=20221205145631 460w, https:\/\/thermostar.ch\/wp-content\/uploads\/2022\/12\/Stern_outline-80x80.png?ver=20221205145631 80w, https:\/\/thermostar.ch\/wp-content\/uploads\/2022\/12\/Stern_outline-412x412.png?ver=20221205145631 412w, https:\/\/thermostar.ch\/wp-content\/uploads\/2022\/12\/Stern_outline.png?ver=20221205145631 496w\" sizes=\"auto, (max-width: 350px) 100vw, 350px\" data-fancybox-title=\"Stern_outline\" data-fancybox-alt=\"\" data-fancybox-caption=\"\" data-fancybox-srcset=\"https:\/\/thermostar.ch\/wp-content\/uploads\/2022\/12\/Stern_outline-300x300.png 300w, https:\/\/thermostar.ch\/wp-content\/uploads\/2022\/12\/Stern_outline-150x150.png 150w, https:\/\/thermostar.ch\/wp-content\/uploads\/2022\/12\/Stern_outline-32x32.png 32w, https:\/\/thermostar.ch\/wp-content\/uploads\/2022\/12\/Stern_outline-180x180.png 180w, https:\/\/thermostar.ch\/wp-content\/uploads\/2022\/12\/Stern_outline-192x192.png 192w, https:\/\/thermostar.ch\/wp-content\/uploads\/2022\/12\/Stern_outline-270x270.png 270w, https:\/\/thermostar.ch\/wp-content\/uploads\/2022\/12\/Stern_outline-200x200.png 200w, https:\/\/thermostar.ch\/wp-content\/uploads\/2022\/12\/Stern_outline-250x250.png 250w, https:\/\/thermostar.ch\/wp-content\/uploads\/2022\/12\/Stern_outline-350x350.png 350w, https:\/\/thermostar.ch\/wp-content\/uploads\/2022\/12\/Stern_outline-400x400.png 400w, https:\/\/thermostar.ch\/wp-content\/uploads\/2022\/12\/Stern_outline-100x100.png 100w, https:\/\/thermostar.ch\/wp-content\/uploads\/2022\/12\/Stern_outline-75x75.png 75w, https:\/\/thermostar.ch\/wp-content\/uploads\/2022\/12\/Stern_outline-130x130.png 130w, https:\/\/thermostar.ch\/wp-content\/uploads\/2022\/12\/Stern_outline-50x50.png 50w, https:\/\/thermostar.ch\/wp-content\/uploads\/2022\/12\/Stern_outline-471x471.png 471w, https:\/\/thermostar.ch\/wp-content\/uploads\/2022\/12\/Stern_outline-405x405.png 405w, https:\/\/thermostar.ch\/wp-content\/uploads\/2022\/12\/Stern_outline-305x305.png 305w, https:\/\/thermostar.ch\/wp-content\/uploads\/2022\/12\/Stern_outline-466x466.png 466w, https:\/\/thermostar.ch\/wp-content\/uploads\/2022\/12\/Stern_outline-480x480.png 480w, https:\/\/thermostar.ch\/wp-content\/uploads\/2022\/12\/Stern_outline-380x380.png 380w, https:\/\/thermostar.ch\/wp-content\/uploads\/2022\/12\/Stern_outline-320x320.png 320w, https:\/\/thermostar.ch\/wp-content\/uploads\/2022\/12\/Stern_outline-280x280.png 280w, https:\/\/thermostar.ch\/wp-content\/uploads\/2022\/12\/Stern_outline-240x240.png 240w, https:\/\/thermostar.ch\/wp-content\/uploads\/2022\/12\/Stern_outline-360x360.png 360w, https:\/\/thermostar.ch\/wp-content\/uploads\/2022\/12\/Stern_outline-460x460.png 460w, https:\/\/thermostar.ch\/wp-content\/uploads\/2022\/12\/Stern_outline-80x80.png 80w, https:\/\/thermostar.ch\/wp-content\/uploads\/2022\/12\/Stern_outline-412x412.png 412w, https:\/\/thermostar.ch\/wp-content\/uploads\/2022\/12\/Stern_outline.png 496w\" \/><\/dt>\n<dd>\n<h6><\/h6>\n<h4 class=\"h6\">Dormire senza sostanze chimiche<\/h4>\n<p>Negli ultimi anni, sempre pi\u00f9 persone si sono rese conto di quanto sia dannosa per il nostro organismo troppa pulizia a base di sostanze chimiche: pulire fa ammalare! I titoli delle riviste sono spesso stati di questo tenore, ma ci\u00f2 non deve e non pu\u00f2 essere un invito a trascurare l&#8217;igiene; soprattutto in camera da letto, l&#8217;igiene \u00e8 essenziale per la nostra salute. Pertanto, in particolar modo in questo ambiente sensibile, puoi pulire sempre senza impiegare sostanze chimiche e solo con la migliore qualit\u00e0 del vapore secco Thermostar! In questo modo, durante la sua fase di rigenerazione pi\u00f9 importante, non esponi ulteriormente il corpo a residui e vapori tossici, ma gli offri superfici pure e aria senza allergeni o germi.<\/p>\n<\/dd>\n<dt><img width=\"350\" height=\"350\" src=\"https:\/\/thermostar.ch\/wp-content\/uploads\/2022\/12\/Stern_outline-350x350.png?ver=20221205145631\" class=\"\" alt=\"\" decoding=\"async\" loading=\"lazy\" srcset=\"https:\/\/thermostar.ch\/wp-content\/uploads\/2022\/12\/Stern_outline-350x350.png?ver=20221205145631 350w, https:\/\/thermostar.ch\/wp-content\/uploads\/2022\/12\/Stern_outline-150x150.png?ver=20221205145631 150w, https:\/\/thermostar.ch\/wp-content\/uploads\/2022\/12\/Stern_outline-300x300.png?ver=20221205145631 300w, https:\/\/thermostar.ch\/wp-content\/uploads\/2022\/12\/Stern_outline-32x32.png?ver=20221205145631 32w, https:\/\/thermostar.ch\/wp-content\/uploads\/2022\/12\/Stern_outline-180x180.png?ver=20221205145631 180w, https:\/\/thermostar.ch\/wp-content\/uploads\/2022\/12\/Stern_outline-192x192.png?ver=20221205145631 192w, https:\/\/thermostar.ch\/wp-content\/uploads\/2022\/12\/Stern_outline-270x270.png?ver=20221205145631 270w, https:\/\/thermostar.ch\/wp-content\/uploads\/2022\/12\/Stern_outline-200x200.png?ver=20221205145631 200w, https:\/\/thermostar.ch\/wp-content\/uploads\/2022\/12\/Stern_outline-250x250.png?ver=20221205145631 250w, https:\/\/thermostar.ch\/wp-content\/uploads\/2022\/12\/Stern_outline-400x400.png?ver=20221205145631 400w, https:\/\/thermostar.ch\/wp-content\/uploads\/2022\/12\/Stern_outline-100x100.png?ver=20221205145631 100w, https:\/\/thermostar.ch\/wp-content\/uploads\/2022\/12\/Stern_outline-75x75.png?ver=20221205145631 75w, https:\/\/thermostar.ch\/wp-content\/uploads\/2022\/12\/Stern_outline-130x130.png?ver=20221205145631 130w, https:\/\/thermostar.ch\/wp-content\/uploads\/2022\/12\/Stern_outline-50x50.png?ver=20221205145631 50w, https:\/\/thermostar.ch\/wp-content\/uploads\/2022\/12\/Stern_outline-471x471.png?ver=20221205145631 471w, https:\/\/thermostar.ch\/wp-content\/uploads\/2022\/12\/Stern_outline-405x405.png?ver=20221205145631 405w, https:\/\/thermostar.ch\/wp-content\/uploads\/2022\/12\/Stern_outline-305x305.png?ver=20221205145631 305w, https:\/\/thermostar.ch\/wp-content\/uploads\/2022\/12\/Stern_outline-466x466.png?ver=20221205145631 466w, https:\/\/thermostar.ch\/wp-content\/uploads\/2022\/12\/Stern_outline-480x480.png?ver=20221205145631 480w, https:\/\/thermostar.ch\/wp-content\/uploads\/2022\/12\/Stern_outline-380x380.png?ver=20221205145631 380w, https:\/\/thermostar.ch\/wp-content\/uploads\/2022\/12\/Stern_outline-320x320.png?ver=20221205145631 320w, https:\/\/thermostar.ch\/wp-content\/uploads\/2022\/12\/Stern_outline-280x280.png?ver=20221205145631 280w, https:\/\/thermostar.ch\/wp-content\/uploads\/2022\/12\/Stern_outline-240x240.png?ver=20221205145631 240w, https:\/\/thermostar.ch\/wp-content\/uploads\/2022\/12\/Stern_outline-360x360.png?ver=20221205145631 360w, https:\/\/thermostar.ch\/wp-content\/uploads\/2022\/12\/Stern_outline-460x460.png?ver=20221205145631 460w, https:\/\/thermostar.ch\/wp-content\/uploads\/2022\/12\/Stern_outline-80x80.png?ver=20221205145631 80w, https:\/\/thermostar.ch\/wp-content\/uploads\/2022\/12\/Stern_outline-412x412.png?ver=20221205145631 412w, https:\/\/thermostar.ch\/wp-content\/uploads\/2022\/12\/Stern_outline.png?ver=20221205145631 496w\" sizes=\"auto, (max-width: 350px) 100vw, 350px\" data-fancybox-title=\"Stern_outline\" data-fancybox-alt=\"\" data-fancybox-caption=\"\" data-fancybox-srcset=\"https:\/\/thermostar.ch\/wp-content\/uploads\/2022\/12\/Stern_outline-300x300.png 300w, https:\/\/thermostar.ch\/wp-content\/uploads\/2022\/12\/Stern_outline-150x150.png 150w, https:\/\/thermostar.ch\/wp-content\/uploads\/2022\/12\/Stern_outline-32x32.png 32w, https:\/\/thermostar.ch\/wp-content\/uploads\/2022\/12\/Stern_outline-180x180.png 180w, https:\/\/thermostar.ch\/wp-content\/uploads\/2022\/12\/Stern_outline-192x192.png 192w, https:\/\/thermostar.ch\/wp-content\/uploads\/2022\/12\/Stern_outline-270x270.png 270w, https:\/\/thermostar.ch\/wp-content\/uploads\/2022\/12\/Stern_outline-200x200.png 200w, https:\/\/thermostar.ch\/wp-content\/uploads\/2022\/12\/Stern_outline-250x250.png 250w, https:\/\/thermostar.ch\/wp-content\/uploads\/2022\/12\/Stern_outline-350x350.png 350w, https:\/\/thermostar.ch\/wp-content\/uploads\/2022\/12\/Stern_outline-400x400.png 400w, https:\/\/thermostar.ch\/wp-content\/uploads\/2022\/12\/Stern_outline-100x100.png 100w, https:\/\/thermostar.ch\/wp-content\/uploads\/2022\/12\/Stern_outline-75x75.png 75w, https:\/\/thermostar.ch\/wp-content\/uploads\/2022\/12\/Stern_outline-130x130.png 130w, https:\/\/thermostar.ch\/wp-content\/uploads\/2022\/12\/Stern_outline-50x50.png 50w, https:\/\/thermostar.ch\/wp-content\/uploads\/2022\/12\/Stern_outline-471x471.png 471w, https:\/\/thermostar.ch\/wp-content\/uploads\/2022\/12\/Stern_outline-405x405.png 405w, https:\/\/thermostar.ch\/wp-content\/uploads\/2022\/12\/Stern_outline-305x305.png 305w, https:\/\/thermostar.ch\/wp-content\/uploads\/2022\/12\/Stern_outline-466x466.png 466w, https:\/\/thermostar.ch\/wp-content\/uploads\/2022\/12\/Stern_outline-480x480.png 480w, https:\/\/thermostar.ch\/wp-content\/uploads\/2022\/12\/Stern_outline-380x380.png 380w, https:\/\/thermostar.ch\/wp-content\/uploads\/2022\/12\/Stern_outline-320x320.png 320w, https:\/\/thermostar.ch\/wp-content\/uploads\/2022\/12\/Stern_outline-280x280.png 280w, https:\/\/thermostar.ch\/wp-content\/uploads\/2022\/12\/Stern_outline-240x240.png 240w, https:\/\/thermostar.ch\/wp-content\/uploads\/2022\/12\/Stern_outline-360x360.png 360w, https:\/\/thermostar.ch\/wp-content\/uploads\/2022\/12\/Stern_outline-460x460.png 460w, https:\/\/thermostar.ch\/wp-content\/uploads\/2022\/12\/Stern_outline-80x80.png 80w, https:\/\/thermostar.ch\/wp-content\/uploads\/2022\/12\/Stern_outline-412x412.png 412w, https:\/\/thermostar.ch\/wp-content\/uploads\/2022\/12\/Stern_outline.png 496w\" \/><\/dt>\n<dd>\n<h6><\/h6>\n<h4 class=\"h6\">Sfida cameretta dei bambini<\/h4>\n<p>La cameretta dei bambini ci offre una sfida molto speciale. I nostri piccoli non sempre hanno i pi\u00f9 alti standard di pulizia. E se non si vuole sempre stare a sistemare e pulire appresso ai bambini, \u00e8 bene stabilire alcune regole fin dall&#8217;inizio. Ecco allora le nostre ulteriori raccomandazioni a sostegno della salute dei bambini: pulisci regolarmente i giocattoli di peluche e i giocattoli dei bambini con la lancia vapore; i tuoi bambini potrebbero anche essere felici di aiutare e imparare a usare Thermostar in modo giocoso. E anche una spolverata periodica alla casa delle bambole, gru da costruzione o costruzioni Lego \u00e8 assolutamente consigliata!<\/p>\n<\/dd>\n<dt><img width=\"350\" height=\"350\" src=\"https:\/\/thermostar.ch\/wp-content\/uploads\/2022\/12\/Stern_outline-350x350.png?ver=20221205145631\" class=\"\" alt=\"\" decoding=\"async\" loading=\"lazy\" srcset=\"https:\/\/thermostar.ch\/wp-content\/uploads\/2022\/12\/Stern_outline-350x350.png?ver=20221205145631 350w, https:\/\/thermostar.ch\/wp-content\/uploads\/2022\/12\/Stern_outline-150x150.png?ver=20221205145631 150w, https:\/\/thermostar.ch\/wp-content\/uploads\/2022\/12\/Stern_outline-300x300.png?ver=20221205145631 300w, https:\/\/thermostar.ch\/wp-content\/uploads\/2022\/12\/Stern_outline-32x32.png?ver=20221205145631 32w, https:\/\/thermostar.ch\/wp-content\/uploads\/2022\/12\/Stern_outline-180x180.png?ver=20221205145631 180w, https:\/\/thermostar.ch\/wp-content\/uploads\/2022\/12\/Stern_outline-192x192.png?ver=20221205145631 192w, https:\/\/thermostar.ch\/wp-content\/uploads\/2022\/12\/Stern_outline-270x270.png?ver=20221205145631 270w, https:\/\/thermostar.ch\/wp-content\/uploads\/2022\/12\/Stern_outline-200x200.png?ver=20221205145631 200w, https:\/\/thermostar.ch\/wp-content\/uploads\/2022\/12\/Stern_outline-250x250.png?ver=20221205145631 250w, https:\/\/thermostar.ch\/wp-content\/uploads\/2022\/12\/Stern_outline-400x400.png?ver=20221205145631 400w, https:\/\/thermostar.ch\/wp-content\/uploads\/2022\/12\/Stern_outline-100x100.png?ver=20221205145631 100w, https:\/\/thermostar.ch\/wp-content\/uploads\/2022\/12\/Stern_outline-75x75.png?ver=20221205145631 75w, https:\/\/thermostar.ch\/wp-content\/uploads\/2022\/12\/Stern_outline-130x130.png?ver=20221205145631 130w, https:\/\/thermostar.ch\/wp-content\/uploads\/2022\/12\/Stern_outline-50x50.png?ver=20221205145631 50w, https:\/\/thermostar.ch\/wp-content\/uploads\/2022\/12\/Stern_outline-471x471.png?ver=20221205145631 471w, https:\/\/thermostar.ch\/wp-content\/uploads\/2022\/12\/Stern_outline-405x405.png?ver=20221205145631 405w, https:\/\/thermostar.ch\/wp-content\/uploads\/2022\/12\/Stern_outline-305x305.png?ver=20221205145631 305w, https:\/\/thermostar.ch\/wp-content\/uploads\/2022\/12\/Stern_outline-466x466.png?ver=20221205145631 466w, https:\/\/thermostar.ch\/wp-content\/uploads\/2022\/12\/Stern_outline-480x480.png?ver=20221205145631 480w, https:\/\/thermostar.ch\/wp-content\/uploads\/2022\/12\/Stern_outline-380x380.png?ver=20221205145631 380w, https:\/\/thermostar.ch\/wp-content\/uploads\/2022\/12\/Stern_outline-320x320.png?ver=20221205145631 320w, https:\/\/thermostar.ch\/wp-content\/uploads\/2022\/12\/Stern_outline-280x280.png?ver=20221205145631 280w, https:\/\/thermostar.ch\/wp-content\/uploads\/2022\/12\/Stern_outline-240x240.png?ver=20221205145631 240w, https:\/\/thermostar.ch\/wp-content\/uploads\/2022\/12\/Stern_outline-360x360.png?ver=20221205145631 360w, https:\/\/thermostar.ch\/wp-content\/uploads\/2022\/12\/Stern_outline-460x460.png?ver=20221205145631 460w, https:\/\/thermostar.ch\/wp-content\/uploads\/2022\/12\/Stern_outline-80x80.png?ver=20221205145631 80w, https:\/\/thermostar.ch\/wp-content\/uploads\/2022\/12\/Stern_outline-412x412.png?ver=20221205145631 412w, https:\/\/thermostar.ch\/wp-content\/uploads\/2022\/12\/Stern_outline.png?ver=20221205145631 496w\" sizes=\"auto, (max-width: 350px) 100vw, 350px\" data-fancybox-title=\"Stern_outline\" data-fancybox-alt=\"\" data-fancybox-caption=\"\" data-fancybox-srcset=\"https:\/\/thermostar.ch\/wp-content\/uploads\/2022\/12\/Stern_outline-300x300.png 300w, https:\/\/thermostar.ch\/wp-content\/uploads\/2022\/12\/Stern_outline-150x150.png 150w, https:\/\/thermostar.ch\/wp-content\/uploads\/2022\/12\/Stern_outline-32x32.png 32w, https:\/\/thermostar.ch\/wp-content\/uploads\/2022\/12\/Stern_outline-180x180.png 180w, https:\/\/thermostar.ch\/wp-content\/uploads\/2022\/12\/Stern_outline-192x192.png 192w, https:\/\/thermostar.ch\/wp-content\/uploads\/2022\/12\/Stern_outline-270x270.png 270w, https:\/\/thermostar.ch\/wp-content\/uploads\/2022\/12\/Stern_outline-200x200.png 200w, https:\/\/thermostar.ch\/wp-content\/uploads\/2022\/12\/Stern_outline-250x250.png 250w, https:\/\/thermostar.ch\/wp-content\/uploads\/2022\/12\/Stern_outline-350x350.png 350w, https:\/\/thermostar.ch\/wp-content\/uploads\/2022\/12\/Stern_outline-400x400.png 400w, https:\/\/thermostar.ch\/wp-content\/uploads\/2022\/12\/Stern_outline-100x100.png 100w, https:\/\/thermostar.ch\/wp-content\/uploads\/2022\/12\/Stern_outline-75x75.png 75w, https:\/\/thermostar.ch\/wp-content\/uploads\/2022\/12\/Stern_outline-130x130.png 130w, https:\/\/thermostar.ch\/wp-content\/uploads\/2022\/12\/Stern_outline-50x50.png 50w, https:\/\/thermostar.ch\/wp-content\/uploads\/2022\/12\/Stern_outline-471x471.png 471w, https:\/\/thermostar.ch\/wp-content\/uploads\/2022\/12\/Stern_outline-405x405.png 405w, https:\/\/thermostar.ch\/wp-content\/uploads\/2022\/12\/Stern_outline-305x305.png 305w, https:\/\/thermostar.ch\/wp-content\/uploads\/2022\/12\/Stern_outline-466x466.png 466w, https:\/\/thermostar.ch\/wp-content\/uploads\/2022\/12\/Stern_outline-480x480.png 480w, https:\/\/thermostar.ch\/wp-content\/uploads\/2022\/12\/Stern_outline-380x380.png 380w, https:\/\/thermostar.ch\/wp-content\/uploads\/2022\/12\/Stern_outline-320x320.png 320w, https:\/\/thermostar.ch\/wp-content\/uploads\/2022\/12\/Stern_outline-280x280.png 280w, https:\/\/thermostar.ch\/wp-content\/uploads\/2022\/12\/Stern_outline-240x240.png 240w, https:\/\/thermostar.ch\/wp-content\/uploads\/2022\/12\/Stern_outline-360x360.png 360w, https:\/\/thermostar.ch\/wp-content\/uploads\/2022\/12\/Stern_outline-460x460.png 460w, https:\/\/thermostar.ch\/wp-content\/uploads\/2022\/12\/Stern_outline-80x80.png 80w, https:\/\/thermostar.ch\/wp-content\/uploads\/2022\/12\/Stern_outline-412x412.png 412w, https:\/\/thermostar.ch\/wp-content\/uploads\/2022\/12\/Stern_outline.png 496w\" \/><\/dt>\n<dd>\n<h6><\/h6>\n<h4 class=\"h6\">Dare una rinfrescata alle tende<\/h4>\n<p>Spesso nelle camere da letto si trovano molte tende e cuscini decorativi, copriletti e altri tessuti. Ci\u00f2 che sembra bello e offre una buona protezione dagli sguardi non \u00e8 sempre facile e divertente da lavare e mantenere pulito. Per questo ti consigliamo di vaporizzare regolarmente i tuoi tessuti con la lancia vapore; polvere, polline e altri allergeni si accumulano sul pavimento e possono essere facilmente eliminati. In questo modo manterrai un clima ambiente buono e salutare e preverrai odori sgradevoli.<\/p>\n<\/dd>\n<\/dl>\n<div class=\"acf-fc-column acf-fc-column-1\">\n<h3 style=\"text-align: center;\">Video materassi e cuscini<\/h3>\n<\/p><\/div>\n<div class=\"acf-fc-column acf-fc-column-1\">\n<div class=\"video-container\"><iframe loading=\"lazy\" title=\"Matratzen &amp; Polsterm\u00f6bel - Cleaning mattresses &amp; upholstered furniture with Thermostar\" width=\"1398\" height=\"786\" src=\"https:\/\/www.youtube.com\/embed\/R0cwLgqF0U0?feature=oembed&amp;rel=0&amp;showinfo=0\" frameborder=\"0\" allow=\"accelerometer; autoplay; clipboard-write; encrypted-media; gyroscope; picture-in-picture; web-share\" allowfullscreen><\/iframe><\/div>\n<\/p><\/div>\n","protected":false},"excerpt":{"rendered":"<p>Igiene nel sonno In media, una persona trascorre circa 24 anni della sua vita a letto. E sappiamo per esperienza personale quanto sia importante per noi un sonno di buona qualit\u00e0. Fattori di disturbo esterni, come troppa luce o rumori, disturbi del sonno legati alla salute, ma anche un materasso difettoso o un cuscino che [&hellip;]<\/p>\n","protected":false},"author":5,"featured_media":0,"parent":2405,"menu_order":2,"comment_status":"closed","ping_status":"closed","template":"","meta":{"_acf_changed":false,"footnotes":""},"class_list":["post-2561","page","type-page","status-publish","hentry"],"acf":[],"_links":{"self":[{"href":"https:\/\/thermostar.ch\/it\/wp-json\/wp\/v2\/pages\/2561","targetHints":{"allow":["GET"]}}],"collection":[{"href":"https:\/\/thermostar.ch\/it\/wp-json\/wp\/v2\/pages"}],"about":[{"href":"https:\/\/thermostar.ch\/it\/wp-json\/wp\/v2\/types\/page"}],"author":[{"embeddable":true,"href":"https:\/\/thermostar.ch\/it\/wp-json\/wp\/v2\/users\/5"}],"replies":[{"embeddable":true,"href":"https:\/\/thermostar.ch\/it\/wp-json\/wp\/v2\/comments?post=2561"}],"version-history":[{"count":5,"href":"https:\/\/thermostar.ch\/it\/wp-json\/wp\/v2\/pages\/2561\/revisions"}],"predecessor-version":[{"id":3718,"href":"https:\/\/thermostar.ch\/it\/wp-json\/wp\/v2\/pages\/2561\/revisions\/3718"}],"up":[{"embeddable":true,"href":"https:\/\/thermostar.ch\/it\/wp-json\/wp\/v2\/pages\/2405"}],"wp:attachment":[{"href":"https:\/\/thermostar.ch\/it\/wp-json\/wp\/v2\/media?parent=2561"}],"curies":[{"name":"wp","href":"https:\/\/api.w.org\/{rel}","templated":true}]}}