{"id":2566,"date":"2023-04-21T10:14:34","date_gmt":"2023-04-21T08:14:34","guid":{"rendered":"https:\/\/thermostar.ch\/applicazioni\/outdoor\/"},"modified":"2025-12-10T10:32:38","modified_gmt":"2025-12-10T09:32:38","slug":"esterni","status":"publish","type":"page","link":"https:\/\/thermostar.ch\/it\/applicazioni\/esterni\/","title":{"rendered":"Esterni"},"content":{"rendered":"<div class=\"acf-fc-column acf-fc-column-1\">\n<h1 style=\"text-align: center;\">Mobili da giardino luminosi e puliti<\/h1>\n<\/p><\/div>\n<div class=\"acf-fc-column acf-fc-column-1\">\n<p style=\"text-align: center;\">I primi caldi giorni di primavera sono il momento giusto per dare una rinfrescata alla terrazza o al balcone e prepararsi alla prossima stagione. L&#8217;attesa per le piacevoli ore che si passeranno all&#8217;aperto o in compagnia \u00e8 grande, ma per questo \u00e8 necessario rimuovere la polvere e lo sporco dell&#8217;inverno. Per rimuovere lo sporco ostinato e dare nuova lucentezza alla tua terrazza, il pulitore termico Thermostar \u00e8 la soluzione ideale. Questo dispositivo garantisce una pulizia assoluta ed \u00e8 completamente rispettoso dell&#8217;ambiente.<\/p>\n<p style=\"text-align: center;\">Su Internet si trova ogni tipo di consigli e suggerimenti per far splendere come nuovi i tuoi mobili da giardino, siano essi di plastica, legno o metallo. Tra gli altri ritroviamo rimedi casalinghi o detergenti chimici aggressivi, che promettono una pulizia presumibilmente impeccabile. Questi non sono solo estremamente tossici, ma i detergenti irritanti possono anche lasciare graffi sulle superfici o far sbiadire materiali sensibili. Con il tuo Thermostar avrai solo bisogno dell&#8217;acqua del rubinetto e nient&#8217;altro. Oltre al risparmio di tempo, lo sporco verr\u00e0 rimosso in modo veloce, efficiente e senza fatica dai mobili da giardino, senza l&#8217;impiego di prodotti chimici.<\/p>\n<\/p><\/div>\n<div>\n\t<img decoding=\"async\" class=\"alignleft\" src=\"https:\/\/thermostar.ch\/wp-content\/uploads\/2022\/11\/DSC8847-150x150.jpg\"\/><\/p>\n<h2 class=\"h3\">Thermostar: tutto pulito<\/h2>\n<p>&nbsp;<\/p>\n<p>Oltre ai mobili da giardino, con Thermostar potrai pulire alla perfezione il pavimento della terrazza, il barbecue, la fontana in pietra, la piscina e persino le tende da sole e le tapparelle. Scoprirai presto quali sono gli accessori che si prestano al meglio per le varie esigenze. Come regola generale possiamo affermare che sui materiali delicati \u2013 o se non sei sicuro \u2013 puoi effettuare le pulizie con i panni o la lancia vapore, mentre sulla pietra o per lo sporco grossolano puoi provare le spazzole di plastica di diverse dimensioni. Sulla griglia del barbecue pu\u00f2 anche andare bene passare la spazzola in acciaio inossidabile.<\/p>\n<p>La pulizia dei mobili in legno necessita invece di particolare attenzione. Qui si consiglia di pulire impostando un livello di vapore basso, in modo da far s\u00ec che non troppa umidit\u00e0 raggiunga la superficie dei mobili. Lo sporco viene comunque rimosso in modo efficace e pu\u00f2 essere facilmente lavato via. Per questo caso particolare, utilizza un asciugamano in tessuto di spugna che, rispetto alla microfibra, funziona meglio sulla superficie ruvida.<\/p>\n<p>Dopo la pulizia, consigliamo di trattare i mobili da giardino con Pro Seal. Questo impermeabilizzante in puro silicio aderisce sulle superfici come vetro liquido e protegge in modo ottimale dalla successiva formazione di sporco, dalla pioggia o dagli altri agenti atmosferici.<\/p>\n<\/div>\n<div class=\"acf-fc-column acf-fc-column-1\">\n<h6><\/h6>\n<p class=\"h6\" style=\"text-align: center;\">Scarica subito la nostra APP e avrai sempre a portata di mano i migliori consigli e trucchi per la pulizia con il tuo Thermostar!<\/p>\n<p>&nbsp;<\/p>\n<p style=\"text-align: center;\"><a class=\"button\" href=\"https:\/\/thermostar.info\/app\/#\/uses\">Download APP<\/a><\/p>\n<\/p><\/div>\n<div class=\"acf-fc-column acf-fc-column-1\">\n<h3>Le estensioni<\/h3>\n<p>Non importa se a terra o in aria: le estensioni, sempre a portata di mano, alleggeriranno di molto le tue pulizie. In questo modo puoi pulire in modo efficace il pavimento senza doverti piegare e puoi anche pulire le finestre in alto raggiungendo i punti pi\u00f9 difficili senza scale. Le estensioni sono disponibili in due diverse dimensioni, cos\u00ec potrai adeguare il tuo Thermostar alla tua altezza.<\/p>\n<p>Ci\u00f2 che qui si legge tanto facilmente rappresenta un grande problema per molte persone! Sempre pi\u00f9 persone soffrono di tensioni, mal di schiena o dolori alle spalle e le pulizie generali dell&#8217;appartamento diventano un atto di forza che mostra le sue ripercussioni, accompagnate da dolori anche intensi, nei molti giorni che seguono. Con il calore e la potenza del tuo Thermostar e degli accessori giusti, la pulizia risulter\u00e0 molto pi\u00f9 facile in tutte le aree e la qualit\u00e0 della vita aumenter\u00e0 in modo significativo!<\/p>\n<p>&nbsp;<\/p>\n<p><a class=\"button\" href=\"https:\/\/thermostar.ch\/it\/thermostar\/accessori\/\">Altri accessori<\/a><\/p>\n<\/div>\n<div class=\"acf-fc-column acf-fc-column-1\">\n<h3 style=\"text-align: center;\">Consigli degli esperti Thermostar<\/h3>\n<\/p><\/div>\n<dl>\n<dt><img width=\"350\" height=\"350\" src=\"https:\/\/thermostar.ch\/wp-content\/uploads\/2022\/12\/Stern_outline-350x350.png?ver=20221205145631\" class=\"\" alt=\"\" decoding=\"async\" loading=\"lazy\" srcset=\"https:\/\/thermostar.ch\/wp-content\/uploads\/2022\/12\/Stern_outline-350x350.png?ver=20221205145631 350w, https:\/\/thermostar.ch\/wp-content\/uploads\/2022\/12\/Stern_outline-150x150.png?ver=20221205145631 150w, https:\/\/thermostar.ch\/wp-content\/uploads\/2022\/12\/Stern_outline-300x300.png?ver=20221205145631 300w, https:\/\/thermostar.ch\/wp-content\/uploads\/2022\/12\/Stern_outline-32x32.png?ver=20221205145631 32w, https:\/\/thermostar.ch\/wp-content\/uploads\/2022\/12\/Stern_outline-180x180.png?ver=20221205145631 180w, https:\/\/thermostar.ch\/wp-content\/uploads\/2022\/12\/Stern_outline-192x192.png?ver=20221205145631 192w, https:\/\/thermostar.ch\/wp-content\/uploads\/2022\/12\/Stern_outline-270x270.png?ver=20221205145631 270w, https:\/\/thermostar.ch\/wp-content\/uploads\/2022\/12\/Stern_outline-200x200.png?ver=20221205145631 200w, https:\/\/thermostar.ch\/wp-content\/uploads\/2022\/12\/Stern_outline-250x250.png?ver=20221205145631 250w, https:\/\/thermostar.ch\/wp-content\/uploads\/2022\/12\/Stern_outline-400x400.png?ver=20221205145631 400w, https:\/\/thermostar.ch\/wp-content\/uploads\/2022\/12\/Stern_outline-100x100.png?ver=20221205145631 100w, https:\/\/thermostar.ch\/wp-content\/uploads\/2022\/12\/Stern_outline-75x75.png?ver=20221205145631 75w, https:\/\/thermostar.ch\/wp-content\/uploads\/2022\/12\/Stern_outline-130x130.png?ver=20221205145631 130w, https:\/\/thermostar.ch\/wp-content\/uploads\/2022\/12\/Stern_outline-50x50.png?ver=20221205145631 50w, https:\/\/thermostar.ch\/wp-content\/uploads\/2022\/12\/Stern_outline-471x471.png?ver=20221205145631 471w, https:\/\/thermostar.ch\/wp-content\/uploads\/2022\/12\/Stern_outline-405x405.png?ver=20221205145631 405w, https:\/\/thermostar.ch\/wp-content\/uploads\/2022\/12\/Stern_outline-305x305.png?ver=20221205145631 305w, https:\/\/thermostar.ch\/wp-content\/uploads\/2022\/12\/Stern_outline-466x466.png?ver=20221205145631 466w, https:\/\/thermostar.ch\/wp-content\/uploads\/2022\/12\/Stern_outline-480x480.png?ver=20221205145631 480w, https:\/\/thermostar.ch\/wp-content\/uploads\/2022\/12\/Stern_outline-380x380.png?ver=20221205145631 380w, https:\/\/thermostar.ch\/wp-content\/uploads\/2022\/12\/Stern_outline-320x320.png?ver=20221205145631 320w, https:\/\/thermostar.ch\/wp-content\/uploads\/2022\/12\/Stern_outline-280x280.png?ver=20221205145631 280w, https:\/\/thermostar.ch\/wp-content\/uploads\/2022\/12\/Stern_outline-240x240.png?ver=20221205145631 240w, https:\/\/thermostar.ch\/wp-content\/uploads\/2022\/12\/Stern_outline-360x360.png?ver=20221205145631 360w, https:\/\/thermostar.ch\/wp-content\/uploads\/2022\/12\/Stern_outline-460x460.png?ver=20221205145631 460w, https:\/\/thermostar.ch\/wp-content\/uploads\/2022\/12\/Stern_outline-80x80.png?ver=20221205145631 80w, https:\/\/thermostar.ch\/wp-content\/uploads\/2022\/12\/Stern_outline-412x412.png?ver=20221205145631 412w, https:\/\/thermostar.ch\/wp-content\/uploads\/2022\/12\/Stern_outline.png?ver=20221205145631 496w\" sizes=\"auto, (max-width: 350px) 100vw, 350px\" data-fancybox-title=\"Stern_outline\" data-fancybox-alt=\"\" data-fancybox-caption=\"\" data-fancybox-srcset=\"https:\/\/thermostar.ch\/wp-content\/uploads\/2022\/12\/Stern_outline-300x300.png 300w, https:\/\/thermostar.ch\/wp-content\/uploads\/2022\/12\/Stern_outline-150x150.png 150w, https:\/\/thermostar.ch\/wp-content\/uploads\/2022\/12\/Stern_outline-32x32.png 32w, https:\/\/thermostar.ch\/wp-content\/uploads\/2022\/12\/Stern_outline-180x180.png 180w, https:\/\/thermostar.ch\/wp-content\/uploads\/2022\/12\/Stern_outline-192x192.png 192w, https:\/\/thermostar.ch\/wp-content\/uploads\/2022\/12\/Stern_outline-270x270.png 270w, https:\/\/thermostar.ch\/wp-content\/uploads\/2022\/12\/Stern_outline-200x200.png 200w, https:\/\/thermostar.ch\/wp-content\/uploads\/2022\/12\/Stern_outline-250x250.png 250w, https:\/\/thermostar.ch\/wp-content\/uploads\/2022\/12\/Stern_outline-350x350.png 350w, https:\/\/thermostar.ch\/wp-content\/uploads\/2022\/12\/Stern_outline-400x400.png 400w, https:\/\/thermostar.ch\/wp-content\/uploads\/2022\/12\/Stern_outline-100x100.png 100w, https:\/\/thermostar.ch\/wp-content\/uploads\/2022\/12\/Stern_outline-75x75.png 75w, https:\/\/thermostar.ch\/wp-content\/uploads\/2022\/12\/Stern_outline-130x130.png 130w, https:\/\/thermostar.ch\/wp-content\/uploads\/2022\/12\/Stern_outline-50x50.png 50w, https:\/\/thermostar.ch\/wp-content\/uploads\/2022\/12\/Stern_outline-471x471.png 471w, https:\/\/thermostar.ch\/wp-content\/uploads\/2022\/12\/Stern_outline-405x405.png 405w, https:\/\/thermostar.ch\/wp-content\/uploads\/2022\/12\/Stern_outline-305x305.png 305w, https:\/\/thermostar.ch\/wp-content\/uploads\/2022\/12\/Stern_outline-466x466.png 466w, https:\/\/thermostar.ch\/wp-content\/uploads\/2022\/12\/Stern_outline-480x480.png 480w, https:\/\/thermostar.ch\/wp-content\/uploads\/2022\/12\/Stern_outline-380x380.png 380w, https:\/\/thermostar.ch\/wp-content\/uploads\/2022\/12\/Stern_outline-320x320.png 320w, https:\/\/thermostar.ch\/wp-content\/uploads\/2022\/12\/Stern_outline-280x280.png 280w, https:\/\/thermostar.ch\/wp-content\/uploads\/2022\/12\/Stern_outline-240x240.png 240w, https:\/\/thermostar.ch\/wp-content\/uploads\/2022\/12\/Stern_outline-360x360.png 360w, https:\/\/thermostar.ch\/wp-content\/uploads\/2022\/12\/Stern_outline-460x460.png 460w, https:\/\/thermostar.ch\/wp-content\/uploads\/2022\/12\/Stern_outline-80x80.png 80w, https:\/\/thermostar.ch\/wp-content\/uploads\/2022\/12\/Stern_outline-412x412.png 412w, https:\/\/thermostar.ch\/wp-content\/uploads\/2022\/12\/Stern_outline.png 496w\" \/><\/dt>\n<dd>\n<h6><\/h6>\n<h4 class=\"h6\">Accessori in acciaio inox<\/h4>\n<p>Per la pulizia delle aree commerciali e di alcune aree molto robuste e molto sporche degli appartamenti privati troviamo accessori speciali in acciaio inossidabile, come le piccole spazzole rotonde, una spazzola per fughe e una spatola a vapore in acciaio inossidabile da inserire sulla lancia vapore. Presta per\u00f2 sempre particolare attenzione all&#8217;uso di questo materiale molto duro durante le pulizie! Spesso la variante pi\u00f9 morbida in ottone \u00e8 sufficiente e la superficie pu\u00f2 essere quindi risparmiata. Si consiglia sempre di provare l&#8217;uso in punti nascosti prima di iniziare la pulizia su una vasta area.<\/p>\n<\/dd>\n<dt><img width=\"350\" height=\"350\" src=\"https:\/\/thermostar.ch\/wp-content\/uploads\/2022\/12\/Stern_outline-350x350.png?ver=20221205145631\" class=\"\" alt=\"\" decoding=\"async\" loading=\"lazy\" srcset=\"https:\/\/thermostar.ch\/wp-content\/uploads\/2022\/12\/Stern_outline-350x350.png?ver=20221205145631 350w, https:\/\/thermostar.ch\/wp-content\/uploads\/2022\/12\/Stern_outline-150x150.png?ver=20221205145631 150w, https:\/\/thermostar.ch\/wp-content\/uploads\/2022\/12\/Stern_outline-300x300.png?ver=20221205145631 300w, https:\/\/thermostar.ch\/wp-content\/uploads\/2022\/12\/Stern_outline-32x32.png?ver=20221205145631 32w, https:\/\/thermostar.ch\/wp-content\/uploads\/2022\/12\/Stern_outline-180x180.png?ver=20221205145631 180w, https:\/\/thermostar.ch\/wp-content\/uploads\/2022\/12\/Stern_outline-192x192.png?ver=20221205145631 192w, https:\/\/thermostar.ch\/wp-content\/uploads\/2022\/12\/Stern_outline-270x270.png?ver=20221205145631 270w, https:\/\/thermostar.ch\/wp-content\/uploads\/2022\/12\/Stern_outline-200x200.png?ver=20221205145631 200w, https:\/\/thermostar.ch\/wp-content\/uploads\/2022\/12\/Stern_outline-250x250.png?ver=20221205145631 250w, https:\/\/thermostar.ch\/wp-content\/uploads\/2022\/12\/Stern_outline-400x400.png?ver=20221205145631 400w, https:\/\/thermostar.ch\/wp-content\/uploads\/2022\/12\/Stern_outline-100x100.png?ver=20221205145631 100w, https:\/\/thermostar.ch\/wp-content\/uploads\/2022\/12\/Stern_outline-75x75.png?ver=20221205145631 75w, https:\/\/thermostar.ch\/wp-content\/uploads\/2022\/12\/Stern_outline-130x130.png?ver=20221205145631 130w, https:\/\/thermostar.ch\/wp-content\/uploads\/2022\/12\/Stern_outline-50x50.png?ver=20221205145631 50w, https:\/\/thermostar.ch\/wp-content\/uploads\/2022\/12\/Stern_outline-471x471.png?ver=20221205145631 471w, https:\/\/thermostar.ch\/wp-content\/uploads\/2022\/12\/Stern_outline-405x405.png?ver=20221205145631 405w, https:\/\/thermostar.ch\/wp-content\/uploads\/2022\/12\/Stern_outline-305x305.png?ver=20221205145631 305w, https:\/\/thermostar.ch\/wp-content\/uploads\/2022\/12\/Stern_outline-466x466.png?ver=20221205145631 466w, https:\/\/thermostar.ch\/wp-content\/uploads\/2022\/12\/Stern_outline-480x480.png?ver=20221205145631 480w, https:\/\/thermostar.ch\/wp-content\/uploads\/2022\/12\/Stern_outline-380x380.png?ver=20221205145631 380w, https:\/\/thermostar.ch\/wp-content\/uploads\/2022\/12\/Stern_outline-320x320.png?ver=20221205145631 320w, https:\/\/thermostar.ch\/wp-content\/uploads\/2022\/12\/Stern_outline-280x280.png?ver=20221205145631 280w, https:\/\/thermostar.ch\/wp-content\/uploads\/2022\/12\/Stern_outline-240x240.png?ver=20221205145631 240w, https:\/\/thermostar.ch\/wp-content\/uploads\/2022\/12\/Stern_outline-360x360.png?ver=20221205145631 360w, https:\/\/thermostar.ch\/wp-content\/uploads\/2022\/12\/Stern_outline-460x460.png?ver=20221205145631 460w, https:\/\/thermostar.ch\/wp-content\/uploads\/2022\/12\/Stern_outline-80x80.png?ver=20221205145631 80w, https:\/\/thermostar.ch\/wp-content\/uploads\/2022\/12\/Stern_outline-412x412.png?ver=20221205145631 412w, https:\/\/thermostar.ch\/wp-content\/uploads\/2022\/12\/Stern_outline.png?ver=20221205145631 496w\" sizes=\"auto, (max-width: 350px) 100vw, 350px\" data-fancybox-title=\"Stern_outline\" data-fancybox-alt=\"\" data-fancybox-caption=\"\" data-fancybox-srcset=\"https:\/\/thermostar.ch\/wp-content\/uploads\/2022\/12\/Stern_outline-300x300.png 300w, https:\/\/thermostar.ch\/wp-content\/uploads\/2022\/12\/Stern_outline-150x150.png 150w, https:\/\/thermostar.ch\/wp-content\/uploads\/2022\/12\/Stern_outline-32x32.png 32w, https:\/\/thermostar.ch\/wp-content\/uploads\/2022\/12\/Stern_outline-180x180.png 180w, https:\/\/thermostar.ch\/wp-content\/uploads\/2022\/12\/Stern_outline-192x192.png 192w, https:\/\/thermostar.ch\/wp-content\/uploads\/2022\/12\/Stern_outline-270x270.png 270w, https:\/\/thermostar.ch\/wp-content\/uploads\/2022\/12\/Stern_outline-200x200.png 200w, https:\/\/thermostar.ch\/wp-content\/uploads\/2022\/12\/Stern_outline-250x250.png 250w, https:\/\/thermostar.ch\/wp-content\/uploads\/2022\/12\/Stern_outline-350x350.png 350w, https:\/\/thermostar.ch\/wp-content\/uploads\/2022\/12\/Stern_outline-400x400.png 400w, https:\/\/thermostar.ch\/wp-content\/uploads\/2022\/12\/Stern_outline-100x100.png 100w, https:\/\/thermostar.ch\/wp-content\/uploads\/2022\/12\/Stern_outline-75x75.png 75w, https:\/\/thermostar.ch\/wp-content\/uploads\/2022\/12\/Stern_outline-130x130.png 130w, https:\/\/thermostar.ch\/wp-content\/uploads\/2022\/12\/Stern_outline-50x50.png 50w, https:\/\/thermostar.ch\/wp-content\/uploads\/2022\/12\/Stern_outline-471x471.png 471w, https:\/\/thermostar.ch\/wp-content\/uploads\/2022\/12\/Stern_outline-405x405.png 405w, https:\/\/thermostar.ch\/wp-content\/uploads\/2022\/12\/Stern_outline-305x305.png 305w, https:\/\/thermostar.ch\/wp-content\/uploads\/2022\/12\/Stern_outline-466x466.png 466w, https:\/\/thermostar.ch\/wp-content\/uploads\/2022\/12\/Stern_outline-480x480.png 480w, https:\/\/thermostar.ch\/wp-content\/uploads\/2022\/12\/Stern_outline-380x380.png 380w, https:\/\/thermostar.ch\/wp-content\/uploads\/2022\/12\/Stern_outline-320x320.png 320w, https:\/\/thermostar.ch\/wp-content\/uploads\/2022\/12\/Stern_outline-280x280.png 280w, https:\/\/thermostar.ch\/wp-content\/uploads\/2022\/12\/Stern_outline-240x240.png 240w, https:\/\/thermostar.ch\/wp-content\/uploads\/2022\/12\/Stern_outline-360x360.png 360w, https:\/\/thermostar.ch\/wp-content\/uploads\/2022\/12\/Stern_outline-460x460.png 460w, https:\/\/thermostar.ch\/wp-content\/uploads\/2022\/12\/Stern_outline-80x80.png 80w, https:\/\/thermostar.ch\/wp-content\/uploads\/2022\/12\/Stern_outline-412x412.png 412w, https:\/\/thermostar.ch\/wp-content\/uploads\/2022\/12\/Stern_outline.png 496w\" \/><\/dt>\n<dd>\n<h6><\/h6>\n<h4 class=\"h6\">Pulizia delle piastrelle in pietra<\/h4>\n<p>Mentre all&#8217;interno del tuo appartamento puoi usare le grandi spazzole nel 99% dei casi con un panno in microfibra, il pavimento sulla terrazza o sul balcone non potr\u00e0 non ringraziarti se lo sottoponi a un trattamento intensivo con le setole di plastica. Per le piastrelle in pietra dell&#8217;ambiente esterno, pulisci sempre prima le fughe, quindi utilizza la grande spazzola di plastica per eliminare i residui e lo sporco sulle superfici. Infine, rimuovi lo sporco scrostato con un panno o una scopa. Ma preparati a pulire l&#8217;intera superficie del pavimento, perch\u00e9 vedrai la differenza!<\/p>\n<\/dd>\n<dt><img width=\"350\" height=\"350\" src=\"https:\/\/thermostar.ch\/wp-content\/uploads\/2022\/12\/Stern_outline-350x350.png?ver=20221205145631\" class=\"\" alt=\"\" decoding=\"async\" loading=\"lazy\" srcset=\"https:\/\/thermostar.ch\/wp-content\/uploads\/2022\/12\/Stern_outline-350x350.png?ver=20221205145631 350w, https:\/\/thermostar.ch\/wp-content\/uploads\/2022\/12\/Stern_outline-150x150.png?ver=20221205145631 150w, https:\/\/thermostar.ch\/wp-content\/uploads\/2022\/12\/Stern_outline-300x300.png?ver=20221205145631 300w, https:\/\/thermostar.ch\/wp-content\/uploads\/2022\/12\/Stern_outline-32x32.png?ver=20221205145631 32w, https:\/\/thermostar.ch\/wp-content\/uploads\/2022\/12\/Stern_outline-180x180.png?ver=20221205145631 180w, https:\/\/thermostar.ch\/wp-content\/uploads\/2022\/12\/Stern_outline-192x192.png?ver=20221205145631 192w, https:\/\/thermostar.ch\/wp-content\/uploads\/2022\/12\/Stern_outline-270x270.png?ver=20221205145631 270w, https:\/\/thermostar.ch\/wp-content\/uploads\/2022\/12\/Stern_outline-200x200.png?ver=20221205145631 200w, https:\/\/thermostar.ch\/wp-content\/uploads\/2022\/12\/Stern_outline-250x250.png?ver=20221205145631 250w, https:\/\/thermostar.ch\/wp-content\/uploads\/2022\/12\/Stern_outline-400x400.png?ver=20221205145631 400w, https:\/\/thermostar.ch\/wp-content\/uploads\/2022\/12\/Stern_outline-100x100.png?ver=20221205145631 100w, https:\/\/thermostar.ch\/wp-content\/uploads\/2022\/12\/Stern_outline-75x75.png?ver=20221205145631 75w, https:\/\/thermostar.ch\/wp-content\/uploads\/2022\/12\/Stern_outline-130x130.png?ver=20221205145631 130w, https:\/\/thermostar.ch\/wp-content\/uploads\/2022\/12\/Stern_outline-50x50.png?ver=20221205145631 50w, https:\/\/thermostar.ch\/wp-content\/uploads\/2022\/12\/Stern_outline-471x471.png?ver=20221205145631 471w, https:\/\/thermostar.ch\/wp-content\/uploads\/2022\/12\/Stern_outline-405x405.png?ver=20221205145631 405w, https:\/\/thermostar.ch\/wp-content\/uploads\/2022\/12\/Stern_outline-305x305.png?ver=20221205145631 305w, https:\/\/thermostar.ch\/wp-content\/uploads\/2022\/12\/Stern_outline-466x466.png?ver=20221205145631 466w, https:\/\/thermostar.ch\/wp-content\/uploads\/2022\/12\/Stern_outline-480x480.png?ver=20221205145631 480w, https:\/\/thermostar.ch\/wp-content\/uploads\/2022\/12\/Stern_outline-380x380.png?ver=20221205145631 380w, https:\/\/thermostar.ch\/wp-content\/uploads\/2022\/12\/Stern_outline-320x320.png?ver=20221205145631 320w, https:\/\/thermostar.ch\/wp-content\/uploads\/2022\/12\/Stern_outline-280x280.png?ver=20221205145631 280w, https:\/\/thermostar.ch\/wp-content\/uploads\/2022\/12\/Stern_outline-240x240.png?ver=20221205145631 240w, https:\/\/thermostar.ch\/wp-content\/uploads\/2022\/12\/Stern_outline-360x360.png?ver=20221205145631 360w, https:\/\/thermostar.ch\/wp-content\/uploads\/2022\/12\/Stern_outline-460x460.png?ver=20221205145631 460w, https:\/\/thermostar.ch\/wp-content\/uploads\/2022\/12\/Stern_outline-80x80.png?ver=20221205145631 80w, https:\/\/thermostar.ch\/wp-content\/uploads\/2022\/12\/Stern_outline-412x412.png?ver=20221205145631 412w, https:\/\/thermostar.ch\/wp-content\/uploads\/2022\/12\/Stern_outline.png?ver=20221205145631 496w\" sizes=\"auto, (max-width: 350px) 100vw, 350px\" data-fancybox-title=\"Stern_outline\" data-fancybox-alt=\"\" data-fancybox-caption=\"\" data-fancybox-srcset=\"https:\/\/thermostar.ch\/wp-content\/uploads\/2022\/12\/Stern_outline-300x300.png 300w, https:\/\/thermostar.ch\/wp-content\/uploads\/2022\/12\/Stern_outline-150x150.png 150w, https:\/\/thermostar.ch\/wp-content\/uploads\/2022\/12\/Stern_outline-32x32.png 32w, https:\/\/thermostar.ch\/wp-content\/uploads\/2022\/12\/Stern_outline-180x180.png 180w, https:\/\/thermostar.ch\/wp-content\/uploads\/2022\/12\/Stern_outline-192x192.png 192w, https:\/\/thermostar.ch\/wp-content\/uploads\/2022\/12\/Stern_outline-270x270.png 270w, https:\/\/thermostar.ch\/wp-content\/uploads\/2022\/12\/Stern_outline-200x200.png 200w, https:\/\/thermostar.ch\/wp-content\/uploads\/2022\/12\/Stern_outline-250x250.png 250w, https:\/\/thermostar.ch\/wp-content\/uploads\/2022\/12\/Stern_outline-350x350.png 350w, https:\/\/thermostar.ch\/wp-content\/uploads\/2022\/12\/Stern_outline-400x400.png 400w, https:\/\/thermostar.ch\/wp-content\/uploads\/2022\/12\/Stern_outline-100x100.png 100w, https:\/\/thermostar.ch\/wp-content\/uploads\/2022\/12\/Stern_outline-75x75.png 75w, https:\/\/thermostar.ch\/wp-content\/uploads\/2022\/12\/Stern_outline-130x130.png 130w, https:\/\/thermostar.ch\/wp-content\/uploads\/2022\/12\/Stern_outline-50x50.png 50w, https:\/\/thermostar.ch\/wp-content\/uploads\/2022\/12\/Stern_outline-471x471.png 471w, https:\/\/thermostar.ch\/wp-content\/uploads\/2022\/12\/Stern_outline-405x405.png 405w, https:\/\/thermostar.ch\/wp-content\/uploads\/2022\/12\/Stern_outline-305x305.png 305w, https:\/\/thermostar.ch\/wp-content\/uploads\/2022\/12\/Stern_outline-466x466.png 466w, https:\/\/thermostar.ch\/wp-content\/uploads\/2022\/12\/Stern_outline-480x480.png 480w, https:\/\/thermostar.ch\/wp-content\/uploads\/2022\/12\/Stern_outline-380x380.png 380w, https:\/\/thermostar.ch\/wp-content\/uploads\/2022\/12\/Stern_outline-320x320.png 320w, https:\/\/thermostar.ch\/wp-content\/uploads\/2022\/12\/Stern_outline-280x280.png 280w, https:\/\/thermostar.ch\/wp-content\/uploads\/2022\/12\/Stern_outline-240x240.png 240w, https:\/\/thermostar.ch\/wp-content\/uploads\/2022\/12\/Stern_outline-360x360.png 360w, https:\/\/thermostar.ch\/wp-content\/uploads\/2022\/12\/Stern_outline-460x460.png 460w, https:\/\/thermostar.ch\/wp-content\/uploads\/2022\/12\/Stern_outline-80x80.png 80w, https:\/\/thermostar.ch\/wp-content\/uploads\/2022\/12\/Stern_outline-412x412.png 412w, https:\/\/thermostar.ch\/wp-content\/uploads\/2022\/12\/Stern_outline.png 496w\" \/><\/dt>\n<dd>\n<h6><\/h6>\n<h4 class=\"h6\">Muschio e alterazioni di colore<\/h4>\n<p>Se trovi alterazioni di colore dovute agli agenti atmosferici o addirittura depositi di muschio sulla facciata, sulle sculture in pietra o sulla tua fontana, agguanta allora con fiducia la spazzola triangolare e il tuo Thermostar. Grazie alla pressione e al calore di Thermostar, questi fastidiosi depositi potranno essere eliminati senza veleni e dispendiose pulizie speciali, perch\u00e9 ti baster\u00e0 scorrere lentamente e con cura sulle aree interessate. Se vi \u00e8 anche un problema legato alla presenza di muffa, dopo una meticolosa pulizia ti consigliamo di utilizzare HB Solution per combattere efficacemente le spore!<\/p>\n<\/dd>\n<\/dl>\n<div class=\"acf-fc-column acf-fc-column-1\">\n<h3 style=\"text-align: center;\">Video ambiente esterno<\/h3>\n<\/p><\/div>\n<div class=\"acf-fc-column acf-fc-column-1\">\n<div class=\"video-container\"><iframe loading=\"lazy\" title=\"Reinigung der Au\u00dfenanlagen und Outdoorbereiche - Cleaning of outdoor facilities and outdoor areas\" width=\"1398\" height=\"786\" src=\"https:\/\/www.youtube.com\/embed\/fjtOjlBMvlI?feature=oembed&amp;rel=0&amp;showinfo=0\" frameborder=\"0\" allow=\"accelerometer; autoplay; clipboard-write; encrypted-media; gyroscope; picture-in-picture; web-share\" allowfullscreen><\/iframe><\/div>\n<\/p><\/div>\n","protected":false},"excerpt":{"rendered":"<p>Mobili da giardino luminosi e puliti I primi caldi giorni di primavera sono il momento giusto per dare una rinfrescata alla terrazza o al balcone e prepararsi alla prossima stagione. L&#8217;attesa per le piacevoli ore che si passeranno all&#8217;aperto o in compagnia \u00e8 grande, ma per questo \u00e8 necessario rimuovere la polvere e lo sporco [&hellip;]<\/p>\n","protected":false},"author":5,"featured_media":0,"parent":2405,"menu_order":2,"comment_status":"closed","ping_status":"closed","template":"","meta":{"_acf_changed":false,"footnotes":""},"class_list":["post-2566","page","type-page","status-publish","hentry"],"acf":[],"_links":{"self":[{"href":"https:\/\/thermostar.ch\/it\/wp-json\/wp\/v2\/pages\/2566","targetHints":{"allow":["GET"]}}],"collection":[{"href":"https:\/\/thermostar.ch\/it\/wp-json\/wp\/v2\/pages"}],"about":[{"href":"https:\/\/thermostar.ch\/it\/wp-json\/wp\/v2\/types\/page"}],"author":[{"embeddable":true,"href":"https:\/\/thermostar.ch\/it\/wp-json\/wp\/v2\/users\/5"}],"replies":[{"embeddable":true,"href":"https:\/\/thermostar.ch\/it\/wp-json\/wp\/v2\/comments?post=2566"}],"version-history":[{"count":5,"href":"https:\/\/thermostar.ch\/it\/wp-json\/wp\/v2\/pages\/2566\/revisions"}],"predecessor-version":[{"id":3722,"href":"https:\/\/thermostar.ch\/it\/wp-json\/wp\/v2\/pages\/2566\/revisions\/3722"}],"up":[{"embeddable":true,"href":"https:\/\/thermostar.ch\/it\/wp-json\/wp\/v2\/pages\/2405"}],"wp:attachment":[{"href":"https:\/\/thermostar.ch\/it\/wp-json\/wp\/v2\/media?parent=2566"}],"curies":[{"name":"wp","href":"https:\/\/api.w.org\/{rel}","templated":true}]}}